{"id":124,"date":"2018-10-21T16:18:28","date_gmt":"2018-10-21T14:18:28","guid":{"rendered":"https:\/\/www.wagnerundteam.de\/?page_id=124"},"modified":"2018-10-21T16:18:28","modified_gmt":"2018-10-21T14:18:28","slug":"neurofeedback","status":"publish","type":"page","link":"https:\/\/www.wagnerundteam.de\/ergotherapie\/therapien\/neurofeedback\/","title":{"rendered":"Neurofeedback"},"content":{"rendered":"\n<p>Unter Neurofeedback (NFB) versteht man die R\u00fcckmeldung neurologischer Prozesse im Gehirn. NFB ist eine weltweit eingesetzte, <strong>wissenschaftlich anerkannte Methode<\/strong> zur Messung und zur Verbesserung der Gehirnaktivit\u00e4t und damit der Selbstregulation des Gehirns. Eine Ver\u00e4nderung der messbaren elektrischen Vorg\u00e4nge zeigt eine Ver\u00e4nderung der chemischen Vorg\u00e4nge und somit des Hirnstoffwechsels an. <\/p>\n\n\n\n<p>Ziel ist es durch eine situationsgebundene Optimierung der Hirnstr\u00f6me<\/p>\n\n\n\n<div class=\"wp-block-group\"><div class=\"wp-block-group__inner-container is-layout-flow wp-block-group-is-layout-flow\">\n<ul class=\"wp-block-list\"><li> die Wahrnehmung <\/li><li> das Denken <\/li><li> die Aufmerksamkeit <\/li><li> das Verhalten und das Wohlbefinden <\/li><\/ul>\n<\/div><\/div>\n\n\n\n<p>nachhaltig positiv zu beeinflussen.<\/p>\n\n\n\n<p>NFB ist v\u00f6llig <strong>schmerzfrei <\/strong>und kann Medikamente verringern bzw. zum Absetzen f\u00fchren. Es kann <strong>ab der Schulreife<\/strong> bis ins hohe Alter eingesetzt werden. Die Effekte halten nach regelm\u00e4\u00dfigem Training auch \u00fcber mehrere Monate ohne Training an und werden \u00e4hnlich wie Fahrradfahren oder schwimmen, kaum wieder verlernt.<\/p>\n\n\n\n<h3 class=\"wp-block-heading\">Therapeutische Anwendungsbereiche von NFB<\/h3>\n\n\n\n<div class=\"wp-block-group\"><div class=\"wp-block-group__inner-container is-layout-flow wp-block-group-is-layout-flow\">\n<ul class=\"wp-block-list\"><li>Aufmerksamkeitsdefizit-\/ Hyperaktivit\u00e4tsst\u00f6rung (ADHS)<\/li><li>Epilepsie<\/li><li>Tinnitus<\/li><li>Autismus<\/li><li>Schlaganfall<\/li><li>Suchtkrankheiten (z.B. Alkoholismus)<\/li><li>Tic-St\u00f6rungen, Tourette.Syndrom<\/li><li>Angstst\u00f6rungen<\/li><li>Depressionen<\/li><li>Migr\u00e4ne<\/li><li>Stimmungsschwankungen<\/li><li>Schlafst\u00f6rungen<\/li><\/ul>\n<\/div><\/div>\n\n\n\n<h3 class=\"wp-block-heading\">Wie funktioniert NFB <\/h3>\n\n\n\n<p>Beim Neurofeedback werden die Gehirnstr\u00f6me \u00fcber meist drei Elektroden am Kopf und einen Verst\u00e4rker zu einem Computer geleitet, von diesem gemessen, analysiert, in die einzelnen Frequenzanteile zerlegt und auf dem Bildschirm des Computers dargestellt. Die einzelnen Frequenzen werden als EEG-Wellen dargestellt und widerspiegeln den Bewusstseinszustand (z.B. schlafend, entspannt,aufmerksam, gestresst, \u2026).<\/p>\n\n\n\n<p>Die elektrischen Vorg\u00e4nge im Gehirn sind nicht nur messbar, sondern auch trainierbar.<\/p>\n\n\n\n<p>Durch Animationen werden dem Probanden positive Ver\u00e4nderungenseiner Hirnaktivit\u00e4t sofort Zur\u00fcckgemeldet (Feedback). Sind diese positiv, werden sie belohnt. Sind Sie unerw\u00fcnscht werden sie durch Entzug der Animation bestraft (operantes Konditionieren)Durch eine extrem schnelle R\u00fcckmeldung der unerw\u00fcnschten Hirnaktivit\u00e4t kommt es zu einem Lerneffekt Dieser wird dann in den transferiert.<\/p>\n\n\n\n<p>Dieses Verfahren kann \u00fcber eine ergotherapeutische Verordnung oder auch privat in Anspruch genommen werden.<\/p>\n\n\n\n<figure class=\"wp-block-image\"><img loading=\"lazy\" decoding=\"async\" width=\"1024\" height=\"525\" src=\"https:\/\/www.wagnerundteam.de\/ergotherapie\/wp-content\/uploads\/sites\/4\/2019\/08\/P1015803-1024x525.jpg\" alt=\"\" class=\"wp-image-399\" srcset=\"https:\/\/www.wagnerundteam.de\/ergotherapie\/wp-content\/uploads\/sites\/4\/2019\/08\/P1015803-1024x525.jpg 1024w, https:\/\/www.wagnerundteam.de\/ergotherapie\/wp-content\/uploads\/sites\/4\/2019\/08\/P1015803-300x154.jpg 300w, https:\/\/www.wagnerundteam.de\/ergotherapie\/wp-content\/uploads\/sites\/4\/2019\/08\/P1015803-768x393.jpg 768w, https:\/\/www.wagnerundteam.de\/ergotherapie\/wp-content\/uploads\/sites\/4\/2019\/08\/P1015803-1536x787.jpg 1536w, https:\/\/www.wagnerundteam.de\/ergotherapie\/wp-content\/uploads\/sites\/4\/2019\/08\/P1015803-2048x1049.jpg 2048w\" sizes=\"auto, (max-width: 767px) 89vw, (max-width: 1000px) 54vw, (max-width: 1071px) 543px, 580px\" \/><\/figure>\n\n\n\n<p><a href=\"https:\/\/www.wagnerundteam.de\/\" rel=\"nofollow\">Zur\u00fcck zur Startseite<\/a><\/p>\n","protected":false},"excerpt":{"rendered":"<p>Unter Neurofeedback (NFB) versteht man die R\u00fcckmeldung neurologischer Prozesse im Gehirn. NFB ist eine weltweit eingesetzte, wissenschaftlich anerkannte Methode zur Messung und zur Verbesserung der Gehirnaktivit\u00e4t und damit der Selbstregulation des Gehirns. Eine Ver\u00e4nderung der messbaren elektrischen Vorg\u00e4nge zeigt eine Ver\u00e4nderung der chemischen Vorg\u00e4nge und somit des Hirnstoffwechsels an. Ziel ist es durch eine situationsgebundene &hellip; <\/p>\n<p class=\"link-more\"><a href=\"https:\/\/www.wagnerundteam.de\/ergotherapie\/therapien\/neurofeedback\/\" class=\"more-link\"><span class=\"screen-reader-text\">\u201eNeurofeedback\u201c<\/span> weiterlesen<\/a><\/p>\n","protected":false},"author":1,"featured_media":0,"parent":292,"menu_order":6,"comment_status":"closed","ping_status":"closed","template":"","meta":{"ngg_post_thumbnail":0,"footnotes":""},"class_list":["post-124","page","type-page","status-publish","hentry"],"yoast_head":"<!-- This site is optimized with the Yoast SEO plugin v27.5 - https:\/\/yoast.com\/product\/yoast-seo-wordpress\/ -->\n<title>Neurofeedback - Praxis f\u00fcr Ergotherapie Wagner &amp; Team - Berlin Friedrichsfelde Lichtenberg Friedrichshain<\/title>\n<meta name=\"description\" content=\"In unserer Praxis bieten wir Neurofeedback durch spezialisierte und geschulte Ergotherapeuten\/innen an. Sprechen Sie uns gerne auch pers\u00f6nlich an.\" \/>\n<meta name=\"robots\" content=\"index, follow, max-snippet:-1, max-image-preview:large, max-video-preview:-1\" \/>\n<link rel=\"canonical\" href=\"https:\/\/www.wagnerundteam.de\/ergotherapie\/therapien\/neurofeedback\/\" \/>\n<meta property=\"og:locale\" content=\"de_DE\" \/>\n<meta property=\"og:type\" content=\"article\" \/>\n<meta property=\"og:title\" content=\"Neurofeedback - Praxis f\u00fcr Ergotherapie Wagner &amp; Team - Berlin Friedrichsfelde Lichtenberg Friedrichshain\" \/>\n<meta property=\"og:description\" content=\"In unserer Praxis bieten wir Neurofeedback durch spezialisierte und geschulte Ergotherapeuten\/innen an. Sprechen Sie uns gerne auch pers\u00f6nlich an.\" \/>\n<meta property=\"og:url\" content=\"https:\/\/www.wagnerundteam.de\/ergotherapie\/therapien\/neurofeedback\/\" \/>\n<meta property=\"og:site_name\" content=\"Praxis f\u00fcr Ergotherapie Wagner &amp; Team - Berlin Friedrichsfelde Lichtenberg Friedrichshain\" \/>\n<meta property=\"og:image\" content=\"https:\/\/www.wagnerundteam.de\/ergotherapie\/wp-content\/uploads\/sites\/4\/2019\/08\/P1015803-1024x525.jpg\" \/>\n<meta name=\"twitter:card\" content=\"summary_large_image\" \/>\n<meta name=\"twitter:label1\" content=\"Gesch\u00e4tzte Lesezeit\" \/>\n\t<meta name=\"twitter:data1\" content=\"2\u00a0Minuten\" \/>\n<script type=\"application\/ld+json\" class=\"yoast-schema-graph\">{\"@context\":\"https:\\\/\\\/schema.org\",\"@graph\":[{\"@type\":\"WebPage\",\"@id\":\"https:\\\/\\\/www.wagnerundteam.de\\\/ergotherapie\\\/therapien\\\/neurofeedback\\\/\",\"url\":\"https:\\\/\\\/www.wagnerundteam.de\\\/ergotherapie\\\/therapien\\\/neurofeedback\\\/\",\"name\":\"Neurofeedback - Praxis f\u00fcr Ergotherapie Wagner &amp; Team - Berlin Friedrichsfelde Lichtenberg Friedrichshain\",\"isPartOf\":{\"@id\":\"https:\\\/\\\/www.wagnerundteam.de\\\/ergotherapie\\\/#website\"},\"primaryImageOfPage\":{\"@id\":\"https:\\\/\\\/www.wagnerundteam.de\\\/ergotherapie\\\/therapien\\\/neurofeedback\\\/#primaryimage\"},\"image\":{\"@id\":\"https:\\\/\\\/www.wagnerundteam.de\\\/ergotherapie\\\/therapien\\\/neurofeedback\\\/#primaryimage\"},\"thumbnailUrl\":\"https:\\\/\\\/www.wagnerundteam.de\\\/ergotherapie\\\/wp-content\\\/uploads\\\/sites\\\/4\\\/2019\\\/08\\\/P1015803-1024x525.jpg\",\"datePublished\":\"2018-10-21T14:18:28+00:00\",\"description\":\"In unserer Praxis bieten wir Neurofeedback durch spezialisierte und geschulte Ergotherapeuten\\\/innen an. Sprechen Sie uns gerne auch pers\u00f6nlich an.\",\"breadcrumb\":{\"@id\":\"https:\\\/\\\/www.wagnerundteam.de\\\/ergotherapie\\\/therapien\\\/neurofeedback\\\/#breadcrumb\"},\"inLanguage\":\"de\",\"potentialAction\":[{\"@type\":\"ReadAction\",\"target\":[\"https:\\\/\\\/www.wagnerundteam.de\\\/ergotherapie\\\/therapien\\\/neurofeedback\\\/\"]}]},{\"@type\":\"ImageObject\",\"inLanguage\":\"de\",\"@id\":\"https:\\\/\\\/www.wagnerundteam.de\\\/ergotherapie\\\/therapien\\\/neurofeedback\\\/#primaryimage\",\"url\":\"https:\\\/\\\/www.wagnerundteam.de\\\/ergotherapie\\\/wp-content\\\/uploads\\\/sites\\\/4\\\/2019\\\/08\\\/P1015803-scaled.jpg\",\"contentUrl\":\"https:\\\/\\\/www.wagnerundteam.de\\\/ergotherapie\\\/wp-content\\\/uploads\\\/sites\\\/4\\\/2019\\\/08\\\/P1015803-scaled.jpg\",\"width\":2560,\"height\":1312,\"caption\":\"OLYMPUS DIGITAL CAMERA\"},{\"@type\":\"BreadcrumbList\",\"@id\":\"https:\\\/\\\/www.wagnerundteam.de\\\/ergotherapie\\\/therapien\\\/neurofeedback\\\/#breadcrumb\",\"itemListElement\":[{\"@type\":\"ListItem\",\"position\":1,\"name\":\"Startseite\",\"item\":\"https:\\\/\\\/www.wagnerundteam.de\\\/ergotherapie\\\/\"},{\"@type\":\"ListItem\",\"position\":2,\"name\":\"Therapien\",\"item\":\"https:\\\/\\\/www.wagnerundteam.de\\\/ergotherapie\\\/therapien\\\/\"},{\"@type\":\"ListItem\",\"position\":3,\"name\":\"Neurofeedback\"}]},{\"@type\":\"WebSite\",\"@id\":\"https:\\\/\\\/www.wagnerundteam.de\\\/ergotherapie\\\/#website\",\"url\":\"https:\\\/\\\/www.wagnerundteam.de\\\/ergotherapie\\\/\",\"name\":\"Praxis f\u00fcr Ergotherapie Wagner &amp; Team - Berlin Friedrichsfelde Lichtenberg Friedrichshain\",\"description\":\"Ihre Ergotherapeuten Praxis am Tierpark in Berlin\",\"publisher\":{\"@id\":\"https:\\\/\\\/www.wagnerundteam.de\\\/ergotherapie\\\/#organization\"},\"potentialAction\":[{\"@type\":\"SearchAction\",\"target\":{\"@type\":\"EntryPoint\",\"urlTemplate\":\"https:\\\/\\\/www.wagnerundteam.de\\\/ergotherapie\\\/?s={search_term_string}\"},\"query-input\":{\"@type\":\"PropertyValueSpecification\",\"valueRequired\":true,\"valueName\":\"search_term_string\"}}],\"inLanguage\":\"de\"},{\"@type\":\"Organization\",\"@id\":\"https:\\\/\\\/www.wagnerundteam.de\\\/ergotherapie\\\/#organization\",\"name\":\"Praxis f\u00fcr Ergotherapie Wagner &amp; Team - Berlin Friedrichsfelde Lichtenberg Friedrichshain\",\"url\":\"https:\\\/\\\/www.wagnerundteam.de\\\/ergotherapie\\\/\",\"logo\":{\"@type\":\"ImageObject\",\"inLanguage\":\"de\",\"@id\":\"https:\\\/\\\/www.wagnerundteam.de\\\/ergotherapie\\\/#\\\/schema\\\/logo\\\/image\\\/\",\"url\":\"https:\\\/\\\/www.wagnerundteam.de\\\/ergotherapie\\\/wp-content\\\/uploads\\\/sites\\\/4\\\/2018\\\/08\\\/cropped-LOGO_hoch.png\",\"contentUrl\":\"https:\\\/\\\/www.wagnerundteam.de\\\/ergotherapie\\\/wp-content\\\/uploads\\\/sites\\\/4\\\/2018\\\/08\\\/cropped-LOGO_hoch.png\",\"width\":1140,\"height\":250,\"caption\":\"Praxis f\u00fcr Ergotherapie Wagner &amp; Team - Berlin Friedrichsfelde Lichtenberg Friedrichshain\"},\"image\":{\"@id\":\"https:\\\/\\\/www.wagnerundteam.de\\\/ergotherapie\\\/#\\\/schema\\\/logo\\\/image\\\/\"}}]}<\/script>\n<!-- \/ Yoast SEO plugin. -->","yoast_head_json":{"title":"Neurofeedback - Praxis f\u00fcr Ergotherapie Wagner &amp; Team - Berlin Friedrichsfelde Lichtenberg Friedrichshain","description":"In unserer Praxis bieten wir Neurofeedback durch spezialisierte und geschulte Ergotherapeuten\/innen an. Sprechen Sie uns gerne auch pers\u00f6nlich an.","robots":{"index":"index","follow":"follow","max-snippet":"max-snippet:-1","max-image-preview":"max-image-preview:large","max-video-preview":"max-video-preview:-1"},"canonical":"https:\/\/www.wagnerundteam.de\/ergotherapie\/therapien\/neurofeedback\/","og_locale":"de_DE","og_type":"article","og_title":"Neurofeedback - Praxis f\u00fcr Ergotherapie Wagner &amp; Team - Berlin Friedrichsfelde Lichtenberg Friedrichshain","og_description":"In unserer Praxis bieten wir Neurofeedback durch spezialisierte und geschulte Ergotherapeuten\/innen an. Sprechen Sie uns gerne auch pers\u00f6nlich an.","og_url":"https:\/\/www.wagnerundteam.de\/ergotherapie\/therapien\/neurofeedback\/","og_site_name":"Praxis f\u00fcr Ergotherapie Wagner &amp; Team - Berlin Friedrichsfelde Lichtenberg Friedrichshain","og_image":[{"url":"https:\/\/www.wagnerundteam.de\/ergotherapie\/wp-content\/uploads\/sites\/4\/2019\/08\/P1015803-1024x525.jpg","type":"","width":"","height":""}],"twitter_card":"summary_large_image","twitter_misc":{"Gesch\u00e4tzte Lesezeit":"2\u00a0Minuten"},"schema":{"@context":"https:\/\/schema.org","@graph":[{"@type":"WebPage","@id":"https:\/\/www.wagnerundteam.de\/ergotherapie\/therapien\/neurofeedback\/","url":"https:\/\/www.wagnerundteam.de\/ergotherapie\/therapien\/neurofeedback\/","name":"Neurofeedback - Praxis f\u00fcr Ergotherapie Wagner &amp; Team - Berlin Friedrichsfelde Lichtenberg Friedrichshain","isPartOf":{"@id":"https:\/\/www.wagnerundteam.de\/ergotherapie\/#website"},"primaryImageOfPage":{"@id":"https:\/\/www.wagnerundteam.de\/ergotherapie\/therapien\/neurofeedback\/#primaryimage"},"image":{"@id":"https:\/\/www.wagnerundteam.de\/ergotherapie\/therapien\/neurofeedback\/#primaryimage"},"thumbnailUrl":"https:\/\/www.wagnerundteam.de\/ergotherapie\/wp-content\/uploads\/sites\/4\/2019\/08\/P1015803-1024x525.jpg","datePublished":"2018-10-21T14:18:28+00:00","description":"In unserer Praxis bieten wir Neurofeedback durch spezialisierte und geschulte Ergotherapeuten\/innen an. Sprechen Sie uns gerne auch pers\u00f6nlich an.","breadcrumb":{"@id":"https:\/\/www.wagnerundteam.de\/ergotherapie\/therapien\/neurofeedback\/#breadcrumb"},"inLanguage":"de","potentialAction":[{"@type":"ReadAction","target":["https:\/\/www.wagnerundteam.de\/ergotherapie\/therapien\/neurofeedback\/"]}]},{"@type":"ImageObject","inLanguage":"de","@id":"https:\/\/www.wagnerundteam.de\/ergotherapie\/therapien\/neurofeedback\/#primaryimage","url":"https:\/\/www.wagnerundteam.de\/ergotherapie\/wp-content\/uploads\/sites\/4\/2019\/08\/P1015803-scaled.jpg","contentUrl":"https:\/\/www.wagnerundteam.de\/ergotherapie\/wp-content\/uploads\/sites\/4\/2019\/08\/P1015803-scaled.jpg","width":2560,"height":1312,"caption":"OLYMPUS DIGITAL CAMERA"},{"@type":"BreadcrumbList","@id":"https:\/\/www.wagnerundteam.de\/ergotherapie\/therapien\/neurofeedback\/#breadcrumb","itemListElement":[{"@type":"ListItem","position":1,"name":"Startseite","item":"https:\/\/www.wagnerundteam.de\/ergotherapie\/"},{"@type":"ListItem","position":2,"name":"Therapien","item":"https:\/\/www.wagnerundteam.de\/ergotherapie\/therapien\/"},{"@type":"ListItem","position":3,"name":"Neurofeedback"}]},{"@type":"WebSite","@id":"https:\/\/www.wagnerundteam.de\/ergotherapie\/#website","url":"https:\/\/www.wagnerundteam.de\/ergotherapie\/","name":"Praxis f\u00fcr Ergotherapie Wagner &amp; Team - Berlin Friedrichsfelde Lichtenberg Friedrichshain","description":"Ihre Ergotherapeuten Praxis am Tierpark in Berlin","publisher":{"@id":"https:\/\/www.wagnerundteam.de\/ergotherapie\/#organization"},"potentialAction":[{"@type":"SearchAction","target":{"@type":"EntryPoint","urlTemplate":"https:\/\/www.wagnerundteam.de\/ergotherapie\/?s={search_term_string}"},"query-input":{"@type":"PropertyValueSpecification","valueRequired":true,"valueName":"search_term_string"}}],"inLanguage":"de"},{"@type":"Organization","@id":"https:\/\/www.wagnerundteam.de\/ergotherapie\/#organization","name":"Praxis f\u00fcr Ergotherapie Wagner &amp; Team - Berlin Friedrichsfelde Lichtenberg Friedrichshain","url":"https:\/\/www.wagnerundteam.de\/ergotherapie\/","logo":{"@type":"ImageObject","inLanguage":"de","@id":"https:\/\/www.wagnerundteam.de\/ergotherapie\/#\/schema\/logo\/image\/","url":"https:\/\/www.wagnerundteam.de\/ergotherapie\/wp-content\/uploads\/sites\/4\/2018\/08\/cropped-LOGO_hoch.png","contentUrl":"https:\/\/www.wagnerundteam.de\/ergotherapie\/wp-content\/uploads\/sites\/4\/2018\/08\/cropped-LOGO_hoch.png","width":1140,"height":250,"caption":"Praxis f\u00fcr Ergotherapie Wagner &amp; Team - Berlin Friedrichsfelde Lichtenberg Friedrichshain"},"image":{"@id":"https:\/\/www.wagnerundteam.de\/ergotherapie\/#\/schema\/logo\/image\/"}}]}},"_links":{"self":[{"href":"https:\/\/www.wagnerundteam.de\/ergotherapie\/wp-json\/wp\/v2\/pages\/124","targetHints":{"allow":["GET"]}}],"collection":[{"href":"https:\/\/www.wagnerundteam.de\/ergotherapie\/wp-json\/wp\/v2\/pages"}],"about":[{"href":"https:\/\/www.wagnerundteam.de\/ergotherapie\/wp-json\/wp\/v2\/types\/page"}],"author":[{"embeddable":true,"href":"https:\/\/www.wagnerundteam.de\/ergotherapie\/wp-json\/wp\/v2\/users\/1"}],"replies":[{"embeddable":true,"href":"https:\/\/www.wagnerundteam.de\/ergotherapie\/wp-json\/wp\/v2\/comments?post=124"}],"version-history":[{"count":0,"href":"https:\/\/www.wagnerundteam.de\/ergotherapie\/wp-json\/wp\/v2\/pages\/124\/revisions"}],"up":[{"embeddable":true,"href":"https:\/\/www.wagnerundteam.de\/ergotherapie\/wp-json\/wp\/v2\/pages\/292"}],"wp:attachment":[{"href":"https:\/\/www.wagnerundteam.de\/ergotherapie\/wp-json\/wp\/v2\/media?parent=124"}],"curies":[{"name":"wp","href":"https:\/\/api.w.org\/{rel}","templated":true}]}}