{"id":277,"date":"2019-01-15T07:46:13","date_gmt":"2019-01-15T06:46:13","guid":{"rendered":"https:\/\/www.wagnerundteam.de\/?page_id=277"},"modified":"2019-01-15T07:46:13","modified_gmt":"2019-01-15T06:46:13","slug":"impressum","status":"publish","type":"page","link":"https:\/\/www.wagnerundteam.de\/ergotherapie\/impressum\/","title":{"rendered":"Impressum"},"content":{"rendered":"\n<h1>Impressum<\/h1>\n<h2>Angaben gem\u00e4\u00df \u00a7 5 TMG<\/h2>\n<p>Katrin Wagner<br>\nPraxis f\u00fcr Ergotherapie Wagner &amp; Team<br>\nAm Tierpark 31a<br>\n10315 Berlin<\/p>\n<h2>Kontakt<\/h2>\n<p>Telefon: +49 (0) 30 51 73 61 11<br>\nTelefax: +49 (0) 30 51 73 61 21<br>\nE-Mail: info@wagnerundteam.de<\/p>\n<h2>Aufsichtsbeh\u00f6rde<\/h2>\n<p> Landesamt f\u00fcr Gesundheit und Soziales Berlin<br>\nTurmstra\u00dfe 21<br>\n10559 Berlin<\/p>\n<p><a href=\"https:\/\/www.berlin.de\/lageso\/\" target=\"_blank\" rel=\"noopener\">https:\/\/www.berlin.de\/lageso\/<\/a><\/p>\n<h2>Berufsbezeichnung und berufsrechtliche Regelungen<\/h2>\n<p>Berufsbezeichnung: Ergotherapeuten<br>\nZust\u00e4ndige Kammer: Deutscher Verband der Ergotherapeuten e.V.<br>\nVerliehen durch: Bundesrepublik Deutschland<br>\nEs gelten folgende berufsrechtliche Regelungen: ErgThG (Ergotherapeutengesetz)<br>\nRegelungen einsehbar unter: <a href=\"https:\/\/www.gesetze-im-internet.de\/bearbthg\/BJNR012460976.html\" target=\"_blank\" rel=\"noopener\">https:\/\/www.gesetze-im-internet.de\/bearbthg\/BJNR012460976.html<\/a><\/p>\n<p>Die Praxis f\u00fcr Ergotherapie Wagner &amp; Team ist gem\u00e4\u00df \u00a7 124 SGB V f\u00fcr die Abgabe ergotherapeutischer Leistung zugelassen.<\/p>\n<h2>Angaben zur Berufshaftpflichtversicherung<\/h2>\n<p><strong>Name und Sitz des Versicherers:<\/strong><br>\nDEVK Allgemeine Versicherungs-AG <br>\nRiehler Stra\u00dfe 190, 50735 K\u00f6ln<br>\nPostfach 68 02 89, 50705 K\u00f6ln<\/p>\n<p><strong>Geltungsraum der Versicherung:<\/strong><br>Deutschland<\/p>\n<h2>Streitschlichtung<\/h2>\n<p>Die Europ\u00e4ische Kommission stellt eine Plattform zur Online-Streitbeilegung (OS) bereit: <a href=\"https:\/\/ec.europa.eu\/consumers\/odr\" target=\"_blank\" rel=\"noopener\">https:\/\/ec.europa.eu\/consumers\/odr<\/a>.<br>\nUnsere E-Mail-Adresse finden Sie oben im Impressum.<\/p>\n<p>Wir sind nicht bereit oder verpflichtet, an Streitbeilegungsverfahren vor einer Verbraucherschlichtungsstelle teilzunehmen.<\/p>\n<h3>Haftung f\u00fcr Inhalte<\/h3>\n<p>Als Diensteanbieter sind wir gem\u00e4\u00df \u00a7 7 Abs.1 TMG f\u00fcr eigene Inhalte auf diesen Seiten nach den allgemeinen Gesetzen verantwortlich. Nach \u00a7\u00a7 8 bis 10 TMG sind wir als Diensteanbieter jedoch nicht verpflichtet, \u00fcbermittelte oder gespeicherte fremde Informationen zu \u00fcberwachen oder nach Umst\u00e4nden zu\nforschen, die auf eine rechtswidrige T\u00e4tigkeit hinweisen.<\/p>\n<p>Verpflichtungen zur Entfernung oder Sperrung der Nutzung von Informationen nach den allgemeinen Gesetzen bleiben hiervon unber\u00fchrt. Eine diesbez\u00fcgliche Haftung ist jedoch erst ab dem Zeitpunkt der \nKenntnis einer konkreten Rechtsverletzung m\u00f6glich. Bei Bekanntwerden von entsprechenden Rechtsverletzungen werden wir diese Inhalte umgehend entfernen.<\/p>\n<h3>Haftung f\u00fcr Links<\/h3>\n<p>Unser Angebot enth\u00e4lt Links zu externen Websites Dritter, auf deren Inhalte wir keinen Einfluss haben.\nDeshalb k\u00f6nnen wir f\u00fcr diese fremden Inhalte auch keine Gew\u00e4hr \u00fcbernehmen. F\u00fcr die Inhalte der\nverlinkten Seiten ist stets der jeweilige Anbieter oder Betreiber der Seiten verantwortlich. Die verlinkten\nSeiten wurden zum Zeitpunkt der Verlinkung auf m\u00f6gliche Rechtsverst\u00f6\u00dfe \u00fcberpr\u00fcft. Rechtswidrige Inhalte\nwaren zum Zeitpunkt der Verlinkung nicht erkennbar.<\/p>\n<p>Eine permanente inhaltliche Kontrolle der verlinkten Seiten ist jedoch ohne konkrete Anhaltspunkte einer\nRechtsverletzung nicht zumutbar. Bei Bekanntwerden von Rechtsverletzungen werden wir derartige Links\numgehend entfernen.<\/p>\n<h3>Urheberrecht<\/h3>\n<p>Die durch die Seitenbetreiber erstellten Inhalte und Werke auf diesen Seiten unterliegen dem deutschen\nUrheberrecht. Die Vervielf\u00e4ltigung, Bearbeitung, Verbreitung und jede Art der Verwertung au\u00dferhalb der\nGrenzen des Urheberrechtes bed\u00fcrfen der schriftlichen Zustimmung des jeweiligen Autors bzw. Erstellers.\nDownloads und Kopien dieser Seite sind nur f\u00fcr den privaten, nicht kommerziellen Gebrauch gestattet.<\/p>\n<p>Soweit die Inhalte auf dieser Seite nicht vom Betreiber erstellt wurden, werden die Urheberrechte Dritter\nbeachtet. Insbesondere werden Inhalte Dritter als solche gekennzeichnet. Sollten Sie trotzdem auf eine\nUrheberrechtsverletzung aufmerksam werden, bitten wir um einen entsprechenden Hinweis. Bei\nBekanntwerden von Rechtsverletzungen werden wir derartige Inhalte umgehend entfernen.<\/p>\n<p>Quelle:<br>\n<a href=\"https:\/\/www.e-recht24.de\" target=\"_blank\" rel=\"noopener\">eRecht24<\/a><\/p>\n","protected":false},"excerpt":{"rendered":"<p>Impressum Angaben gem\u00e4\u00df \u00a7 5 TMG Katrin Wagner Praxis f\u00fcr Ergotherapie Wagner &amp; Team Am Tierpark 31a 10315 Berlin Kontakt Telefon: +49 (0) 30 51 73 61 11 Telefax: +49 (0) 30 51 73 61 21 E-Mail: info@wagnerundteam.de Aufsichtsbeh\u00f6rde Landesamt f\u00fcr Gesundheit und Soziales Berlin Turmstra\u00dfe 21 10559 Berlin https:\/\/www.berlin.de\/lageso\/ Berufsbezeichnung und berufsrechtliche Regelungen Berufsbezeichnung: &hellip; <\/p>\n<p class=\"link-more\"><a href=\"https:\/\/www.wagnerundteam.de\/ergotherapie\/impressum\/\" class=\"more-link\"><span class=\"screen-reader-text\">\u201eImpressum\u201c<\/span> weiterlesen<\/a><\/p>\n","protected":false},"author":1,"featured_media":0,"parent":0,"menu_order":0,"comment_status":"closed","ping_status":"closed","template":"","meta":{"ngg_post_thumbnail":0,"footnotes":""},"class_list":["post-277","page","type-page","status-publish","hentry"],"yoast_head":"<!-- This site is optimized with the Yoast SEO plugin v27.4 - https:\/\/yoast.com\/product\/yoast-seo-wordpress\/ -->\n<title>Impressum - Praxis f\u00fcr Ergotherapie Wagner &amp; Team - Berlin Friedrichsfelde Lichtenberg Friedrichshain<\/title>\n<meta name=\"robots\" content=\"index, follow, max-snippet:-1, max-image-preview:large, max-video-preview:-1\" \/>\n<link rel=\"canonical\" href=\"https:\/\/www.wagnerundteam.de\/ergotherapie\/impressum\/\" \/>\n<meta property=\"og:locale\" content=\"de_DE\" \/>\n<meta property=\"og:type\" content=\"article\" \/>\n<meta property=\"og:title\" content=\"Impressum - Praxis f\u00fcr Ergotherapie Wagner &amp; Team - Berlin Friedrichsfelde Lichtenberg Friedrichshain\" \/>\n<meta property=\"og:description\" content=\"Impressum Angaben gem\u00e4\u00df \u00a7 5 TMG Katrin Wagner Praxis f\u00fcr Ergotherapie Wagner &amp; Team Am Tierpark 31a 10315 Berlin Kontakt Telefon: +49 (0) 30 51 73 61 11 Telefax: +49 (0) 30 51 73 61 21 E-Mail: info@wagnerundteam.de Aufsichtsbeh\u00f6rde Landesamt f\u00fcr Gesundheit und Soziales Berlin Turmstra\u00dfe 21 10559 Berlin https:\/\/www.berlin.de\/lageso\/ Berufsbezeichnung und berufsrechtliche Regelungen Berufsbezeichnung: &hellip; \u201eImpressum\u201c weiterlesen\" \/>\n<meta property=\"og:url\" content=\"https:\/\/www.wagnerundteam.de\/ergotherapie\/impressum\/\" \/>\n<meta property=\"og:site_name\" content=\"Praxis f\u00fcr Ergotherapie Wagner &amp; Team - Berlin Friedrichsfelde Lichtenberg Friedrichshain\" \/>\n<meta name=\"twitter:card\" content=\"summary_large_image\" \/>\n<meta name=\"twitter:label1\" content=\"Gesch\u00e4tzte Lesezeit\" \/>\n\t<meta name=\"twitter:data1\" content=\"2\u00a0Minuten\" \/>\n<script type=\"application\/ld+json\" class=\"yoast-schema-graph\">{\"@context\":\"https:\\\/\\\/schema.org\",\"@graph\":[{\"@type\":\"WebPage\",\"@id\":\"https:\\\/\\\/www.wagnerundteam.de\\\/ergotherapie\\\/impressum\\\/\",\"url\":\"https:\\\/\\\/www.wagnerundteam.de\\\/ergotherapie\\\/impressum\\\/\",\"name\":\"Impressum - Praxis f\u00fcr Ergotherapie Wagner &amp; Team - Berlin Friedrichsfelde Lichtenberg Friedrichshain\",\"isPartOf\":{\"@id\":\"https:\\\/\\\/www.wagnerundteam.de\\\/ergotherapie\\\/#website\"},\"datePublished\":\"2019-01-15T06:46:13+00:00\",\"breadcrumb\":{\"@id\":\"https:\\\/\\\/www.wagnerundteam.de\\\/ergotherapie\\\/impressum\\\/#breadcrumb\"},\"inLanguage\":\"de\",\"potentialAction\":[{\"@type\":\"ReadAction\",\"target\":[\"https:\\\/\\\/www.wagnerundteam.de\\\/ergotherapie\\\/impressum\\\/\"]}]},{\"@type\":\"BreadcrumbList\",\"@id\":\"https:\\\/\\\/www.wagnerundteam.de\\\/ergotherapie\\\/impressum\\\/#breadcrumb\",\"itemListElement\":[{\"@type\":\"ListItem\",\"position\":1,\"name\":\"Startseite\",\"item\":\"https:\\\/\\\/www.wagnerundteam.de\\\/ergotherapie\\\/\"},{\"@type\":\"ListItem\",\"position\":2,\"name\":\"Impressum\"}]},{\"@type\":\"WebSite\",\"@id\":\"https:\\\/\\\/www.wagnerundteam.de\\\/ergotherapie\\\/#website\",\"url\":\"https:\\\/\\\/www.wagnerundteam.de\\\/ergotherapie\\\/\",\"name\":\"Praxis f\u00fcr Ergotherapie Wagner &amp; Team - Berlin Friedrichsfelde Lichtenberg Friedrichshain\",\"description\":\"Ihre Ergotherapeuten Praxis am Tierpark in Berlin\",\"publisher\":{\"@id\":\"https:\\\/\\\/www.wagnerundteam.de\\\/ergotherapie\\\/#organization\"},\"potentialAction\":[{\"@type\":\"SearchAction\",\"target\":{\"@type\":\"EntryPoint\",\"urlTemplate\":\"https:\\\/\\\/www.wagnerundteam.de\\\/ergotherapie\\\/?s={search_term_string}\"},\"query-input\":{\"@type\":\"PropertyValueSpecification\",\"valueRequired\":true,\"valueName\":\"search_term_string\"}}],\"inLanguage\":\"de\"},{\"@type\":\"Organization\",\"@id\":\"https:\\\/\\\/www.wagnerundteam.de\\\/ergotherapie\\\/#organization\",\"name\":\"Praxis f\u00fcr Ergotherapie Wagner &amp; Team - Berlin Friedrichsfelde Lichtenberg Friedrichshain\",\"url\":\"https:\\\/\\\/www.wagnerundteam.de\\\/ergotherapie\\\/\",\"logo\":{\"@type\":\"ImageObject\",\"inLanguage\":\"de\",\"@id\":\"https:\\\/\\\/www.wagnerundteam.de\\\/ergotherapie\\\/#\\\/schema\\\/logo\\\/image\\\/\",\"url\":\"https:\\\/\\\/www.wagnerundteam.de\\\/ergotherapie\\\/wp-content\\\/uploads\\\/sites\\\/4\\\/2018\\\/08\\\/cropped-LOGO_hoch.png\",\"contentUrl\":\"https:\\\/\\\/www.wagnerundteam.de\\\/ergotherapie\\\/wp-content\\\/uploads\\\/sites\\\/4\\\/2018\\\/08\\\/cropped-LOGO_hoch.png\",\"width\":1140,\"height\":250,\"caption\":\"Praxis f\u00fcr Ergotherapie Wagner &amp; Team - Berlin Friedrichsfelde Lichtenberg Friedrichshain\"},\"image\":{\"@id\":\"https:\\\/\\\/www.wagnerundteam.de\\\/ergotherapie\\\/#\\\/schema\\\/logo\\\/image\\\/\"}}]}<\/script>\n<!-- \/ Yoast SEO plugin. -->","yoast_head_json":{"title":"Impressum - Praxis f\u00fcr Ergotherapie Wagner &amp; Team - Berlin Friedrichsfelde Lichtenberg Friedrichshain","robots":{"index":"index","follow":"follow","max-snippet":"max-snippet:-1","max-image-preview":"max-image-preview:large","max-video-preview":"max-video-preview:-1"},"canonical":"https:\/\/www.wagnerundteam.de\/ergotherapie\/impressum\/","og_locale":"de_DE","og_type":"article","og_title":"Impressum - Praxis f\u00fcr Ergotherapie Wagner &amp; Team - Berlin Friedrichsfelde Lichtenberg Friedrichshain","og_description":"Impressum Angaben gem\u00e4\u00df \u00a7 5 TMG Katrin Wagner Praxis f\u00fcr Ergotherapie Wagner &amp; Team Am Tierpark 31a 10315 Berlin Kontakt Telefon: +49 (0) 30 51 73 61 11 Telefax: +49 (0) 30 51 73 61 21 E-Mail: info@wagnerundteam.de Aufsichtsbeh\u00f6rde Landesamt f\u00fcr Gesundheit und Soziales Berlin Turmstra\u00dfe 21 10559 Berlin https:\/\/www.berlin.de\/lageso\/ Berufsbezeichnung und berufsrechtliche Regelungen Berufsbezeichnung: &hellip; \u201eImpressum\u201c weiterlesen","og_url":"https:\/\/www.wagnerundteam.de\/ergotherapie\/impressum\/","og_site_name":"Praxis f\u00fcr Ergotherapie Wagner &amp; Team - Berlin Friedrichsfelde Lichtenberg Friedrichshain","twitter_card":"summary_large_image","twitter_misc":{"Gesch\u00e4tzte Lesezeit":"2\u00a0Minuten"},"schema":{"@context":"https:\/\/schema.org","@graph":[{"@type":"WebPage","@id":"https:\/\/www.wagnerundteam.de\/ergotherapie\/impressum\/","url":"https:\/\/www.wagnerundteam.de\/ergotherapie\/impressum\/","name":"Impressum - Praxis f\u00fcr Ergotherapie Wagner &amp; Team - Berlin Friedrichsfelde Lichtenberg Friedrichshain","isPartOf":{"@id":"https:\/\/www.wagnerundteam.de\/ergotherapie\/#website"},"datePublished":"2019-01-15T06:46:13+00:00","breadcrumb":{"@id":"https:\/\/www.wagnerundteam.de\/ergotherapie\/impressum\/#breadcrumb"},"inLanguage":"de","potentialAction":[{"@type":"ReadAction","target":["https:\/\/www.wagnerundteam.de\/ergotherapie\/impressum\/"]}]},{"@type":"BreadcrumbList","@id":"https:\/\/www.wagnerundteam.de\/ergotherapie\/impressum\/#breadcrumb","itemListElement":[{"@type":"ListItem","position":1,"name":"Startseite","item":"https:\/\/www.wagnerundteam.de\/ergotherapie\/"},{"@type":"ListItem","position":2,"name":"Impressum"}]},{"@type":"WebSite","@id":"https:\/\/www.wagnerundteam.de\/ergotherapie\/#website","url":"https:\/\/www.wagnerundteam.de\/ergotherapie\/","name":"Praxis f\u00fcr Ergotherapie Wagner &amp; Team - Berlin Friedrichsfelde Lichtenberg Friedrichshain","description":"Ihre Ergotherapeuten Praxis am Tierpark in Berlin","publisher":{"@id":"https:\/\/www.wagnerundteam.de\/ergotherapie\/#organization"},"potentialAction":[{"@type":"SearchAction","target":{"@type":"EntryPoint","urlTemplate":"https:\/\/www.wagnerundteam.de\/ergotherapie\/?s={search_term_string}"},"query-input":{"@type":"PropertyValueSpecification","valueRequired":true,"valueName":"search_term_string"}}],"inLanguage":"de"},{"@type":"Organization","@id":"https:\/\/www.wagnerundteam.de\/ergotherapie\/#organization","name":"Praxis f\u00fcr Ergotherapie Wagner &amp; Team - Berlin Friedrichsfelde Lichtenberg Friedrichshain","url":"https:\/\/www.wagnerundteam.de\/ergotherapie\/","logo":{"@type":"ImageObject","inLanguage":"de","@id":"https:\/\/www.wagnerundteam.de\/ergotherapie\/#\/schema\/logo\/image\/","url":"https:\/\/www.wagnerundteam.de\/ergotherapie\/wp-content\/uploads\/sites\/4\/2018\/08\/cropped-LOGO_hoch.png","contentUrl":"https:\/\/www.wagnerundteam.de\/ergotherapie\/wp-content\/uploads\/sites\/4\/2018\/08\/cropped-LOGO_hoch.png","width":1140,"height":250,"caption":"Praxis f\u00fcr Ergotherapie Wagner &amp; Team - Berlin Friedrichsfelde Lichtenberg Friedrichshain"},"image":{"@id":"https:\/\/www.wagnerundteam.de\/ergotherapie\/#\/schema\/logo\/image\/"}}]}},"_links":{"self":[{"href":"https:\/\/www.wagnerundteam.de\/ergotherapie\/wp-json\/wp\/v2\/pages\/277","targetHints":{"allow":["GET"]}}],"collection":[{"href":"https:\/\/www.wagnerundteam.de\/ergotherapie\/wp-json\/wp\/v2\/pages"}],"about":[{"href":"https:\/\/www.wagnerundteam.de\/ergotherapie\/wp-json\/wp\/v2\/types\/page"}],"author":[{"embeddable":true,"href":"https:\/\/www.wagnerundteam.de\/ergotherapie\/wp-json\/wp\/v2\/users\/1"}],"replies":[{"embeddable":true,"href":"https:\/\/www.wagnerundteam.de\/ergotherapie\/wp-json\/wp\/v2\/comments?post=277"}],"version-history":[{"count":0,"href":"https:\/\/www.wagnerundteam.de\/ergotherapie\/wp-json\/wp\/v2\/pages\/277\/revisions"}],"wp:attachment":[{"href":"https:\/\/www.wagnerundteam.de\/ergotherapie\/wp-json\/wp\/v2\/media?parent=277"}],"curies":[{"name":"wp","href":"https:\/\/api.w.org\/{rel}","templated":true}]}}