{"id":367,"date":"2019-08-21T11:23:50","date_gmt":"2019-08-21T09:23:50","guid":{"rendered":"https:\/\/www.wagnerundteam.de\/?page_id=367"},"modified":"2019-08-21T11:23:50","modified_gmt":"2019-08-21T09:23:50","slug":"orthopaedie","status":"publish","type":"page","link":"https:\/\/www.wagnerundteam.de\/ergotherapie\/therapien\/orthopaedie\/","title":{"rendered":"Orthop\u00e4die"},"content":{"rendered":"\n<p>Unser Ergotherapie- Team behandelt St\u00f6rungen aus dem Bereich Orthop\u00e4die, Traumatologie und Rheumatologie. Unter solche Beeintr\u00e4chtigungen fallen Erkrankungen der Wirbels\u00e4ule, Gelenkerkrankungen, Verletzungen oder Erkrankungen der Knochen, Muskeln und Sehnen und Nerven. <\/p>\n\n\n\n<p>Die Ma\u00dfnahmen im motorisch-funktionellen Bereich beinhalten:<\/p>\n\n\n\n<ul class=\"wp-block-list\"><li>Beratung und Training zum Gelenkschutz<\/li><li>Handtherapie<\/li><li>Training von Alltagsaktivit\u00e4ten<\/li><li>F\u00f6rderung der Beweglichkeit, Ausdauer, Muskelkraft und Sensibilit\u00e4t<\/li><li>Hilfsmittelberatung und Umfeldanpassung<\/li><li>Taping<\/li><li>W\u00e4rmebehandlung<\/li><\/ul>\n\n\n\n<p>Mit unserem individuellen Therapieplan erreichen wir Ihr Maximum an Lebensqualit\u00e4t und versuchen die gr\u00f6\u00dftm\u00f6gliche Selbstst\u00e4ndigkeit in allen Bereichen zu sichern. <\/p>\n\n\n\n<figure class=\"wp-block-image is-resized\"><img loading=\"lazy\" decoding=\"async\" src=\"https:\/\/www.wagnerundteam.de\/ergotherapie\/wp-content\/uploads\/sites\/4\/2019\/08\/P1015759-1024x683.jpg\" alt=\"\" class=\"wp-image-412\" width=\"627\" height=\"418\" srcset=\"https:\/\/www.wagnerundteam.de\/ergotherapie\/wp-content\/uploads\/sites\/4\/2019\/08\/P1015759-1024x683.jpg 1024w, https:\/\/www.wagnerundteam.de\/ergotherapie\/wp-content\/uploads\/sites\/4\/2019\/08\/P1015759-300x200.jpg 300w, https:\/\/www.wagnerundteam.de\/ergotherapie\/wp-content\/uploads\/sites\/4\/2019\/08\/P1015759-768x512.jpg 768w, https:\/\/www.wagnerundteam.de\/ergotherapie\/wp-content\/uploads\/sites\/4\/2019\/08\/P1015759-1536x1024.jpg 1536w, https:\/\/www.wagnerundteam.de\/ergotherapie\/wp-content\/uploads\/sites\/4\/2019\/08\/P1015759-2048x1365.jpg 2048w\" sizes=\"auto, (max-width: 627px) 100vw, 627px\" \/><\/figure>\n","protected":false},"excerpt":{"rendered":"<p>Unser Ergotherapie- Team behandelt St\u00f6rungen aus dem Bereich Orthop\u00e4die, Traumatologie und Rheumatologie. Unter solche Beeintr\u00e4chtigungen fallen Erkrankungen der Wirbels\u00e4ule, Gelenkerkrankungen, Verletzungen oder Erkrankungen der Knochen, Muskeln und Sehnen und Nerven. Die Ma\u00dfnahmen im motorisch-funktionellen Bereich beinhalten: Beratung und Training zum Gelenkschutz Handtherapie Training von Alltagsaktivit\u00e4ten F\u00f6rderung der Beweglichkeit, Ausdauer, Muskelkraft und Sensibilit\u00e4t Hilfsmittelberatung und Umfeldanpassung &hellip; <\/p>\n<p class=\"link-more\"><a href=\"https:\/\/www.wagnerundteam.de\/ergotherapie\/therapien\/orthopaedie\/\" class=\"more-link\"><span class=\"screen-reader-text\">\u201eOrthop\u00e4die\u201c<\/span> weiterlesen<\/a><\/p>\n","protected":false},"author":1,"featured_media":481,"parent":292,"menu_order":4,"comment_status":"closed","ping_status":"closed","template":"","meta":{"ngg_post_thumbnail":0,"footnotes":""},"class_list":["post-367","page","type-page","status-publish","has-post-thumbnail","hentry"],"yoast_head":"<!-- This site is optimized with the Yoast SEO plugin v27.5 - https:\/\/yoast.com\/product\/yoast-seo-wordpress\/ -->\n<title>Orthop\u00e4die - Praxis f\u00fcr Ergotherapie Wagner &amp; Team - Berlin Friedrichsfelde Lichtenberg Friedrichshain<\/title>\n<meta name=\"robots\" content=\"index, follow, max-snippet:-1, max-image-preview:large, max-video-preview:-1\" \/>\n<link rel=\"canonical\" href=\"https:\/\/www.wagnerundteam.de\/ergotherapie\/therapien\/orthopaedie\/\" \/>\n<meta property=\"og:locale\" content=\"de_DE\" \/>\n<meta property=\"og:type\" content=\"article\" \/>\n<meta property=\"og:title\" content=\"Orthop\u00e4die - Praxis f\u00fcr Ergotherapie Wagner &amp; Team - Berlin Friedrichsfelde Lichtenberg Friedrichshain\" \/>\n<meta property=\"og:description\" content=\"Unser Ergotherapie- Team behandelt St\u00f6rungen aus dem Bereich Orthop\u00e4die, Traumatologie und Rheumatologie. Unter solche Beeintr\u00e4chtigungen fallen Erkrankungen der Wirbels\u00e4ule, Gelenkerkrankungen, Verletzungen oder Erkrankungen der Knochen, Muskeln und Sehnen und Nerven. Die Ma\u00dfnahmen im motorisch-funktionellen Bereich beinhalten: Beratung und Training zum Gelenkschutz Handtherapie Training von Alltagsaktivit\u00e4ten F\u00f6rderung der Beweglichkeit, Ausdauer, Muskelkraft und Sensibilit\u00e4t Hilfsmittelberatung und Umfeldanpassung &hellip; \u201eOrthop\u00e4die\u201c weiterlesen\" \/>\n<meta property=\"og:url\" content=\"https:\/\/www.wagnerundteam.de\/ergotherapie\/therapien\/orthopaedie\/\" \/>\n<meta property=\"og:site_name\" content=\"Praxis f\u00fcr Ergotherapie Wagner &amp; Team - Berlin Friedrichsfelde Lichtenberg Friedrichshain\" \/>\n<meta property=\"og:image\" content=\"https:\/\/www.wagnerundteam.de\/ergotherapie\/wp-content\/uploads\/sites\/4\/2019\/08\/P1015757-1.jpg\" \/>\n\t<meta property=\"og:image:width\" content=\"1924\" \/>\n\t<meta property=\"og:image:height\" content=\"500\" \/>\n\t<meta property=\"og:image:type\" content=\"image\/jpeg\" \/>\n<meta name=\"twitter:card\" content=\"summary_large_image\" \/>\n<script type=\"application\/ld+json\" class=\"yoast-schema-graph\">{\"@context\":\"https:\\\/\\\/schema.org\",\"@graph\":[{\"@type\":\"WebPage\",\"@id\":\"https:\\\/\\\/www.wagnerundteam.de\\\/ergotherapie\\\/therapien\\\/orthopaedie\\\/\",\"url\":\"https:\\\/\\\/www.wagnerundteam.de\\\/ergotherapie\\\/therapien\\\/orthopaedie\\\/\",\"name\":\"Orthop\u00e4die - Praxis f\u00fcr Ergotherapie Wagner &amp; Team - Berlin Friedrichsfelde Lichtenberg Friedrichshain\",\"isPartOf\":{\"@id\":\"https:\\\/\\\/www.wagnerundteam.de\\\/ergotherapie\\\/#website\"},\"primaryImageOfPage\":{\"@id\":\"https:\\\/\\\/www.wagnerundteam.de\\\/ergotherapie\\\/therapien\\\/orthopaedie\\\/#primaryimage\"},\"image\":{\"@id\":\"https:\\\/\\\/www.wagnerundteam.de\\\/ergotherapie\\\/therapien\\\/orthopaedie\\\/#primaryimage\"},\"thumbnailUrl\":\"https:\\\/\\\/www.wagnerundteam.de\\\/ergotherapie\\\/wp-content\\\/uploads\\\/sites\\\/4\\\/2019\\\/08\\\/P1015757-1.jpg\",\"datePublished\":\"2019-08-21T09:23:50+00:00\",\"breadcrumb\":{\"@id\":\"https:\\\/\\\/www.wagnerundteam.de\\\/ergotherapie\\\/therapien\\\/orthopaedie\\\/#breadcrumb\"},\"inLanguage\":\"de\",\"potentialAction\":[{\"@type\":\"ReadAction\",\"target\":[\"https:\\\/\\\/www.wagnerundteam.de\\\/ergotherapie\\\/therapien\\\/orthopaedie\\\/\"]}]},{\"@type\":\"ImageObject\",\"inLanguage\":\"de\",\"@id\":\"https:\\\/\\\/www.wagnerundteam.de\\\/ergotherapie\\\/therapien\\\/orthopaedie\\\/#primaryimage\",\"url\":\"https:\\\/\\\/www.wagnerundteam.de\\\/ergotherapie\\\/wp-content\\\/uploads\\\/sites\\\/4\\\/2019\\\/08\\\/P1015757-1.jpg\",\"contentUrl\":\"https:\\\/\\\/www.wagnerundteam.de\\\/ergotherapie\\\/wp-content\\\/uploads\\\/sites\\\/4\\\/2019\\\/08\\\/P1015757-1.jpg\",\"width\":1924,\"height\":500},{\"@type\":\"BreadcrumbList\",\"@id\":\"https:\\\/\\\/www.wagnerundteam.de\\\/ergotherapie\\\/therapien\\\/orthopaedie\\\/#breadcrumb\",\"itemListElement\":[{\"@type\":\"ListItem\",\"position\":1,\"name\":\"Startseite\",\"item\":\"https:\\\/\\\/www.wagnerundteam.de\\\/ergotherapie\\\/\"},{\"@type\":\"ListItem\",\"position\":2,\"name\":\"Therapien\",\"item\":\"https:\\\/\\\/www.wagnerundteam.de\\\/ergotherapie\\\/therapien\\\/\"},{\"@type\":\"ListItem\",\"position\":3,\"name\":\"Orthop\u00e4die\"}]},{\"@type\":\"WebSite\",\"@id\":\"https:\\\/\\\/www.wagnerundteam.de\\\/ergotherapie\\\/#website\",\"url\":\"https:\\\/\\\/www.wagnerundteam.de\\\/ergotherapie\\\/\",\"name\":\"Praxis f\u00fcr Ergotherapie Wagner &amp; Team - Berlin Friedrichsfelde Lichtenberg Friedrichshain\",\"description\":\"Ihre Ergotherapeuten Praxis am Tierpark in Berlin\",\"publisher\":{\"@id\":\"https:\\\/\\\/www.wagnerundteam.de\\\/ergotherapie\\\/#organization\"},\"potentialAction\":[{\"@type\":\"SearchAction\",\"target\":{\"@type\":\"EntryPoint\",\"urlTemplate\":\"https:\\\/\\\/www.wagnerundteam.de\\\/ergotherapie\\\/?s={search_term_string}\"},\"query-input\":{\"@type\":\"PropertyValueSpecification\",\"valueRequired\":true,\"valueName\":\"search_term_string\"}}],\"inLanguage\":\"de\"},{\"@type\":\"Organization\",\"@id\":\"https:\\\/\\\/www.wagnerundteam.de\\\/ergotherapie\\\/#organization\",\"name\":\"Praxis f\u00fcr Ergotherapie Wagner &amp; Team - Berlin Friedrichsfelde Lichtenberg Friedrichshain\",\"url\":\"https:\\\/\\\/www.wagnerundteam.de\\\/ergotherapie\\\/\",\"logo\":{\"@type\":\"ImageObject\",\"inLanguage\":\"de\",\"@id\":\"https:\\\/\\\/www.wagnerundteam.de\\\/ergotherapie\\\/#\\\/schema\\\/logo\\\/image\\\/\",\"url\":\"https:\\\/\\\/www.wagnerundteam.de\\\/ergotherapie\\\/wp-content\\\/uploads\\\/sites\\\/4\\\/2018\\\/08\\\/cropped-LOGO_hoch.png\",\"contentUrl\":\"https:\\\/\\\/www.wagnerundteam.de\\\/ergotherapie\\\/wp-content\\\/uploads\\\/sites\\\/4\\\/2018\\\/08\\\/cropped-LOGO_hoch.png\",\"width\":1140,\"height\":250,\"caption\":\"Praxis f\u00fcr Ergotherapie Wagner &amp; Team - Berlin Friedrichsfelde Lichtenberg Friedrichshain\"},\"image\":{\"@id\":\"https:\\\/\\\/www.wagnerundteam.de\\\/ergotherapie\\\/#\\\/schema\\\/logo\\\/image\\\/\"}}]}<\/script>\n<!-- \/ Yoast SEO plugin. -->","yoast_head_json":{"title":"Orthop\u00e4die - Praxis f\u00fcr Ergotherapie Wagner &amp; Team - Berlin Friedrichsfelde Lichtenberg Friedrichshain","robots":{"index":"index","follow":"follow","max-snippet":"max-snippet:-1","max-image-preview":"max-image-preview:large","max-video-preview":"max-video-preview:-1"},"canonical":"https:\/\/www.wagnerundteam.de\/ergotherapie\/therapien\/orthopaedie\/","og_locale":"de_DE","og_type":"article","og_title":"Orthop\u00e4die - Praxis f\u00fcr Ergotherapie Wagner &amp; Team - Berlin Friedrichsfelde Lichtenberg Friedrichshain","og_description":"Unser Ergotherapie- Team behandelt St\u00f6rungen aus dem Bereich Orthop\u00e4die, Traumatologie und Rheumatologie. Unter solche Beeintr\u00e4chtigungen fallen Erkrankungen der Wirbels\u00e4ule, Gelenkerkrankungen, Verletzungen oder Erkrankungen der Knochen, Muskeln und Sehnen und Nerven. Die Ma\u00dfnahmen im motorisch-funktionellen Bereich beinhalten: Beratung und Training zum Gelenkschutz Handtherapie Training von Alltagsaktivit\u00e4ten F\u00f6rderung der Beweglichkeit, Ausdauer, Muskelkraft und Sensibilit\u00e4t Hilfsmittelberatung und Umfeldanpassung &hellip; \u201eOrthop\u00e4die\u201c weiterlesen","og_url":"https:\/\/www.wagnerundteam.de\/ergotherapie\/therapien\/orthopaedie\/","og_site_name":"Praxis f\u00fcr Ergotherapie Wagner &amp; Team - Berlin Friedrichsfelde Lichtenberg Friedrichshain","og_image":[{"width":1924,"height":500,"url":"https:\/\/www.wagnerundteam.de\/ergotherapie\/wp-content\/uploads\/sites\/4\/2019\/08\/P1015757-1.jpg","type":"image\/jpeg"}],"twitter_card":"summary_large_image","schema":{"@context":"https:\/\/schema.org","@graph":[{"@type":"WebPage","@id":"https:\/\/www.wagnerundteam.de\/ergotherapie\/therapien\/orthopaedie\/","url":"https:\/\/www.wagnerundteam.de\/ergotherapie\/therapien\/orthopaedie\/","name":"Orthop\u00e4die - Praxis f\u00fcr Ergotherapie Wagner &amp; Team - Berlin Friedrichsfelde Lichtenberg Friedrichshain","isPartOf":{"@id":"https:\/\/www.wagnerundteam.de\/ergotherapie\/#website"},"primaryImageOfPage":{"@id":"https:\/\/www.wagnerundteam.de\/ergotherapie\/therapien\/orthopaedie\/#primaryimage"},"image":{"@id":"https:\/\/www.wagnerundteam.de\/ergotherapie\/therapien\/orthopaedie\/#primaryimage"},"thumbnailUrl":"https:\/\/www.wagnerundteam.de\/ergotherapie\/wp-content\/uploads\/sites\/4\/2019\/08\/P1015757-1.jpg","datePublished":"2019-08-21T09:23:50+00:00","breadcrumb":{"@id":"https:\/\/www.wagnerundteam.de\/ergotherapie\/therapien\/orthopaedie\/#breadcrumb"},"inLanguage":"de","potentialAction":[{"@type":"ReadAction","target":["https:\/\/www.wagnerundteam.de\/ergotherapie\/therapien\/orthopaedie\/"]}]},{"@type":"ImageObject","inLanguage":"de","@id":"https:\/\/www.wagnerundteam.de\/ergotherapie\/therapien\/orthopaedie\/#primaryimage","url":"https:\/\/www.wagnerundteam.de\/ergotherapie\/wp-content\/uploads\/sites\/4\/2019\/08\/P1015757-1.jpg","contentUrl":"https:\/\/www.wagnerundteam.de\/ergotherapie\/wp-content\/uploads\/sites\/4\/2019\/08\/P1015757-1.jpg","width":1924,"height":500},{"@type":"BreadcrumbList","@id":"https:\/\/www.wagnerundteam.de\/ergotherapie\/therapien\/orthopaedie\/#breadcrumb","itemListElement":[{"@type":"ListItem","position":1,"name":"Startseite","item":"https:\/\/www.wagnerundteam.de\/ergotherapie\/"},{"@type":"ListItem","position":2,"name":"Therapien","item":"https:\/\/www.wagnerundteam.de\/ergotherapie\/therapien\/"},{"@type":"ListItem","position":3,"name":"Orthop\u00e4die"}]},{"@type":"WebSite","@id":"https:\/\/www.wagnerundteam.de\/ergotherapie\/#website","url":"https:\/\/www.wagnerundteam.de\/ergotherapie\/","name":"Praxis f\u00fcr Ergotherapie Wagner &amp; Team - Berlin Friedrichsfelde Lichtenberg Friedrichshain","description":"Ihre Ergotherapeuten Praxis am Tierpark in Berlin","publisher":{"@id":"https:\/\/www.wagnerundteam.de\/ergotherapie\/#organization"},"potentialAction":[{"@type":"SearchAction","target":{"@type":"EntryPoint","urlTemplate":"https:\/\/www.wagnerundteam.de\/ergotherapie\/?s={search_term_string}"},"query-input":{"@type":"PropertyValueSpecification","valueRequired":true,"valueName":"search_term_string"}}],"inLanguage":"de"},{"@type":"Organization","@id":"https:\/\/www.wagnerundteam.de\/ergotherapie\/#organization","name":"Praxis f\u00fcr Ergotherapie Wagner &amp; Team - Berlin Friedrichsfelde Lichtenberg Friedrichshain","url":"https:\/\/www.wagnerundteam.de\/ergotherapie\/","logo":{"@type":"ImageObject","inLanguage":"de","@id":"https:\/\/www.wagnerundteam.de\/ergotherapie\/#\/schema\/logo\/image\/","url":"https:\/\/www.wagnerundteam.de\/ergotherapie\/wp-content\/uploads\/sites\/4\/2018\/08\/cropped-LOGO_hoch.png","contentUrl":"https:\/\/www.wagnerundteam.de\/ergotherapie\/wp-content\/uploads\/sites\/4\/2018\/08\/cropped-LOGO_hoch.png","width":1140,"height":250,"caption":"Praxis f\u00fcr Ergotherapie Wagner &amp; Team - Berlin Friedrichsfelde Lichtenberg Friedrichshain"},"image":{"@id":"https:\/\/www.wagnerundteam.de\/ergotherapie\/#\/schema\/logo\/image\/"}}]}},"_links":{"self":[{"href":"https:\/\/www.wagnerundteam.de\/ergotherapie\/wp-json\/wp\/v2\/pages\/367","targetHints":{"allow":["GET"]}}],"collection":[{"href":"https:\/\/www.wagnerundteam.de\/ergotherapie\/wp-json\/wp\/v2\/pages"}],"about":[{"href":"https:\/\/www.wagnerundteam.de\/ergotherapie\/wp-json\/wp\/v2\/types\/page"}],"author":[{"embeddable":true,"href":"https:\/\/www.wagnerundteam.de\/ergotherapie\/wp-json\/wp\/v2\/users\/1"}],"replies":[{"embeddable":true,"href":"https:\/\/www.wagnerundteam.de\/ergotherapie\/wp-json\/wp\/v2\/comments?post=367"}],"version-history":[{"count":0,"href":"https:\/\/www.wagnerundteam.de\/ergotherapie\/wp-json\/wp\/v2\/pages\/367\/revisions"}],"up":[{"embeddable":true,"href":"https:\/\/www.wagnerundteam.de\/ergotherapie\/wp-json\/wp\/v2\/pages\/292"}],"wp:featuredmedia":[{"embeddable":true,"href":"https:\/\/www.wagnerundteam.de\/ergotherapie\/wp-json\/wp\/v2\/media\/481"}],"wp:attachment":[{"href":"https:\/\/www.wagnerundteam.de\/ergotherapie\/wp-json\/wp\/v2\/media?parent=367"}],"curies":[{"name":"wp","href":"https:\/\/api.w.org\/{rel}","templated":true}]}}