{"id":485,"date":"2019-09-23T22:01:38","date_gmt":"2019-09-23T20:01:38","guid":{"rendered":"https:\/\/www.wagnerundteam.de\/?page_id=485"},"modified":"2025-07-27T21:49:38","modified_gmt":"2025-07-27T19:49:38","slug":"stellenangebote","status":"publish","type":"page","link":"https:\/\/www.wagnerundteam.de\/ergotherapie\/stellenangebote\/","title":{"rendered":"Stellenangebote"},"content":{"rendered":"\n<p>Wir suchen zur Verst\u00e4rkung unseres Teams f\u00fcr unsere Praxis in Berlin Lichtenberg\/Friedrichsfelde motivierte Kollegen\/-innen zum n\u00e4chstm\u00f6glichen Zeitpunkt.<\/p>\n\n\n\n<h2 class=\"wp-block-heading\">\u00dcber uns<\/h2>\n\n\n\n<p>Unsere ergotherapeutische Praxis ist ein Vorreiter in der gesundheitlichen Betreuung<br>insbesondere von Patienten im psychiatrischen Bereich. Wir sind leidenschaftlich daran<br>interessiert, innovative Wege zu bestreiten, um Menschen dabei zu unterst\u00fctzen, ihre<br>Lebensqualit\u00e4t zu verbessern.<br>Unser Schwerpunkt liegt auf Psychiatrie, Neurofeedback (ILF und Frequenzband)und P\u00e4diatrie, wobei wir modernste Methoden mit bew\u00e4hrten Ans\u00e4tzen kombinieren.<br>Im ambulanten Setting k\u00f6nnen wir allerdings jeden Bereich der Ergotherapie abdecken.<\/p>\n\n\n\n<h2 class=\"wp-block-heading\">Deine Rolle<\/h2>\n\n\n\n<p>Als Ergotherapeut:in in unserem Team spielst Du eine zentrale Rolle bei der individuellen<br>Betreuung unserer Patienten.<br>Du gewinnst an Erfahrungen und baust dein Interesse an der ergotherapeutischen Arbeit aus. Du freust dich auf Fortbildungen und arbeitest aktiv an der Weiterentwicklung unseres<br>therapeutischen Angebots mit.<br>Neben Einf\u00fchlungsverm\u00f6gen und Engagement f\u00fcr die individuelle Betreuung unserer Patienten besitzt Du Teamgeist und die Bereitschaft dich aktiv einzubringen.<\/p>\n\n\n\n<h2 class=\"wp-block-heading\">Was wir bieten<\/h2>\n\n\n\n<ul class=\"wp-block-list\">\n<li>ein herzliches Arbeitsumfeld mit modernen therapeutischen Methoden<\/li>\n\n\n\n<li>Fortbildungen und Schulungen insbesondere im Bereich Neurofeedback und auf deinen<br>Bereich abgestimmt<\/li>\n\n\n\n<li>ein motiviertes und engagiertes Team, das sich gegenseitig unterst\u00fctzt<\/li>\n\n\n\n<li>die M\u00f6glichkeit, eigene Ideen einzubringen und umzusetzen<\/li>\n\n\n\n<li>attraktive Verg\u00fctung und flexible Arbeitszeiten<\/li>\n\n\n\n<li>bezahlte Fallbesprechungen, B\u00fcrozeiten und Berichtezeit<\/li>\n\n\n\n<li>Vollzeitempfangskraft zur Unterst\u00fctzung und Entlastung<\/li>\n<\/ul>\n\n\n\n<p>Bei uns z\u00e4hlt nicht nur Deine Erfahrung, sondern auch Deine Begeisterung und Dein Potential unsere Praxis mit Deinen F\u00e4higkeiten zu bereichern. Wir hei\u00dfen Bewerber:innen jeden Alters herzlich willkommen, um gemeinsam an der Zukunft der ergotherapeutischen Behandlung zu arbeiten.<\/p>\n\n\n\n<p>Wir freuen uns auf deine Bewerbung!<\/p>\n\n\n\n<p>Bei Fragen erreichst du uns unter 030-51 73 61 11.<\/p>\n\n\n\n<p>Bewerbung an:<\/p>\n\n\n\n<p><strong>Praxis f\u00fcr Ergotherapie Wagner und Team<br>Am Tierpark 31a<br>10315 Berlin<\/strong><br>oder an <strong><a href=\"mailto:k.wagner@wagnerundteam.de\">k.wagner@wagnerundteam.de<\/a><\/strong><\/p>\n\n\n\n<p><\/p>\n\n\n\n<p>oder ganz einfach und schnell per <strong>Kontaktformular<\/strong><\/p>\n\n\n<style id=\"wpforms-css-vars-904\">\n\t\t\t\t#wpforms-904 {\n\t\t\t\t\n\t\t\t}\n\t\t\t<\/style><div class=\"wpforms-container wpforms-container-full wpforms-render-modern\" id=\"wpforms-904\"><form id=\"wpforms-form-904\" class=\"wpforms-validate wpforms-form wpforms-ajax-form\" data-formid=\"904\" method=\"post\" enctype=\"multipart\/form-data\" action=\"\/ergotherapie\/wp-json\/wp\/v2\/pages\/485\" data-token=\"02aea40216d9c16abf7a4c1271b0a97e\" data-token-time=\"1777284140\"><noscript class=\"wpforms-error-noscript\">Bitte aktiviere JavaScript in deinem Browser, um dieses Formular fertigzustellen.<\/noscript><div id=\"wpforms-error-noscript\" style=\"display: none;\">Bitte aktiviere JavaScript in deinem Browser, um dieses Formular fertigzustellen.<\/div><div class=\"wpforms-field-container\"><div id=\"wpforms-904-field_0-container\" class=\"wpforms-field wpforms-field-name\" data-field-id=\"0\"><fieldset><legend class=\"wpforms-field-label\">Name <span class=\"wpforms-required-label\" aria-hidden=\"true\">*<\/span><\/legend><div class=\"wpforms-field-row wpforms-field-medium\"><div class=\"wpforms-field-row-block wpforms-first wpforms-one-half\"><input type=\"text\" id=\"wpforms-904-field_0\" class=\"wpforms-field-name-first wpforms-field-required\" name=\"wpforms[fields][0][first]\" aria-errormessage=\"wpforms-904-field_0-error\" required><label for=\"wpforms-904-field_0\" class=\"wpforms-field-sublabel after\">Vorname<\/label><\/div><div class=\"wpforms-field-row-block wpforms-one-half\"><input type=\"text\" id=\"wpforms-904-field_0-last\" class=\"wpforms-field-name-last wpforms-field-required\" name=\"wpforms[fields][0][last]\" aria-errormessage=\"wpforms-904-field_0-last-error\" required><label for=\"wpforms-904-field_0-last\" class=\"wpforms-field-sublabel after\">Nachname<\/label><\/div><\/div><\/fieldset><\/div><div id=\"wpforms-904-field_1-container\" class=\"wpforms-field wpforms-field-email\" data-field-id=\"1\"><label class=\"wpforms-field-label\" for=\"wpforms-904-field_1\">E-Mail-Adresse <span class=\"wpforms-required-label\" aria-hidden=\"true\">*<\/span><\/label><input type=\"email\" id=\"wpforms-904-field_1\" class=\"wpforms-field-medium wpforms-field-required\" name=\"wpforms[fields][1]\" spellcheck=\"false\" aria-errormessage=\"wpforms-904-field_1-error\" required><\/div><div id=\"wpforms-904-field_3-container\" class=\"wpforms-field wpforms-field-text\" data-field-id=\"3\"><label class=\"wpforms-field-label\" for=\"wpforms-904-field_3\">Telefonnummer<\/label><input type=\"text\" id=\"wpforms-904-field_3\" class=\"wpforms-field-medium\" name=\"wpforms[fields][3]\" aria-errormessage=\"wpforms-904-field_3-error\" ><\/div><div id=\"wpforms-904-field_8-container\" class=\"wpforms-field wpforms-field-checkbox\" data-field-id=\"8\"><fieldset><legend class=\"wpforms-field-label\">Bewerbung als <span class=\"wpforms-required-label\" aria-hidden=\"true\">*<\/span><\/legend><ul id=\"wpforms-904-field_8\" class=\"wpforms-field-required\"><li class=\"choice-1 depth-1\"><input type=\"checkbox\" id=\"wpforms-904-field_8_1\" name=\"wpforms[fields][8][]\" value=\"Ergotherapeut\/in\" aria-errormessage=\"wpforms-904-field_8_1-error\" required ><label class=\"wpforms-field-label-inline\" for=\"wpforms-904-field_8_1\">Ergotherapeut\/in<\/label><\/li><li class=\"choice-2 depth-1\"><input type=\"checkbox\" id=\"wpforms-904-field_8_2\" name=\"wpforms[fields][8][]\" value=\"Physiotherapeut\/in\" aria-errormessage=\"wpforms-904-field_8_2-error\" required ><label class=\"wpforms-field-label-inline\" for=\"wpforms-904-field_8_2\">Physiotherapeut\/in<\/label><\/li><li class=\"choice-3 depth-1\"><input type=\"checkbox\" id=\"wpforms-904-field_8_3\" name=\"wpforms[fields][8][]\" value=\"Logop\u00e4de\/-in\" aria-errormessage=\"wpforms-904-field_8_3-error\" required ><label class=\"wpforms-field-label-inline\" for=\"wpforms-904-field_8_3\">Logop\u00e4de\/-in<\/label><\/li><li class=\"choice-4 depth-1\"><input type=\"checkbox\" id=\"wpforms-904-field_8_4\" name=\"wpforms[fields][8][]\" value=\"Sonstiges\" aria-errormessage=\"wpforms-904-field_8_4-error\" required ><label class=\"wpforms-field-label-inline\" for=\"wpforms-904-field_8_4\">Sonstiges<\/label><\/li><\/ul><\/fieldset><\/div><div id=\"wpforms-904-field_9-container\" class=\"wpforms-field wpforms-field-text\" data-field-id=\"9\"><label class=\"wpforms-field-label wpforms-label-hide\" for=\"wpforms-904-field_9\" aria-hidden=\"false\">Sonstiges:<\/label><input type=\"text\" id=\"wpforms-904-field_9\" class=\"wpforms-field-medium wpforms-limit-characters-enabled\" data-form-id=\"904\" data-field-id=\"9\" data-text-limit=\"60\" name=\"wpforms[fields][9]\" aria-errormessage=\"wpforms-904-field_9-error\" maxlength=\"60\" ><\/div><div id=\"wpforms-904-field_5-container\" class=\"wpforms-field wpforms-field-text\" data-field-id=\"5\"><label class=\"wpforms-field-label\" for=\"wpforms-904-field_5\">bevorzugte Kontaktzeit<\/label><input type=\"text\" id=\"wpforms-904-field_5\" class=\"wpforms-field-medium\" name=\"wpforms[fields][5]\" aria-errormessage=\"wpforms-904-field_5-error\" aria-describedby=\"wpforms-904-field_5-description\" ><div id=\"wpforms-904-field_5-description\" class=\"wpforms-field-description\">Teile uns mit, wann wir dich am besten erreichen k\u00f6nnen.<\/div><\/div><div id=\"wpforms-904-field_2-container\" class=\"wpforms-field wpforms-field-textarea\" data-field-id=\"2\"><label class=\"wpforms-field-label\" for=\"wpforms-904-field_2\">Nachricht<\/label><textarea id=\"wpforms-904-field_2\" class=\"wpforms-field-medium\" name=\"wpforms[fields][2]\" placeholder=\"Wenn du magst, schreibe uns gerne mehr...\" aria-errormessage=\"wpforms-904-field_2-error\" ><\/textarea><\/div><div id=\"wpforms-904-field_10-container\" class=\"wpforms-field wpforms-field-checkbox\" data-field-id=\"10\"><fieldset><legend class=\"wpforms-field-label\">Ich stimme der Kontaktaufnahme folgend zu: <span class=\"wpforms-required-label\" aria-hidden=\"true\">*<\/span><\/legend><ul id=\"wpforms-904-field_10\" class=\"wpforms-field-required\"><li class=\"choice-1 depth-1\"><input type=\"checkbox\" id=\"wpforms-904-field_10_1\" name=\"wpforms[fields][10][]\" value=\"per E-Mail\" aria-errormessage=\"wpforms-904-field_10_1-error\" required ><label class=\"wpforms-field-label-inline\" for=\"wpforms-904-field_10_1\">per E-Mail<\/label><\/li><li class=\"choice-2 depth-1\"><input type=\"checkbox\" id=\"wpforms-904-field_10_2\" name=\"wpforms[fields][10][]\" value=\"per Telefon\" aria-errormessage=\"wpforms-904-field_10_2-error\" required ><label class=\"wpforms-field-label-inline\" for=\"wpforms-904-field_10_2\">per Telefon<\/label><\/li><\/ul><\/fieldset><\/div><\/div><!-- .wpforms-field-container --><div class=\"wpforms-recaptcha-container wpforms-is-turnstile\" ><div class=\"wpforms-turnstile\" data-sitekey=\"0x4AAAAAAAOUUecE6_B74Uf6\" data-action=\"FormID-904\"><\/div><input type=\"text\" name=\"g-recaptcha-hidden\" class=\"wpforms-recaptcha-hidden\" style=\"position:absolute!important;clip:rect(0,0,0,0)!important;height:1px!important;width:1px!important;border:0!important;overflow:hidden!important;padding:0!important;margin:0!important;\" data-rule-turnstile=\"1\"><\/div><div class=\"wpforms-submit-container\" ><input type=\"hidden\" name=\"wpforms[id]\" value=\"904\"><input type=\"hidden\" name=\"page_title\" value=\"\"><input type=\"hidden\" name=\"page_url\" value=\"https:\/\/www.wagnerundteam.de\/ergotherapie\/wp-json\/wp\/v2\/pages\/485\"><input type=\"hidden\" name=\"url_referer\" value=\"\"><button type=\"submit\" name=\"wpforms[submit]\" id=\"wpforms-submit-904\" class=\"wpforms-submit\" data-alt-text=\"Wird gesendet\u00a0\u2026\" data-submit-text=\"Absenden\" aria-live=\"assertive\" value=\"wpforms-submit\">Absenden<\/button><img loading=\"lazy\" decoding=\"async\" src=\"https:\/\/www.wagnerundteam.de\/ergotherapie\/wp-content\/plugins\/wpforms-lite\/assets\/images\/submit-spin.svg\" class=\"wpforms-submit-spinner\" style=\"display: none;\" width=\"26\" height=\"26\" alt=\"Wird geladen\"><\/div><\/form><\/div>  <!-- .wpforms-container -->\n\n\n\n<p><a href=\"https:\/\/www.wagnerundteam.de\/\">Zur\u00fcck zur Startseite<\/a><\/p>\n","protected":false},"excerpt":{"rendered":"<p>Wir suchen zur Verst\u00e4rkung unseres Teams f\u00fcr unsere Praxis in Berlin Lichtenberg\/Friedrichsfelde motivierte Kollegen\/-innen zum n\u00e4chstm\u00f6glichen Zeitpunkt. \u00dcber uns Unsere ergotherapeutische Praxis ist ein Vorreiter in der gesundheitlichen Betreuunginsbesondere von Patienten im psychiatrischen Bereich. Wir sind leidenschaftlich daraninteressiert, innovative Wege zu bestreiten, um Menschen dabei zu unterst\u00fctzen, ihreLebensqualit\u00e4t zu verbessern.Unser Schwerpunkt liegt auf Psychiatrie, Neurofeedback &hellip; <\/p>\n<p class=\"link-more\"><a href=\"https:\/\/www.wagnerundteam.de\/ergotherapie\/stellenangebote\/\" class=\"more-link\"><span class=\"screen-reader-text\">\u201eStellenangebote\u201c<\/span> weiterlesen<\/a><\/p>\n","protected":false},"author":1,"featured_media":0,"parent":0,"menu_order":0,"comment_status":"closed","ping_status":"closed","template":"","meta":{"ngg_post_thumbnail":0,"footnotes":""},"class_list":["post-485","page","type-page","status-publish","hentry"],"yoast_head":"<!-- This site is optimized with the Yoast SEO plugin v27.4 - https:\/\/yoast.com\/product\/yoast-seo-wordpress\/ -->\n<title>Stellenangebote - Praxis f\u00fcr Ergotherapie Wagner &amp; Team - Berlin Friedrichsfelde Lichtenberg Friedrichshain<\/title>\n<meta name=\"description\" content=\"Wir suchen Ergotherapeutin\/en zur Verst\u00e4rkung unseres Teams. Bei Interesse freuen wir uns \u00fcber ein pers\u00f6nliches Kennenlernen.\" \/>\n<meta name=\"robots\" content=\"index, follow, max-snippet:-1, max-image-preview:large, max-video-preview:-1\" \/>\n<link rel=\"canonical\" href=\"https:\/\/www.wagnerundteam.de\/ergotherapie\/stellenangebote\/\" \/>\n<meta property=\"og:locale\" content=\"de_DE\" \/>\n<meta property=\"og:type\" content=\"article\" \/>\n<meta property=\"og:title\" content=\"Stellenangebote - Praxis f\u00fcr Ergotherapie Wagner &amp; Team - Berlin Friedrichsfelde Lichtenberg Friedrichshain\" \/>\n<meta property=\"og:description\" content=\"Wir suchen Ergotherapeutin\/en zur Verst\u00e4rkung unseres Teams. Bei Interesse freuen wir uns \u00fcber ein pers\u00f6nliches Kennenlernen.\" \/>\n<meta property=\"og:url\" content=\"https:\/\/www.wagnerundteam.de\/ergotherapie\/stellenangebote\/\" \/>\n<meta property=\"og:site_name\" content=\"Praxis f\u00fcr Ergotherapie Wagner &amp; Team - Berlin Friedrichsfelde Lichtenberg Friedrichshain\" \/>\n<meta property=\"article:modified_time\" content=\"2025-07-27T19:49:38+00:00\" \/>\n<meta name=\"twitter:card\" content=\"summary_large_image\" \/>\n<meta name=\"twitter:label1\" content=\"Gesch\u00e4tzte Lesezeit\" \/>\n\t<meta name=\"twitter:data1\" content=\"2\u00a0Minuten\" \/>\n<script type=\"application\/ld+json\" class=\"yoast-schema-graph\">{\"@context\":\"https:\\\/\\\/schema.org\",\"@graph\":[{\"@type\":\"WebPage\",\"@id\":\"https:\\\/\\\/www.wagnerundteam.de\\\/ergotherapie\\\/stellenangebote\\\/\",\"url\":\"https:\\\/\\\/www.wagnerundteam.de\\\/ergotherapie\\\/stellenangebote\\\/\",\"name\":\"Stellenangebote - Praxis f\u00fcr Ergotherapie Wagner &amp; Team - Berlin Friedrichsfelde Lichtenberg Friedrichshain\",\"isPartOf\":{\"@id\":\"https:\\\/\\\/www.wagnerundteam.de\\\/ergotherapie\\\/#website\"},\"datePublished\":\"2019-09-23T20:01:38+00:00\",\"dateModified\":\"2025-07-27T19:49:38+00:00\",\"description\":\"Wir suchen Ergotherapeutin\\\/en zur Verst\u00e4rkung unseres Teams. Bei Interesse freuen wir uns \u00fcber ein pers\u00f6nliches Kennenlernen.\",\"breadcrumb\":{\"@id\":\"https:\\\/\\\/www.wagnerundteam.de\\\/ergotherapie\\\/stellenangebote\\\/#breadcrumb\"},\"inLanguage\":\"de\",\"potentialAction\":[{\"@type\":\"ReadAction\",\"target\":[\"https:\\\/\\\/www.wagnerundteam.de\\\/ergotherapie\\\/stellenangebote\\\/\"]}]},{\"@type\":\"BreadcrumbList\",\"@id\":\"https:\\\/\\\/www.wagnerundteam.de\\\/ergotherapie\\\/stellenangebote\\\/#breadcrumb\",\"itemListElement\":[{\"@type\":\"ListItem\",\"position\":1,\"name\":\"Startseite\",\"item\":\"https:\\\/\\\/www.wagnerundteam.de\\\/ergotherapie\\\/\"},{\"@type\":\"ListItem\",\"position\":2,\"name\":\"Stellenangebote\"}]},{\"@type\":\"WebSite\",\"@id\":\"https:\\\/\\\/www.wagnerundteam.de\\\/ergotherapie\\\/#website\",\"url\":\"https:\\\/\\\/www.wagnerundteam.de\\\/ergotherapie\\\/\",\"name\":\"Praxis f\u00fcr Ergotherapie Wagner &amp; Team - Berlin Friedrichsfelde Lichtenberg Friedrichshain\",\"description\":\"Ihre Ergotherapeuten Praxis am Tierpark in Berlin\",\"publisher\":{\"@id\":\"https:\\\/\\\/www.wagnerundteam.de\\\/ergotherapie\\\/#organization\"},\"potentialAction\":[{\"@type\":\"SearchAction\",\"target\":{\"@type\":\"EntryPoint\",\"urlTemplate\":\"https:\\\/\\\/www.wagnerundteam.de\\\/ergotherapie\\\/?s={search_term_string}\"},\"query-input\":{\"@type\":\"PropertyValueSpecification\",\"valueRequired\":true,\"valueName\":\"search_term_string\"}}],\"inLanguage\":\"de\"},{\"@type\":\"Organization\",\"@id\":\"https:\\\/\\\/www.wagnerundteam.de\\\/ergotherapie\\\/#organization\",\"name\":\"Praxis f\u00fcr Ergotherapie Wagner &amp; Team - Berlin Friedrichsfelde Lichtenberg Friedrichshain\",\"url\":\"https:\\\/\\\/www.wagnerundteam.de\\\/ergotherapie\\\/\",\"logo\":{\"@type\":\"ImageObject\",\"inLanguage\":\"de\",\"@id\":\"https:\\\/\\\/www.wagnerundteam.de\\\/ergotherapie\\\/#\\\/schema\\\/logo\\\/image\\\/\",\"url\":\"https:\\\/\\\/www.wagnerundteam.de\\\/ergotherapie\\\/wp-content\\\/uploads\\\/sites\\\/4\\\/2018\\\/08\\\/cropped-LOGO_hoch.png\",\"contentUrl\":\"https:\\\/\\\/www.wagnerundteam.de\\\/ergotherapie\\\/wp-content\\\/uploads\\\/sites\\\/4\\\/2018\\\/08\\\/cropped-LOGO_hoch.png\",\"width\":1140,\"height\":250,\"caption\":\"Praxis f\u00fcr Ergotherapie Wagner &amp; Team - Berlin Friedrichsfelde Lichtenberg Friedrichshain\"},\"image\":{\"@id\":\"https:\\\/\\\/www.wagnerundteam.de\\\/ergotherapie\\\/#\\\/schema\\\/logo\\\/image\\\/\"}}]}<\/script>\n<!-- \/ Yoast SEO plugin. -->","yoast_head_json":{"title":"Stellenangebote - Praxis f\u00fcr Ergotherapie Wagner &amp; Team - Berlin Friedrichsfelde Lichtenberg Friedrichshain","description":"Wir suchen Ergotherapeutin\/en zur Verst\u00e4rkung unseres Teams. Bei Interesse freuen wir uns \u00fcber ein pers\u00f6nliches Kennenlernen.","robots":{"index":"index","follow":"follow","max-snippet":"max-snippet:-1","max-image-preview":"max-image-preview:large","max-video-preview":"max-video-preview:-1"},"canonical":"https:\/\/www.wagnerundteam.de\/ergotherapie\/stellenangebote\/","og_locale":"de_DE","og_type":"article","og_title":"Stellenangebote - Praxis f\u00fcr Ergotherapie Wagner &amp; Team - Berlin Friedrichsfelde Lichtenberg Friedrichshain","og_description":"Wir suchen Ergotherapeutin\/en zur Verst\u00e4rkung unseres Teams. Bei Interesse freuen wir uns \u00fcber ein pers\u00f6nliches Kennenlernen.","og_url":"https:\/\/www.wagnerundteam.de\/ergotherapie\/stellenangebote\/","og_site_name":"Praxis f\u00fcr Ergotherapie Wagner &amp; Team - Berlin Friedrichsfelde Lichtenberg Friedrichshain","article_modified_time":"2025-07-27T19:49:38+00:00","twitter_card":"summary_large_image","twitter_misc":{"Gesch\u00e4tzte Lesezeit":"2\u00a0Minuten"},"schema":{"@context":"https:\/\/schema.org","@graph":[{"@type":"WebPage","@id":"https:\/\/www.wagnerundteam.de\/ergotherapie\/stellenangebote\/","url":"https:\/\/www.wagnerundteam.de\/ergotherapie\/stellenangebote\/","name":"Stellenangebote - Praxis f\u00fcr Ergotherapie Wagner &amp; Team - Berlin Friedrichsfelde Lichtenberg Friedrichshain","isPartOf":{"@id":"https:\/\/www.wagnerundteam.de\/ergotherapie\/#website"},"datePublished":"2019-09-23T20:01:38+00:00","dateModified":"2025-07-27T19:49:38+00:00","description":"Wir suchen Ergotherapeutin\/en zur Verst\u00e4rkung unseres Teams. Bei Interesse freuen wir uns \u00fcber ein pers\u00f6nliches Kennenlernen.","breadcrumb":{"@id":"https:\/\/www.wagnerundteam.de\/ergotherapie\/stellenangebote\/#breadcrumb"},"inLanguage":"de","potentialAction":[{"@type":"ReadAction","target":["https:\/\/www.wagnerundteam.de\/ergotherapie\/stellenangebote\/"]}]},{"@type":"BreadcrumbList","@id":"https:\/\/www.wagnerundteam.de\/ergotherapie\/stellenangebote\/#breadcrumb","itemListElement":[{"@type":"ListItem","position":1,"name":"Startseite","item":"https:\/\/www.wagnerundteam.de\/ergotherapie\/"},{"@type":"ListItem","position":2,"name":"Stellenangebote"}]},{"@type":"WebSite","@id":"https:\/\/www.wagnerundteam.de\/ergotherapie\/#website","url":"https:\/\/www.wagnerundteam.de\/ergotherapie\/","name":"Praxis f\u00fcr Ergotherapie Wagner &amp; Team - Berlin Friedrichsfelde Lichtenberg Friedrichshain","description":"Ihre Ergotherapeuten Praxis am Tierpark in Berlin","publisher":{"@id":"https:\/\/www.wagnerundteam.de\/ergotherapie\/#organization"},"potentialAction":[{"@type":"SearchAction","target":{"@type":"EntryPoint","urlTemplate":"https:\/\/www.wagnerundteam.de\/ergotherapie\/?s={search_term_string}"},"query-input":{"@type":"PropertyValueSpecification","valueRequired":true,"valueName":"search_term_string"}}],"inLanguage":"de"},{"@type":"Organization","@id":"https:\/\/www.wagnerundteam.de\/ergotherapie\/#organization","name":"Praxis f\u00fcr Ergotherapie Wagner &amp; Team - Berlin Friedrichsfelde Lichtenberg Friedrichshain","url":"https:\/\/www.wagnerundteam.de\/ergotherapie\/","logo":{"@type":"ImageObject","inLanguage":"de","@id":"https:\/\/www.wagnerundteam.de\/ergotherapie\/#\/schema\/logo\/image\/","url":"https:\/\/www.wagnerundteam.de\/ergotherapie\/wp-content\/uploads\/sites\/4\/2018\/08\/cropped-LOGO_hoch.png","contentUrl":"https:\/\/www.wagnerundteam.de\/ergotherapie\/wp-content\/uploads\/sites\/4\/2018\/08\/cropped-LOGO_hoch.png","width":1140,"height":250,"caption":"Praxis f\u00fcr Ergotherapie Wagner &amp; Team - Berlin Friedrichsfelde Lichtenberg Friedrichshain"},"image":{"@id":"https:\/\/www.wagnerundteam.de\/ergotherapie\/#\/schema\/logo\/image\/"}}]}},"_links":{"self":[{"href":"https:\/\/www.wagnerundteam.de\/ergotherapie\/wp-json\/wp\/v2\/pages\/485","targetHints":{"allow":["GET"]}}],"collection":[{"href":"https:\/\/www.wagnerundteam.de\/ergotherapie\/wp-json\/wp\/v2\/pages"}],"about":[{"href":"https:\/\/www.wagnerundteam.de\/ergotherapie\/wp-json\/wp\/v2\/types\/page"}],"author":[{"embeddable":true,"href":"https:\/\/www.wagnerundteam.de\/ergotherapie\/wp-json\/wp\/v2\/users\/1"}],"replies":[{"embeddable":true,"href":"https:\/\/www.wagnerundteam.de\/ergotherapie\/wp-json\/wp\/v2\/comments?post=485"}],"version-history":[{"count":1,"href":"https:\/\/www.wagnerundteam.de\/ergotherapie\/wp-json\/wp\/v2\/pages\/485\/revisions"}],"predecessor-version":[{"id":907,"href":"https:\/\/www.wagnerundteam.de\/ergotherapie\/wp-json\/wp\/v2\/pages\/485\/revisions\/907"}],"wp:attachment":[{"href":"https:\/\/www.wagnerundteam.de\/ergotherapie\/wp-json\/wp\/v2\/media?parent=485"}],"curies":[{"name":"wp","href":"https:\/\/api.w.org\/{rel}","templated":true}]}}