{"id":498,"date":"2020-01-27T12:55:11","date_gmt":"2020-01-27T11:55:11","guid":{"rendered":"https:\/\/www.wagnerundteam.de\/?page_id=498"},"modified":"2020-01-27T12:55:11","modified_gmt":"2020-01-27T11:55:11","slug":"kinderyoga","status":"publish","type":"page","link":"https:\/\/www.wagnerundteam.de\/ergotherapie\/kinderyoga\/","title":{"rendered":"Kinderyoga"},"content":{"rendered":"\n<div class=\"wp-block-group has-background\" style=\"background-color:#dff5b2\"><div class=\"wp-block-group__inner-container is-layout-flow wp-block-group-is-layout-flow\">\n<p style=\"font-size:17px\">Yoga bietet in einer sich immer schneller drehenden Welt eine perfekte M\u00f6glichkeit zum Entschleunigen und Zentrieren\u2026<\/p>\n\n\n\n<p class=\"has-text-align-center has-medium-font-size\"><strong>Auch f\u00fcr unsere Kleinen!<\/strong><\/p>\n<\/div><\/div>\n\n\n\n<figure class=\"wp-block-image size-large\"><img loading=\"lazy\" decoding=\"async\" width=\"979\" height=\"1024\" src=\"https:\/\/www.wagnerundteam.de\/ergotherapie\/wp-content\/uploads\/sites\/4\/2023\/03\/grafik-979x1024.png\" alt=\"\" class=\"wp-image-707\" srcset=\"https:\/\/www.wagnerundteam.de\/ergotherapie\/wp-content\/uploads\/sites\/4\/2023\/03\/grafik-979x1024.png 979w, https:\/\/www.wagnerundteam.de\/ergotherapie\/wp-content\/uploads\/sites\/4\/2023\/03\/grafik-287x300.png 287w, https:\/\/www.wagnerundteam.de\/ergotherapie\/wp-content\/uploads\/sites\/4\/2023\/03\/grafik-768x803.png 768w, https:\/\/www.wagnerundteam.de\/ergotherapie\/wp-content\/uploads\/sites\/4\/2023\/03\/grafik.png 1424w\" sizes=\"auto, (max-width: 767px) 89vw, (max-width: 1000px) 54vw, (max-width: 1071px) 543px, 580px\" \/><\/figure>\n\n\n\n<div class=\"wp-block-group has-background\" style=\"background-color:#dff5b2\"><div class=\"wp-block-group__inner-container is-layout-flow wp-block-group-is-layout-flow\">\n<p>Denn auch sie leben in einer Welt mit hohen Leistungsanforderungen und einem \u00dcberma\u00df an \u00e4u\u00dferen Reizen.<\/p>\n\n\n\n<p>Positive Wirkungen des Yoga sind schon ab einem Alter von 3 Jahren belegt! Es f\u00f6rdert K\u00f6rper- und Sinneswahrnehmung, erh\u00f6ht die Konzentration und Selbstwert- gef\u00fchle auf spielerische Art.<\/p>\n\n\n\n<p>Bewegungsmangel entgegenwirkend beugt es Haltungssch\u00e4den vor. Somit leistet Kinderyoga eine optimale Erg\u00e4nzung zur ganzheitlichen F\u00f6rderung (Erziehung) ihres Kindes.<br>Im Kinderyoga werden K\u00f6rper\u00fcbungen in Geschichten und Spiele eingebettet.<\/p>\n\n\n\n<p>Wir beginnen jede Yogastunde mit einem Begr\u00fc\u00dfungsritual gefolgt von K\u00f6rper\u00fcbungen (Asanas) und enden mit einer Endentspannung.<br>Das Yogaprogramm erg\u00e4nzen wir mit Spielen, Massagen, etc. f\u00fcr die Kleinen.<\/p>\n\n\n\n<p class=\"has-text-align-center\"><strong>Die Inhalte unserer Kinderyogastunde werden<br>individuell auf die Bed\u00fcrfnisse Ihres Kindes angepasst!<\/strong><\/p>\n\n\n\n<p class=\"has-text-align-center\"><strong>Jeden Donnerstag von 15:45 bis 16:30 Uhr<\/strong><br><strong>8 Termine \/ 80\u20ac<br>Anmeldung unter 030\/50 9489 88<\/strong><br><strong>Rhinstr. 11 &#8211; 10315 Berlin<\/strong><\/p>\n<\/div><\/div>\n\n\n\n<p><\/p>\n\n\n\n<p class=\"has-text-align-center\"><a href=\"https:\/\/www.wagnerundteam.de\/\">Zur\u00fcck zur Startseite<\/a><\/p>\n\n\n\n<p> <\/p>\n","protected":false},"excerpt":{"rendered":"<p>Yoga bietet in einer sich immer schneller drehenden Welt eine perfekte M\u00f6glichkeit zum Entschleunigen und Zentrieren\u2026 Auch f\u00fcr unsere Kleinen! Denn auch sie leben in einer Welt mit hohen Leistungsanforderungen und einem \u00dcberma\u00df an \u00e4u\u00dferen Reizen. Positive Wirkungen des Yoga sind schon ab einem Alter von 3 Jahren belegt! Es f\u00f6rdert K\u00f6rper- und Sinneswahrnehmung, erh\u00f6ht &hellip; <\/p>\n<p class=\"link-more\"><a href=\"https:\/\/www.wagnerundteam.de\/ergotherapie\/kinderyoga\/\" class=\"more-link\"><span class=\"screen-reader-text\">\u201eKinderyoga\u201c<\/span> weiterlesen<\/a><\/p>\n","protected":false},"author":1,"featured_media":0,"parent":0,"menu_order":0,"comment_status":"closed","ping_status":"closed","template":"","meta":{"ngg_post_thumbnail":0,"footnotes":""},"class_list":["post-498","page","type-page","status-publish","hentry"],"yoast_head":"<!-- This site is optimized with the Yoast SEO plugin v27.4 - https:\/\/yoast.com\/product\/yoast-seo-wordpress\/ -->\n<title>Kinderyoga - Praxis f\u00fcr Ergotherapie Wagner &amp; Team in Berlin<\/title>\n<meta name=\"description\" content=\"Kinderyoga bietet in einer sich immer schneller drehenden Welt auch f\u00fcr unsere Kleinen eine perfekte M\u00f6glichkeit zum Entschleunigen und Zentrieren.\" \/>\n<meta name=\"robots\" content=\"index, follow, max-snippet:-1, max-image-preview:large, max-video-preview:-1\" \/>\n<link rel=\"canonical\" href=\"https:\/\/www.wagnerundteam.de\/ergotherapie\/kinderyoga\/\" \/>\n<meta property=\"og:locale\" content=\"de_DE\" \/>\n<meta property=\"og:type\" content=\"article\" \/>\n<meta property=\"og:title\" content=\"Kinderyoga - Praxis f\u00fcr Ergotherapie Wagner &amp; Team in Berlin\" \/>\n<meta property=\"og:description\" content=\"Kinderyoga bietet in einer sich immer schneller drehenden Welt auch f\u00fcr unsere Kleinen eine perfekte M\u00f6glichkeit zum Entschleunigen und Zentrieren.\" \/>\n<meta property=\"og:url\" content=\"https:\/\/www.wagnerundteam.de\/ergotherapie\/kinderyoga\/\" \/>\n<meta property=\"og:site_name\" content=\"Praxis f\u00fcr Ergotherapie Wagner &amp; Team - Berlin Friedrichsfelde Lichtenberg Friedrichshain\" \/>\n<meta property=\"og:image\" content=\"https:\/\/www.wagnerundteam.de\/ergotherapie\/wp-content\/uploads\/sites\/4\/2023\/03\/grafik-979x1024.png\" \/>\n<meta name=\"twitter:card\" content=\"summary_large_image\" \/>\n<meta name=\"twitter:label1\" content=\"Gesch\u00e4tzte Lesezeit\" \/>\n\t<meta name=\"twitter:data1\" content=\"2\u00a0Minuten\" \/>\n<script type=\"application\/ld+json\" class=\"yoast-schema-graph\">{\"@context\":\"https:\\\/\\\/schema.org\",\"@graph\":[{\"@type\":\"WebPage\",\"@id\":\"https:\\\/\\\/www.wagnerundteam.de\\\/ergotherapie\\\/kinderyoga\\\/\",\"url\":\"https:\\\/\\\/www.wagnerundteam.de\\\/ergotherapie\\\/kinderyoga\\\/\",\"name\":\"Kinderyoga - Praxis f\u00fcr Ergotherapie Wagner & Team in Berlin\",\"isPartOf\":{\"@id\":\"https:\\\/\\\/www.wagnerundteam.de\\\/ergotherapie\\\/#website\"},\"primaryImageOfPage\":{\"@id\":\"https:\\\/\\\/www.wagnerundteam.de\\\/ergotherapie\\\/kinderyoga\\\/#primaryimage\"},\"image\":{\"@id\":\"https:\\\/\\\/www.wagnerundteam.de\\\/ergotherapie\\\/kinderyoga\\\/#primaryimage\"},\"thumbnailUrl\":\"https:\\\/\\\/www.wagnerundteam.de\\\/ergotherapie\\\/wp-content\\\/uploads\\\/sites\\\/4\\\/2023\\\/03\\\/grafik-979x1024.png\",\"datePublished\":\"2020-01-27T11:55:11+00:00\",\"description\":\"Kinderyoga bietet in einer sich immer schneller drehenden Welt auch f\u00fcr unsere Kleinen eine perfekte M\u00f6glichkeit zum Entschleunigen und Zentrieren.\",\"breadcrumb\":{\"@id\":\"https:\\\/\\\/www.wagnerundteam.de\\\/ergotherapie\\\/kinderyoga\\\/#breadcrumb\"},\"inLanguage\":\"de\",\"potentialAction\":[{\"@type\":\"ReadAction\",\"target\":[\"https:\\\/\\\/www.wagnerundteam.de\\\/ergotherapie\\\/kinderyoga\\\/\"]}]},{\"@type\":\"ImageObject\",\"inLanguage\":\"de\",\"@id\":\"https:\\\/\\\/www.wagnerundteam.de\\\/ergotherapie\\\/kinderyoga\\\/#primaryimage\",\"url\":\"https:\\\/\\\/www.wagnerundteam.de\\\/ergotherapie\\\/wp-content\\\/uploads\\\/sites\\\/4\\\/2023\\\/03\\\/grafik.png\",\"contentUrl\":\"https:\\\/\\\/www.wagnerundteam.de\\\/ergotherapie\\\/wp-content\\\/uploads\\\/sites\\\/4\\\/2023\\\/03\\\/grafik.png\",\"width\":1424,\"height\":1489},{\"@type\":\"BreadcrumbList\",\"@id\":\"https:\\\/\\\/www.wagnerundteam.de\\\/ergotherapie\\\/kinderyoga\\\/#breadcrumb\",\"itemListElement\":[{\"@type\":\"ListItem\",\"position\":1,\"name\":\"Startseite\",\"item\":\"https:\\\/\\\/www.wagnerundteam.de\\\/ergotherapie\\\/\"},{\"@type\":\"ListItem\",\"position\":2,\"name\":\"Kinderyoga\"}]},{\"@type\":\"WebSite\",\"@id\":\"https:\\\/\\\/www.wagnerundteam.de\\\/ergotherapie\\\/#website\",\"url\":\"https:\\\/\\\/www.wagnerundteam.de\\\/ergotherapie\\\/\",\"name\":\"Praxis f\u00fcr Ergotherapie Wagner &amp; Team - Berlin Friedrichsfelde Lichtenberg Friedrichshain\",\"description\":\"Ihre Ergotherapeuten Praxis am Tierpark in Berlin\",\"publisher\":{\"@id\":\"https:\\\/\\\/www.wagnerundteam.de\\\/ergotherapie\\\/#organization\"},\"potentialAction\":[{\"@type\":\"SearchAction\",\"target\":{\"@type\":\"EntryPoint\",\"urlTemplate\":\"https:\\\/\\\/www.wagnerundteam.de\\\/ergotherapie\\\/?s={search_term_string}\"},\"query-input\":{\"@type\":\"PropertyValueSpecification\",\"valueRequired\":true,\"valueName\":\"search_term_string\"}}],\"inLanguage\":\"de\"},{\"@type\":\"Organization\",\"@id\":\"https:\\\/\\\/www.wagnerundteam.de\\\/ergotherapie\\\/#organization\",\"name\":\"Praxis f\u00fcr Ergotherapie Wagner &amp; Team - Berlin Friedrichsfelde Lichtenberg Friedrichshain\",\"url\":\"https:\\\/\\\/www.wagnerundteam.de\\\/ergotherapie\\\/\",\"logo\":{\"@type\":\"ImageObject\",\"inLanguage\":\"de\",\"@id\":\"https:\\\/\\\/www.wagnerundteam.de\\\/ergotherapie\\\/#\\\/schema\\\/logo\\\/image\\\/\",\"url\":\"https:\\\/\\\/www.wagnerundteam.de\\\/ergotherapie\\\/wp-content\\\/uploads\\\/sites\\\/4\\\/2018\\\/08\\\/cropped-LOGO_hoch.png\",\"contentUrl\":\"https:\\\/\\\/www.wagnerundteam.de\\\/ergotherapie\\\/wp-content\\\/uploads\\\/sites\\\/4\\\/2018\\\/08\\\/cropped-LOGO_hoch.png\",\"width\":1140,\"height\":250,\"caption\":\"Praxis f\u00fcr Ergotherapie Wagner &amp; Team - Berlin Friedrichsfelde Lichtenberg Friedrichshain\"},\"image\":{\"@id\":\"https:\\\/\\\/www.wagnerundteam.de\\\/ergotherapie\\\/#\\\/schema\\\/logo\\\/image\\\/\"}}]}<\/script>\n<!-- \/ Yoast SEO plugin. -->","yoast_head_json":{"title":"Kinderyoga - Praxis f\u00fcr Ergotherapie Wagner & Team in Berlin","description":"Kinderyoga bietet in einer sich immer schneller drehenden Welt auch f\u00fcr unsere Kleinen eine perfekte M\u00f6glichkeit zum Entschleunigen und Zentrieren.","robots":{"index":"index","follow":"follow","max-snippet":"max-snippet:-1","max-image-preview":"max-image-preview:large","max-video-preview":"max-video-preview:-1"},"canonical":"https:\/\/www.wagnerundteam.de\/ergotherapie\/kinderyoga\/","og_locale":"de_DE","og_type":"article","og_title":"Kinderyoga - Praxis f\u00fcr Ergotherapie Wagner & Team in Berlin","og_description":"Kinderyoga bietet in einer sich immer schneller drehenden Welt auch f\u00fcr unsere Kleinen eine perfekte M\u00f6glichkeit zum Entschleunigen und Zentrieren.","og_url":"https:\/\/www.wagnerundteam.de\/ergotherapie\/kinderyoga\/","og_site_name":"Praxis f\u00fcr Ergotherapie Wagner &amp; Team - Berlin Friedrichsfelde Lichtenberg Friedrichshain","og_image":[{"url":"https:\/\/www.wagnerundteam.de\/ergotherapie\/wp-content\/uploads\/sites\/4\/2023\/03\/grafik-979x1024.png","type":"","width":"","height":""}],"twitter_card":"summary_large_image","twitter_misc":{"Gesch\u00e4tzte Lesezeit":"2\u00a0Minuten"},"schema":{"@context":"https:\/\/schema.org","@graph":[{"@type":"WebPage","@id":"https:\/\/www.wagnerundteam.de\/ergotherapie\/kinderyoga\/","url":"https:\/\/www.wagnerundteam.de\/ergotherapie\/kinderyoga\/","name":"Kinderyoga - Praxis f\u00fcr Ergotherapie Wagner & Team in Berlin","isPartOf":{"@id":"https:\/\/www.wagnerundteam.de\/ergotherapie\/#website"},"primaryImageOfPage":{"@id":"https:\/\/www.wagnerundteam.de\/ergotherapie\/kinderyoga\/#primaryimage"},"image":{"@id":"https:\/\/www.wagnerundteam.de\/ergotherapie\/kinderyoga\/#primaryimage"},"thumbnailUrl":"https:\/\/www.wagnerundteam.de\/ergotherapie\/wp-content\/uploads\/sites\/4\/2023\/03\/grafik-979x1024.png","datePublished":"2020-01-27T11:55:11+00:00","description":"Kinderyoga bietet in einer sich immer schneller drehenden Welt auch f\u00fcr unsere Kleinen eine perfekte M\u00f6glichkeit zum Entschleunigen und Zentrieren.","breadcrumb":{"@id":"https:\/\/www.wagnerundteam.de\/ergotherapie\/kinderyoga\/#breadcrumb"},"inLanguage":"de","potentialAction":[{"@type":"ReadAction","target":["https:\/\/www.wagnerundteam.de\/ergotherapie\/kinderyoga\/"]}]},{"@type":"ImageObject","inLanguage":"de","@id":"https:\/\/www.wagnerundteam.de\/ergotherapie\/kinderyoga\/#primaryimage","url":"https:\/\/www.wagnerundteam.de\/ergotherapie\/wp-content\/uploads\/sites\/4\/2023\/03\/grafik.png","contentUrl":"https:\/\/www.wagnerundteam.de\/ergotherapie\/wp-content\/uploads\/sites\/4\/2023\/03\/grafik.png","width":1424,"height":1489},{"@type":"BreadcrumbList","@id":"https:\/\/www.wagnerundteam.de\/ergotherapie\/kinderyoga\/#breadcrumb","itemListElement":[{"@type":"ListItem","position":1,"name":"Startseite","item":"https:\/\/www.wagnerundteam.de\/ergotherapie\/"},{"@type":"ListItem","position":2,"name":"Kinderyoga"}]},{"@type":"WebSite","@id":"https:\/\/www.wagnerundteam.de\/ergotherapie\/#website","url":"https:\/\/www.wagnerundteam.de\/ergotherapie\/","name":"Praxis f\u00fcr Ergotherapie Wagner &amp; Team - Berlin Friedrichsfelde Lichtenberg Friedrichshain","description":"Ihre Ergotherapeuten Praxis am Tierpark in Berlin","publisher":{"@id":"https:\/\/www.wagnerundteam.de\/ergotherapie\/#organization"},"potentialAction":[{"@type":"SearchAction","target":{"@type":"EntryPoint","urlTemplate":"https:\/\/www.wagnerundteam.de\/ergotherapie\/?s={search_term_string}"},"query-input":{"@type":"PropertyValueSpecification","valueRequired":true,"valueName":"search_term_string"}}],"inLanguage":"de"},{"@type":"Organization","@id":"https:\/\/www.wagnerundteam.de\/ergotherapie\/#organization","name":"Praxis f\u00fcr Ergotherapie Wagner &amp; Team - Berlin Friedrichsfelde Lichtenberg Friedrichshain","url":"https:\/\/www.wagnerundteam.de\/ergotherapie\/","logo":{"@type":"ImageObject","inLanguage":"de","@id":"https:\/\/www.wagnerundteam.de\/ergotherapie\/#\/schema\/logo\/image\/","url":"https:\/\/www.wagnerundteam.de\/ergotherapie\/wp-content\/uploads\/sites\/4\/2018\/08\/cropped-LOGO_hoch.png","contentUrl":"https:\/\/www.wagnerundteam.de\/ergotherapie\/wp-content\/uploads\/sites\/4\/2018\/08\/cropped-LOGO_hoch.png","width":1140,"height":250,"caption":"Praxis f\u00fcr Ergotherapie Wagner &amp; Team - Berlin Friedrichsfelde Lichtenberg Friedrichshain"},"image":{"@id":"https:\/\/www.wagnerundteam.de\/ergotherapie\/#\/schema\/logo\/image\/"}}]}},"_links":{"self":[{"href":"https:\/\/www.wagnerundteam.de\/ergotherapie\/wp-json\/wp\/v2\/pages\/498","targetHints":{"allow":["GET"]}}],"collection":[{"href":"https:\/\/www.wagnerundteam.de\/ergotherapie\/wp-json\/wp\/v2\/pages"}],"about":[{"href":"https:\/\/www.wagnerundteam.de\/ergotherapie\/wp-json\/wp\/v2\/types\/page"}],"author":[{"embeddable":true,"href":"https:\/\/www.wagnerundteam.de\/ergotherapie\/wp-json\/wp\/v2\/users\/1"}],"replies":[{"embeddable":true,"href":"https:\/\/www.wagnerundteam.de\/ergotherapie\/wp-json\/wp\/v2\/comments?post=498"}],"version-history":[{"count":0,"href":"https:\/\/www.wagnerundteam.de\/ergotherapie\/wp-json\/wp\/v2\/pages\/498\/revisions"}],"wp:attachment":[{"href":"https:\/\/www.wagnerundteam.de\/ergotherapie\/wp-json\/wp\/v2\/media?parent=498"}],"curies":[{"name":"wp","href":"https:\/\/api.w.org\/{rel}","templated":true}]}}