{"id":76,"date":"2018-09-18T10:53:19","date_gmt":"2018-09-18T08:53:19","guid":{"rendered":"https:\/\/www.wagnerundteam.de\/?page_id=76"},"modified":"2026-02-12T16:50:52","modified_gmt":"2026-02-12T15:50:52","slug":"kontakt","status":"publish","type":"page","link":"https:\/\/www.wagnerundteam.de\/ergotherapie\/kontakt\/","title":{"rendered":"Kontakt"},"content":{"rendered":"\n<div class=\"wp-block-columns is-layout-flex wp-container-core-columns-is-layout-9d6595d7 wp-block-columns-is-layout-flex\">\n<div class=\"wp-block-column is-layout-flow wp-block-column-is-layout-flow\">\n<p>Praxis f\u00fcr Ergotherapie<br>Wagner &amp; Team<br>Am Tierpark 31a<br>10315 Berlin<br><br>Telefon <a href=\"tel:+493051736111\">030\/51736111<\/a><br>Telefax 030\/51736121<\/p>\n<\/div>\n\n\n\n<div class=\"wp-block-column is-layout-flow wp-block-column-is-layout-flow\">\n<p>Praxis f\u00fcr Ergotherapie<br>Wagner &amp; Team<br>Rhinstra\u00dfe 11 <br>10315 Berlin<br><br>Telefon <a href=\"tel:+493051736111\">030\/50948988<\/a><br>Telefax 030\/51736121<\/p>\n<\/div>\n<\/div>\n\n\n\n<p>(<strong>Tierpark<\/strong> &#8211; <strong>Friedrichsfelde <\/strong>&#8211; <strong>Lichtenberg &#8211; Friedrichshain<\/strong>)<\/p>\n\n\n\n<p>E-Mail: <a href=\"mailto:info@wagnerundteam.de\">info@wagnerundteam.de<\/a><\/p>\n\n\n\n<p>Sprechen Sie uns gerne f\u00fcr Terminvereinbarungen pers\u00f6nlich oder telefonisch an oder senden Sie eine Nachricht per Kontakt-Formular.<br>Unsere Therapiezeiten sind Montag bis Freitag von 8:00 bis 18:00 Uhr oder nach individueller Vereinbarung.<\/p>\n\n\n\n<p><a href=\"https:\/\/www.wagnerundteam.de\/anfahrt\/\">Hier geht es zu unserer Anfahrt.<\/a><\/p>\n\n\n\n<h2 class=\"wp-block-heading\">Kontakt-Formular f\u00fcr Therapieanfragen<\/h2>\n\n\n\n<div class=\"wp-block-group\"><div class=\"wp-block-group__inner-container is-layout-constrained wp-block-group-is-layout-constrained\"><style id=\"wpforms-css-vars-902-block-12b069d7-058a-4fb2-9be0-da8a98c8933b\">\n\t\t\t\t#wpforms-902.wpforms-block-12b069d7-058a-4fb2-9be0-da8a98c8933b {\n\t\t\t\t--wpforms-field-size-input-height: 43px;\n--wpforms-field-size-input-spacing: 15px;\n--wpforms-field-size-font-size: 16px;\n--wpforms-field-size-line-height: 19px;\n--wpforms-field-size-padding-h: 14px;\n--wpforms-field-size-checkbox-size: 16px;\n--wpforms-field-size-sublabel-spacing: 5px;\n--wpforms-field-size-icon-size: 1;\n--wpforms-label-size-font-size: 16px;\n--wpforms-label-size-line-height: 19px;\n--wpforms-label-size-sublabel-font-size: 14px;\n--wpforms-label-size-sublabel-line-height: 17px;\n--wpforms-button-size-font-size: 17px;\n--wpforms-button-size-height: 41px;\n--wpforms-button-size-padding-h: 15px;\n--wpforms-button-size-margin-top: 10px;\n\t\t\t}\n\t\t\t<\/style><div class=\"wpforms-container wpforms-container-full wpforms-block wpforms-block-12b069d7-058a-4fb2-9be0-da8a98c8933b wpforms-render-modern\" id=\"wpforms-902\"><form id=\"wpforms-form-902\" class=\"wpforms-validate wpforms-form wpforms-ajax-form\" data-formid=\"902\" method=\"post\" enctype=\"multipart\/form-data\" action=\"\/ergotherapie\/wp-json\/wp\/v2\/pages\/76\" data-token=\"5e9ad2bb28de923fbc8bdce89c2cae12\" data-token-time=\"1777597544\"><noscript class=\"wpforms-error-noscript\">Bitte aktiviere JavaScript in deinem Browser, um dieses Formular fertigzustellen.<\/noscript><div id=\"wpforms-error-noscript\" style=\"display: none;\">Bitte aktiviere JavaScript in deinem Browser, um dieses Formular fertigzustellen.<\/div><div class=\"wpforms-field-container\"><div id=\"wpforms-902-field_0-container\" class=\"wpforms-field wpforms-field-name\" data-field-id=\"0\"><fieldset><legend class=\"wpforms-field-label\">Name <span class=\"wpforms-required-label\" aria-hidden=\"true\">*<\/span><\/legend><div class=\"wpforms-field-row wpforms-field-medium\"><div class=\"wpforms-field-row-block wpforms-first wpforms-one-half\"><input type=\"text\" id=\"wpforms-902-field_0\" class=\"wpforms-field-name-first wpforms-field-required\" name=\"wpforms[fields][0][first]\" aria-errormessage=\"wpforms-902-field_0-error\" required><label for=\"wpforms-902-field_0\" class=\"wpforms-field-sublabel after\">Vorname<\/label><\/div><div class=\"wpforms-field-row-block wpforms-one-half\"><input type=\"text\" id=\"wpforms-902-field_0-last\" class=\"wpforms-field-name-last wpforms-field-required\" name=\"wpforms[fields][0][last]\" aria-errormessage=\"wpforms-902-field_0-last-error\" required><label for=\"wpforms-902-field_0-last\" class=\"wpforms-field-sublabel after\">Nachname<\/label><\/div><\/div><\/fieldset><\/div><div id=\"wpforms-902-field_1-container\" class=\"wpforms-field wpforms-field-email\" data-field-id=\"1\"><label class=\"wpforms-field-label\" for=\"wpforms-902-field_1\">E-Mail-Adresse <span class=\"wpforms-required-label\" aria-hidden=\"true\">*<\/span><\/label><input type=\"email\" id=\"wpforms-902-field_1\" class=\"wpforms-field-medium wpforms-field-required\" name=\"wpforms[fields][1]\" spellcheck=\"false\" aria-errormessage=\"wpforms-902-field_1-error\" required><\/div><div id=\"wpforms-902-field_3-container\" class=\"wpforms-field wpforms-field-text\" data-field-id=\"3\"><label class=\"wpforms-field-label\" for=\"wpforms-902-field_3\">Telefonnummer<\/label><input type=\"text\" id=\"wpforms-902-field_3\" class=\"wpforms-field-medium\" name=\"wpforms[fields][3]\" aria-errormessage=\"wpforms-902-field_3-error\" ><\/div><div id=\"wpforms-902-field_5-container\" class=\"wpforms-field wpforms-field-text\" data-field-id=\"5\"><label class=\"wpforms-field-label\" for=\"wpforms-902-field_5\">bevorzugte Kontaktzeit<\/label><input type=\"text\" id=\"wpforms-902-field_5\" class=\"wpforms-field-medium\" name=\"wpforms[fields][5]\" placeholder=\"Wochentag und Uhrzeit\" aria-errormessage=\"wpforms-902-field_5-error\" ><\/div><div id=\"wpforms-902-field_2-container\" class=\"wpforms-field wpforms-field-textarea\" data-field-id=\"2\"><label class=\"wpforms-field-label\" for=\"wpforms-902-field_2\">Nachricht <span class=\"wpforms-required-label\" aria-hidden=\"true\">*<\/span><\/label><textarea id=\"wpforms-902-field_2\" class=\"wpforms-field-medium wpforms-field-required\" name=\"wpforms[fields][2]\" placeholder=\"Anliegen \/ Bei Therapieanfragen bitte das Heilmittel\/die Diagnose sowie das Alter angeben.\" aria-errormessage=\"wpforms-902-field_2-error\" aria-describedby=\"wpforms-902-field_2-description\" required><\/textarea><div id=\"wpforms-902-field_2-description\" class=\"wpforms-field-description\">Bei Therapieanfragen bitte das Heilmittel\/die Diagnose sowie das Alter angeben.<\/div><\/div><div id=\"wpforms-902-field_13-container\" class=\"wpforms-field wpforms-field-text\" data-field-id=\"13\"><label class=\"wpforms-field-label\" for=\"wpforms-902-field_13\">Bei Therapieanfragen, bitte die m\u00f6glichen Therapie-Zeiten mitteilen<\/label><input type=\"text\" id=\"wpforms-902-field_13\" class=\"wpforms-field-medium\" name=\"wpforms[fields][13]\" placeholder=\"Wochentag(e) + Vormittag\/Nachmittag\/Uhrzeiten\" aria-errormessage=\"wpforms-902-field_13-error\" ><\/div><div id=\"wpforms-902-field_10-container\" class=\"wpforms-field wpforms-field-checkbox\" data-field-id=\"10\"><fieldset><legend class=\"wpforms-field-label\">Ich stimme der Kontaktaufnahme folgend zu: <span class=\"wpforms-required-label\" aria-hidden=\"true\">*<\/span><\/legend><ul id=\"wpforms-902-field_10\" class=\"wpforms-field-required\"><li class=\"choice-1 depth-1\"><input type=\"checkbox\" id=\"wpforms-902-field_10_1\" name=\"wpforms[fields][10][]\" value=\"per E-Mail\" aria-errormessage=\"wpforms-902-field_10_1-error\" required ><label class=\"wpforms-field-label-inline\" for=\"wpforms-902-field_10_1\">per E-Mail<\/label><\/li><li class=\"choice-2 depth-1\"><input type=\"checkbox\" id=\"wpforms-902-field_10_2\" name=\"wpforms[fields][10][]\" value=\"per Telefon\" aria-errormessage=\"wpforms-902-field_10_2-error\" required ><label class=\"wpforms-field-label-inline\" for=\"wpforms-902-field_10_2\">per Telefon<\/label><\/li><\/ul><\/fieldset><\/div><div id=\"wpforms-902-field_15-container\" class=\"wpforms-field wpforms-field-checkbox\" data-field-id=\"15\"><fieldset><legend class=\"wpforms-field-label\">Therapie-Platz-Anfragen, die wir innerhalb von 6 Monaten nicht vergeben konnten, werden u.a. aus Datenschutzgr\u00fcnden gel\u00f6scht. Bei weiterem Interesse bitte mit einem kurzen Hinweis erneut einreichen. <span class=\"wpforms-required-label\" aria-hidden=\"true\">*<\/span><\/legend><ul id=\"wpforms-902-field_15\" class=\"wpforms-field-required\"><li class=\"choice-1 depth-1\"><input type=\"checkbox\" id=\"wpforms-902-field_15_1\" name=\"wpforms[fields][15][]\" value=\"Ich nehme die zeitliche Einschr\u00e4nkung zur Kenntnis.\" aria-errormessage=\"wpforms-902-field_15_1-error\" required ><label class=\"wpforms-field-label-inline\" for=\"wpforms-902-field_15_1\">Ich nehme die zeitliche Einschr\u00e4nkung zur Kenntnis.<\/label><\/li><\/ul><\/fieldset><\/div><\/div><!-- .wpforms-field-container --><div class=\"wpforms-recaptcha-container wpforms-is-turnstile\" ><div class=\"wpforms-turnstile\" data-sitekey=\"0x4AAAAAAAOUUecE6_B74Uf6\" data-action=\"FormID-902\"><\/div><input type=\"text\" name=\"g-recaptcha-hidden\" class=\"wpforms-recaptcha-hidden\" style=\"position:absolute!important;clip:rect(0,0,0,0)!important;height:1px!important;width:1px!important;border:0!important;overflow:hidden!important;padding:0!important;margin:0!important;\" data-rule-turnstile=\"1\"><\/div><div class=\"wpforms-submit-container\" ><input type=\"hidden\" name=\"wpforms[id]\" value=\"902\"><input type=\"hidden\" name=\"page_title\" value=\"\"><input type=\"hidden\" name=\"page_url\" value=\"https:\/\/www.wagnerundteam.de\/ergotherapie\/wp-json\/wp\/v2\/pages\/76\"><input type=\"hidden\" name=\"url_referer\" value=\"\"><button type=\"submit\" name=\"wpforms[submit]\" id=\"wpforms-submit-902\" class=\"wpforms-submit\" data-alt-text=\"Wird gesendet\u00a0\u2026\" data-submit-text=\"Absenden\" aria-live=\"assertive\" value=\"wpforms-submit\">Absenden<\/button><img loading=\"lazy\" decoding=\"async\" src=\"https:\/\/www.wagnerundteam.de\/ergotherapie\/wp-content\/plugins\/wpforms-lite\/assets\/images\/submit-spin.svg\" class=\"wpforms-submit-spinner\" style=\"display: none;\" width=\"26\" height=\"26\" alt=\"Wird geladen\"><\/div><\/form><\/div>  <!-- .wpforms-container --><\/div><\/div>\n","protected":false},"excerpt":{"rendered":"<p>Praxis f\u00fcr ErgotherapieWagner &amp; TeamAm Tierpark 31a10315 Berlin Telefon 030\/51736111Telefax 030\/51736121 Praxis f\u00fcr ErgotherapieWagner &amp; TeamRhinstra\u00dfe 11 10315 Berlin Telefon 030\/50948988Telefax 030\/51736121 (Tierpark &#8211; Friedrichsfelde &#8211; Lichtenberg &#8211; Friedrichshain) E-Mail: info@wagnerundteam.de Sprechen Sie uns gerne f\u00fcr Terminvereinbarungen pers\u00f6nlich oder telefonisch an oder senden Sie eine Nachricht per Kontakt-Formular.Unsere Therapiezeiten sind Montag bis Freitag von 8:00 &hellip; <\/p>\n<p class=\"link-more\"><a href=\"https:\/\/www.wagnerundteam.de\/ergotherapie\/kontakt\/\" class=\"more-link\"><span class=\"screen-reader-text\">\u201eKontakt\u201c<\/span> weiterlesen<\/a><\/p>\n","protected":false},"author":1,"featured_media":0,"parent":0,"menu_order":0,"comment_status":"closed","ping_status":"closed","template":"","meta":{"ngg_post_thumbnail":0,"footnotes":""},"class_list":["post-76","page","type-page","status-publish","hentry"],"yoast_head":"<!-- This site is optimized with the Yoast SEO plugin v27.5 - https:\/\/yoast.com\/product\/yoast-seo-wordpress\/ -->\n<title>Kontakt - Praxis f\u00fcr Ergotherapie Wagner &amp; Team - Berlin Friedrichsfelde Lichtenberg Friedrichshain<\/title>\n<meta name=\"description\" content=\"Hier findest du die Kontaktdaten unserer Praxis f\u00fcr Ergotherapie in Berlin am Tierpark. Wir freuen uns \u00fcber auch auf ein pers\u00f6nliches Kennenlernen.\" \/>\n<meta name=\"robots\" content=\"index, follow, max-snippet:-1, max-image-preview:large, max-video-preview:-1\" \/>\n<link rel=\"canonical\" href=\"https:\/\/www.wagnerundteam.de\/ergotherapie\/kontakt\/\" \/>\n<meta property=\"og:locale\" content=\"de_DE\" \/>\n<meta property=\"og:type\" content=\"article\" \/>\n<meta property=\"og:title\" content=\"Kontakt - Praxis f\u00fcr Ergotherapie Wagner &amp; Team - Berlin Friedrichsfelde Lichtenberg Friedrichshain\" \/>\n<meta property=\"og:description\" content=\"Hier findest du die Kontaktdaten unserer Praxis f\u00fcr Ergotherapie in Berlin am Tierpark. Wir freuen uns \u00fcber auch auf ein pers\u00f6nliches Kennenlernen.\" \/>\n<meta property=\"og:url\" content=\"https:\/\/www.wagnerundteam.de\/ergotherapie\/kontakt\/\" \/>\n<meta property=\"og:site_name\" content=\"Praxis f\u00fcr Ergotherapie Wagner &amp; Team - Berlin Friedrichsfelde Lichtenberg Friedrichshain\" \/>\n<meta property=\"article:modified_time\" content=\"2026-02-12T15:50:52+00:00\" \/>\n<meta name=\"twitter:card\" content=\"summary_large_image\" \/>\n<meta name=\"twitter:label1\" content=\"Gesch\u00e4tzte Lesezeit\" \/>\n\t<meta name=\"twitter:data1\" content=\"1\u00a0Minute\" \/>\n<script type=\"application\/ld+json\" class=\"yoast-schema-graph\">{\"@context\":\"https:\\\/\\\/schema.org\",\"@graph\":[{\"@type\":\"WebPage\",\"@id\":\"https:\\\/\\\/www.wagnerundteam.de\\\/ergotherapie\\\/kontakt\\\/\",\"url\":\"https:\\\/\\\/www.wagnerundteam.de\\\/ergotherapie\\\/kontakt\\\/\",\"name\":\"Kontakt - Praxis f\u00fcr Ergotherapie Wagner &amp; Team - Berlin Friedrichsfelde Lichtenberg Friedrichshain\",\"isPartOf\":{\"@id\":\"https:\\\/\\\/www.wagnerundteam.de\\\/ergotherapie\\\/#website\"},\"datePublished\":\"2018-09-18T08:53:19+00:00\",\"dateModified\":\"2026-02-12T15:50:52+00:00\",\"description\":\"Hier findest du die Kontaktdaten unserer Praxis f\u00fcr Ergotherapie in Berlin am Tierpark. Wir freuen uns \u00fcber auch auf ein pers\u00f6nliches Kennenlernen.\",\"breadcrumb\":{\"@id\":\"https:\\\/\\\/www.wagnerundteam.de\\\/ergotherapie\\\/kontakt\\\/#breadcrumb\"},\"inLanguage\":\"de\",\"potentialAction\":[{\"@type\":\"ReadAction\",\"target\":[\"https:\\\/\\\/www.wagnerundteam.de\\\/ergotherapie\\\/kontakt\\\/\"]}]},{\"@type\":\"BreadcrumbList\",\"@id\":\"https:\\\/\\\/www.wagnerundteam.de\\\/ergotherapie\\\/kontakt\\\/#breadcrumb\",\"itemListElement\":[{\"@type\":\"ListItem\",\"position\":1,\"name\":\"Startseite\",\"item\":\"https:\\\/\\\/www.wagnerundteam.de\\\/ergotherapie\\\/\"},{\"@type\":\"ListItem\",\"position\":2,\"name\":\"Kontakt\"}]},{\"@type\":\"WebSite\",\"@id\":\"https:\\\/\\\/www.wagnerundteam.de\\\/ergotherapie\\\/#website\",\"url\":\"https:\\\/\\\/www.wagnerundteam.de\\\/ergotherapie\\\/\",\"name\":\"Praxis f\u00fcr Ergotherapie Wagner &amp; Team - Berlin Friedrichsfelde Lichtenberg Friedrichshain\",\"description\":\"Ihre Ergotherapeuten Praxis am Tierpark in Berlin\",\"publisher\":{\"@id\":\"https:\\\/\\\/www.wagnerundteam.de\\\/ergotherapie\\\/#organization\"},\"potentialAction\":[{\"@type\":\"SearchAction\",\"target\":{\"@type\":\"EntryPoint\",\"urlTemplate\":\"https:\\\/\\\/www.wagnerundteam.de\\\/ergotherapie\\\/?s={search_term_string}\"},\"query-input\":{\"@type\":\"PropertyValueSpecification\",\"valueRequired\":true,\"valueName\":\"search_term_string\"}}],\"inLanguage\":\"de\"},{\"@type\":\"Organization\",\"@id\":\"https:\\\/\\\/www.wagnerundteam.de\\\/ergotherapie\\\/#organization\",\"name\":\"Praxis f\u00fcr Ergotherapie Wagner &amp; Team - Berlin Friedrichsfelde Lichtenberg Friedrichshain\",\"url\":\"https:\\\/\\\/www.wagnerundteam.de\\\/ergotherapie\\\/\",\"logo\":{\"@type\":\"ImageObject\",\"inLanguage\":\"de\",\"@id\":\"https:\\\/\\\/www.wagnerundteam.de\\\/ergotherapie\\\/#\\\/schema\\\/logo\\\/image\\\/\",\"url\":\"https:\\\/\\\/www.wagnerundteam.de\\\/ergotherapie\\\/wp-content\\\/uploads\\\/sites\\\/4\\\/2018\\\/08\\\/cropped-LOGO_hoch.png\",\"contentUrl\":\"https:\\\/\\\/www.wagnerundteam.de\\\/ergotherapie\\\/wp-content\\\/uploads\\\/sites\\\/4\\\/2018\\\/08\\\/cropped-LOGO_hoch.png\",\"width\":1140,\"height\":250,\"caption\":\"Praxis f\u00fcr Ergotherapie Wagner &amp; Team - Berlin Friedrichsfelde Lichtenberg Friedrichshain\"},\"image\":{\"@id\":\"https:\\\/\\\/www.wagnerundteam.de\\\/ergotherapie\\\/#\\\/schema\\\/logo\\\/image\\\/\"}}]}<\/script>\n<!-- \/ Yoast SEO plugin. -->","yoast_head_json":{"title":"Kontakt - Praxis f\u00fcr Ergotherapie Wagner &amp; Team - Berlin Friedrichsfelde Lichtenberg Friedrichshain","description":"Hier findest du die Kontaktdaten unserer Praxis f\u00fcr Ergotherapie in Berlin am Tierpark. Wir freuen uns \u00fcber auch auf ein pers\u00f6nliches Kennenlernen.","robots":{"index":"index","follow":"follow","max-snippet":"max-snippet:-1","max-image-preview":"max-image-preview:large","max-video-preview":"max-video-preview:-1"},"canonical":"https:\/\/www.wagnerundteam.de\/ergotherapie\/kontakt\/","og_locale":"de_DE","og_type":"article","og_title":"Kontakt - Praxis f\u00fcr Ergotherapie Wagner &amp; Team - Berlin Friedrichsfelde Lichtenberg Friedrichshain","og_description":"Hier findest du die Kontaktdaten unserer Praxis f\u00fcr Ergotherapie in Berlin am Tierpark. Wir freuen uns \u00fcber auch auf ein pers\u00f6nliches Kennenlernen.","og_url":"https:\/\/www.wagnerundteam.de\/ergotherapie\/kontakt\/","og_site_name":"Praxis f\u00fcr Ergotherapie Wagner &amp; Team - Berlin Friedrichsfelde Lichtenberg Friedrichshain","article_modified_time":"2026-02-12T15:50:52+00:00","twitter_card":"summary_large_image","twitter_misc":{"Gesch\u00e4tzte Lesezeit":"1\u00a0Minute"},"schema":{"@context":"https:\/\/schema.org","@graph":[{"@type":"WebPage","@id":"https:\/\/www.wagnerundteam.de\/ergotherapie\/kontakt\/","url":"https:\/\/www.wagnerundteam.de\/ergotherapie\/kontakt\/","name":"Kontakt - Praxis f\u00fcr Ergotherapie Wagner &amp; Team - Berlin Friedrichsfelde Lichtenberg Friedrichshain","isPartOf":{"@id":"https:\/\/www.wagnerundteam.de\/ergotherapie\/#website"},"datePublished":"2018-09-18T08:53:19+00:00","dateModified":"2026-02-12T15:50:52+00:00","description":"Hier findest du die Kontaktdaten unserer Praxis f\u00fcr Ergotherapie in Berlin am Tierpark. Wir freuen uns \u00fcber auch auf ein pers\u00f6nliches Kennenlernen.","breadcrumb":{"@id":"https:\/\/www.wagnerundteam.de\/ergotherapie\/kontakt\/#breadcrumb"},"inLanguage":"de","potentialAction":[{"@type":"ReadAction","target":["https:\/\/www.wagnerundteam.de\/ergotherapie\/kontakt\/"]}]},{"@type":"BreadcrumbList","@id":"https:\/\/www.wagnerundteam.de\/ergotherapie\/kontakt\/#breadcrumb","itemListElement":[{"@type":"ListItem","position":1,"name":"Startseite","item":"https:\/\/www.wagnerundteam.de\/ergotherapie\/"},{"@type":"ListItem","position":2,"name":"Kontakt"}]},{"@type":"WebSite","@id":"https:\/\/www.wagnerundteam.de\/ergotherapie\/#website","url":"https:\/\/www.wagnerundteam.de\/ergotherapie\/","name":"Praxis f\u00fcr Ergotherapie Wagner &amp; Team - Berlin Friedrichsfelde Lichtenberg Friedrichshain","description":"Ihre Ergotherapeuten Praxis am Tierpark in Berlin","publisher":{"@id":"https:\/\/www.wagnerundteam.de\/ergotherapie\/#organization"},"potentialAction":[{"@type":"SearchAction","target":{"@type":"EntryPoint","urlTemplate":"https:\/\/www.wagnerundteam.de\/ergotherapie\/?s={search_term_string}"},"query-input":{"@type":"PropertyValueSpecification","valueRequired":true,"valueName":"search_term_string"}}],"inLanguage":"de"},{"@type":"Organization","@id":"https:\/\/www.wagnerundteam.de\/ergotherapie\/#organization","name":"Praxis f\u00fcr Ergotherapie Wagner &amp; Team - Berlin Friedrichsfelde Lichtenberg Friedrichshain","url":"https:\/\/www.wagnerundteam.de\/ergotherapie\/","logo":{"@type":"ImageObject","inLanguage":"de","@id":"https:\/\/www.wagnerundteam.de\/ergotherapie\/#\/schema\/logo\/image\/","url":"https:\/\/www.wagnerundteam.de\/ergotherapie\/wp-content\/uploads\/sites\/4\/2018\/08\/cropped-LOGO_hoch.png","contentUrl":"https:\/\/www.wagnerundteam.de\/ergotherapie\/wp-content\/uploads\/sites\/4\/2018\/08\/cropped-LOGO_hoch.png","width":1140,"height":250,"caption":"Praxis f\u00fcr Ergotherapie Wagner &amp; Team - Berlin Friedrichsfelde Lichtenberg Friedrichshain"},"image":{"@id":"https:\/\/www.wagnerundteam.de\/ergotherapie\/#\/schema\/logo\/image\/"}}]}},"_links":{"self":[{"href":"https:\/\/www.wagnerundteam.de\/ergotherapie\/wp-json\/wp\/v2\/pages\/76","targetHints":{"allow":["GET"]}}],"collection":[{"href":"https:\/\/www.wagnerundteam.de\/ergotherapie\/wp-json\/wp\/v2\/pages"}],"about":[{"href":"https:\/\/www.wagnerundteam.de\/ergotherapie\/wp-json\/wp\/v2\/types\/page"}],"author":[{"embeddable":true,"href":"https:\/\/www.wagnerundteam.de\/ergotherapie\/wp-json\/wp\/v2\/users\/1"}],"replies":[{"embeddable":true,"href":"https:\/\/www.wagnerundteam.de\/ergotherapie\/wp-json\/wp\/v2\/comments?post=76"}],"version-history":[{"count":2,"href":"https:\/\/www.wagnerundteam.de\/ergotherapie\/wp-json\/wp\/v2\/pages\/76\/revisions"}],"predecessor-version":[{"id":986,"href":"https:\/\/www.wagnerundteam.de\/ergotherapie\/wp-json\/wp\/v2\/pages\/76\/revisions\/986"}],"wp:attachment":[{"href":"https:\/\/www.wagnerundteam.de\/ergotherapie\/wp-json\/wp\/v2\/media?parent=76"}],"curies":[{"name":"wp","href":"https:\/\/api.w.org\/{rel}","templated":true}]}}