{"id":830,"date":"2024-11-08T19:26:11","date_gmt":"2024-11-08T18:26:11","guid":{"rendered":"https:\/\/www.wagnerundteam.de\/?page_id=830"},"modified":"2024-11-08T19:26:11","modified_gmt":"2024-11-08T18:26:11","slug":"achtsamkeits-gruppe","status":"publish","type":"page","link":"https:\/\/www.wagnerundteam.de\/ergotherapie\/therapien\/psychatrie\/achtsamkeits-gruppe\/","title":{"rendered":"Achtsamkeits-Gruppe"},"content":{"rendered":"\n<p class=\"has-background has-medium-font-size\" style=\"background-color:#c1d79c;font-style:normal;font-weight:500\">In unserer Achtsamkeitsgruppe lernen Sie, Ihre<br>Gedanken, Gef\u00fchle und K\u00f6rperempfindungen<br>bewusst wahrzunehmen. Mit gezielten \u00dcbungen und<br>Techniken st\u00e4rken Sie Ihr Selbstvertrauen,<br>reduzieren Stress und verbessern Ihre Konzentration.<br>Die Gruppe eignet sich f\u00fcr alle, die mehr<br>Gelassenheit und Achtsamkeit im Alltag erleben<br>m\u00f6chten.<\/p>\n\n\n\n<figure class=\"wp-block-image size-large\"><img loading=\"lazy\" decoding=\"async\" width=\"987\" height=\"1024\" src=\"https:\/\/www.wagnerundteam.de\/ergotherapie\/wp-content\/uploads\/sites\/4\/2024\/11\/Natur-Bauernhof-Tiere-Kinder-Angebot-Veranstaltung-Foto-Flyer-Gruen-Handschrift_-987x1024.png\" alt=\"Foto mit flie\u00dfendem Wasser und aufget\u00fcrmten Steinen\" class=\"wp-image-841\" srcset=\"https:\/\/www.wagnerundteam.de\/ergotherapie\/wp-content\/uploads\/sites\/4\/2024\/11\/Natur-Bauernhof-Tiere-Kinder-Angebot-Veranstaltung-Foto-Flyer-Gruen-Handschrift_-987x1024.png 987w, https:\/\/www.wagnerundteam.de\/ergotherapie\/wp-content\/uploads\/sites\/4\/2024\/11\/Natur-Bauernhof-Tiere-Kinder-Angebot-Veranstaltung-Foto-Flyer-Gruen-Handschrift_-289x300.png 289w, https:\/\/www.wagnerundteam.de\/ergotherapie\/wp-content\/uploads\/sites\/4\/2024\/11\/Natur-Bauernhof-Tiere-Kinder-Angebot-Veranstaltung-Foto-Flyer-Gruen-Handschrift_-768x796.png 768w, https:\/\/www.wagnerundteam.de\/ergotherapie\/wp-content\/uploads\/sites\/4\/2024\/11\/Natur-Bauernhof-Tiere-Kinder-Angebot-Veranstaltung-Foto-Flyer-Gruen-Handschrift_.png 1108w\" sizes=\"auto, (max-width: 767px) 89vw, (max-width: 1000px) 54vw, (max-width: 1071px) 543px, 580px\" \/><\/figure>\n\n\n\n<p class=\"has-background\" style=\"background-color:#c1d79c;font-size:17px\"><strong>Haben wir dein Interesse geweckt?<\/strong><br><br><strong>Jeden Dienstag von 16 bis 17 Uhr<\/strong><br><strong>Anmeldung unter 030 50 9489 88<\/strong> oder per <strong><a href=\"https:\/\/www.wagnerundteam.de\/kontakt\/\">Kontakt-Formular<\/a><\/strong><br><strong>Rhinstr. 11 \u2013 10315 Berlin<\/strong><br><br>Teilnahme auf Selbstzahler-Basis oder mit ergotherapeutischer Heilmittelverordnung.<\/p>\n\n\n\n<p><\/p>\n\n\n\n<p><\/p>\n","protected":false},"excerpt":{"rendered":"<p>In unserer Achtsamkeitsgruppe lernen Sie, IhreGedanken, Gef\u00fchle und K\u00f6rperempfindungenbewusst wahrzunehmen. Mit gezielten \u00dcbungen undTechniken st\u00e4rken Sie Ihr Selbstvertrauen,reduzieren Stress und verbessern Ihre Konzentration.Die Gruppe eignet sich f\u00fcr alle, die mehrGelassenheit und Achtsamkeit im Alltag erlebenm\u00f6chten. Haben wir dein Interesse geweckt? Jeden Dienstag von 16 bis 17 UhrAnmeldung unter 030 50 9489 88 oder per Kontakt-FormularRhinstr. &hellip; <\/p>\n<p class=\"link-more\"><a href=\"https:\/\/www.wagnerundteam.de\/ergotherapie\/therapien\/psychatrie\/achtsamkeits-gruppe\/\" class=\"more-link\"><span class=\"screen-reader-text\">\u201eAchtsamkeits-Gruppe\u201c<\/span> weiterlesen<\/a><\/p>\n","protected":false},"author":1,"featured_media":0,"parent":371,"menu_order":1,"comment_status":"closed","ping_status":"closed","template":"","meta":{"ngg_post_thumbnail":0,"footnotes":"[]"},"class_list":["post-830","page","type-page","status-publish","hentry"],"yoast_head":"<!-- This site is optimized with the Yoast SEO plugin v27.5 - https:\/\/yoast.com\/product\/yoast-seo-wordpress\/ -->\n<title>Achtsamkeits-Gruppe - Praxis f\u00fcr Ergotherapie Wagner &amp; Team - Berlin Friedrichsfelde Lichtenberg Friedrichshain<\/title>\n<meta name=\"description\" content=\"Lernen Sie Ihre Gedanken, Gef\u00fchle und K\u00f6rperempfindungenbewusst wahrzunehmen. Mit gezielten \u00dcbungen und Techniken st\u00e4rken Sie Ihr Selbstvertrauen, reduzieren Stress und verbessern Ihre Konzentration.\" \/>\n<meta name=\"robots\" content=\"index, follow, max-snippet:-1, max-image-preview:large, max-video-preview:-1\" \/>\n<link rel=\"canonical\" href=\"https:\/\/www.wagnerundteam.de\/ergotherapie\/therapien\/psychatrie\/achtsamkeits-gruppe\/\" \/>\n<meta property=\"og:locale\" content=\"de_DE\" \/>\n<meta property=\"og:type\" content=\"article\" \/>\n<meta property=\"og:title\" content=\"Achtsamkeits-Gruppe - Praxis f\u00fcr Ergotherapie Wagner &amp; Team - Berlin Friedrichsfelde Lichtenberg Friedrichshain\" \/>\n<meta property=\"og:description\" content=\"Lernen Sie Ihre Gedanken, Gef\u00fchle und K\u00f6rperempfindungenbewusst wahrzunehmen. Mit gezielten \u00dcbungen und Techniken st\u00e4rken Sie Ihr Selbstvertrauen, reduzieren Stress und verbessern Ihre Konzentration.\" \/>\n<meta property=\"og:url\" content=\"https:\/\/www.wagnerundteam.de\/ergotherapie\/therapien\/psychatrie\/achtsamkeits-gruppe\/\" \/>\n<meta property=\"og:site_name\" content=\"Praxis f\u00fcr Ergotherapie Wagner &amp; Team - Berlin Friedrichsfelde Lichtenberg Friedrichshain\" \/>\n<meta property=\"og:image\" content=\"https:\/\/www.wagnerundteam.de\/ergotherapie\/wp-content\/uploads\/sites\/4\/2024\/11\/Natur-Bauernhof-Tiere-Kinder-Angebot-Veranstaltung-Foto-Flyer-Gruen-Handschrift_-987x1024.png\" \/>\n<meta name=\"twitter:card\" content=\"summary_large_image\" \/>\n<meta name=\"twitter:label1\" content=\"Gesch\u00e4tzte Lesezeit\" \/>\n\t<meta name=\"twitter:data1\" content=\"1\u00a0Minute\" \/>\n<script type=\"application\/ld+json\" class=\"yoast-schema-graph\">{\"@context\":\"https:\\\/\\\/schema.org\",\"@graph\":[{\"@type\":\"WebPage\",\"@id\":\"https:\\\/\\\/www.wagnerundteam.de\\\/ergotherapie\\\/therapien\\\/psychatrie\\\/achtsamkeits-gruppe\\\/\",\"url\":\"https:\\\/\\\/www.wagnerundteam.de\\\/ergotherapie\\\/therapien\\\/psychatrie\\\/achtsamkeits-gruppe\\\/\",\"name\":\"Achtsamkeits-Gruppe - Praxis f\u00fcr Ergotherapie Wagner &amp; Team - Berlin Friedrichsfelde Lichtenberg Friedrichshain\",\"isPartOf\":{\"@id\":\"https:\\\/\\\/www.wagnerundteam.de\\\/ergotherapie\\\/#website\"},\"primaryImageOfPage\":{\"@id\":\"https:\\\/\\\/www.wagnerundteam.de\\\/ergotherapie\\\/therapien\\\/psychatrie\\\/achtsamkeits-gruppe\\\/#primaryimage\"},\"image\":{\"@id\":\"https:\\\/\\\/www.wagnerundteam.de\\\/ergotherapie\\\/therapien\\\/psychatrie\\\/achtsamkeits-gruppe\\\/#primaryimage\"},\"thumbnailUrl\":\"https:\\\/\\\/www.wagnerundteam.de\\\/ergotherapie\\\/wp-content\\\/uploads\\\/sites\\\/4\\\/2024\\\/11\\\/Natur-Bauernhof-Tiere-Kinder-Angebot-Veranstaltung-Foto-Flyer-Gruen-Handschrift_-987x1024.png\",\"datePublished\":\"2024-11-08T18:26:11+00:00\",\"description\":\"Lernen Sie Ihre Gedanken, Gef\u00fchle und K\u00f6rperempfindungenbewusst wahrzunehmen. Mit gezielten \u00dcbungen und Techniken st\u00e4rken Sie Ihr Selbstvertrauen, reduzieren Stress und verbessern Ihre Konzentration.\",\"breadcrumb\":{\"@id\":\"https:\\\/\\\/www.wagnerundteam.de\\\/ergotherapie\\\/therapien\\\/psychatrie\\\/achtsamkeits-gruppe\\\/#breadcrumb\"},\"inLanguage\":\"de\",\"potentialAction\":[{\"@type\":\"ReadAction\",\"target\":[\"https:\\\/\\\/www.wagnerundteam.de\\\/ergotherapie\\\/therapien\\\/psychatrie\\\/achtsamkeits-gruppe\\\/\"]}]},{\"@type\":\"ImageObject\",\"inLanguage\":\"de\",\"@id\":\"https:\\\/\\\/www.wagnerundteam.de\\\/ergotherapie\\\/therapien\\\/psychatrie\\\/achtsamkeits-gruppe\\\/#primaryimage\",\"url\":\"https:\\\/\\\/www.wagnerundteam.de\\\/ergotherapie\\\/wp-content\\\/uploads\\\/sites\\\/4\\\/2024\\\/11\\\/Natur-Bauernhof-Tiere-Kinder-Angebot-Veranstaltung-Foto-Flyer-Gruen-Handschrift_.png\",\"contentUrl\":\"https:\\\/\\\/www.wagnerundteam.de\\\/ergotherapie\\\/wp-content\\\/uploads\\\/sites\\\/4\\\/2024\\\/11\\\/Natur-Bauernhof-Tiere-Kinder-Angebot-Veranstaltung-Foto-Flyer-Gruen-Handschrift_.png\",\"width\":1108,\"height\":1149},{\"@type\":\"BreadcrumbList\",\"@id\":\"https:\\\/\\\/www.wagnerundteam.de\\\/ergotherapie\\\/therapien\\\/psychatrie\\\/achtsamkeits-gruppe\\\/#breadcrumb\",\"itemListElement\":[{\"@type\":\"ListItem\",\"position\":1,\"name\":\"Startseite\",\"item\":\"https:\\\/\\\/www.wagnerundteam.de\\\/ergotherapie\\\/\"},{\"@type\":\"ListItem\",\"position\":2,\"name\":\"Therapien\",\"item\":\"https:\\\/\\\/www.wagnerundteam.de\\\/ergotherapie\\\/therapien\\\/\"},{\"@type\":\"ListItem\",\"position\":3,\"name\":\"Psychiatrie\",\"item\":\"https:\\\/\\\/www.wagnerundteam.de\\\/ergotherapie\\\/therapien\\\/psychatrie\\\/\"},{\"@type\":\"ListItem\",\"position\":4,\"name\":\"Achtsamkeits-Gruppe\"}]},{\"@type\":\"WebSite\",\"@id\":\"https:\\\/\\\/www.wagnerundteam.de\\\/ergotherapie\\\/#website\",\"url\":\"https:\\\/\\\/www.wagnerundteam.de\\\/ergotherapie\\\/\",\"name\":\"Praxis f\u00fcr Ergotherapie Wagner &amp; Team - Berlin Friedrichsfelde Lichtenberg Friedrichshain\",\"description\":\"Ihre Ergotherapeuten Praxis am Tierpark in Berlin\",\"publisher\":{\"@id\":\"https:\\\/\\\/www.wagnerundteam.de\\\/ergotherapie\\\/#organization\"},\"potentialAction\":[{\"@type\":\"SearchAction\",\"target\":{\"@type\":\"EntryPoint\",\"urlTemplate\":\"https:\\\/\\\/www.wagnerundteam.de\\\/ergotherapie\\\/?s={search_term_string}\"},\"query-input\":{\"@type\":\"PropertyValueSpecification\",\"valueRequired\":true,\"valueName\":\"search_term_string\"}}],\"inLanguage\":\"de\"},{\"@type\":\"Organization\",\"@id\":\"https:\\\/\\\/www.wagnerundteam.de\\\/ergotherapie\\\/#organization\",\"name\":\"Praxis f\u00fcr Ergotherapie Wagner &amp; Team - Berlin Friedrichsfelde Lichtenberg Friedrichshain\",\"url\":\"https:\\\/\\\/www.wagnerundteam.de\\\/ergotherapie\\\/\",\"logo\":{\"@type\":\"ImageObject\",\"inLanguage\":\"de\",\"@id\":\"https:\\\/\\\/www.wagnerundteam.de\\\/ergotherapie\\\/#\\\/schema\\\/logo\\\/image\\\/\",\"url\":\"https:\\\/\\\/www.wagnerundteam.de\\\/ergotherapie\\\/wp-content\\\/uploads\\\/sites\\\/4\\\/2018\\\/08\\\/cropped-LOGO_hoch.png\",\"contentUrl\":\"https:\\\/\\\/www.wagnerundteam.de\\\/ergotherapie\\\/wp-content\\\/uploads\\\/sites\\\/4\\\/2018\\\/08\\\/cropped-LOGO_hoch.png\",\"width\":1140,\"height\":250,\"caption\":\"Praxis f\u00fcr Ergotherapie Wagner &amp; Team - Berlin Friedrichsfelde Lichtenberg Friedrichshain\"},\"image\":{\"@id\":\"https:\\\/\\\/www.wagnerundteam.de\\\/ergotherapie\\\/#\\\/schema\\\/logo\\\/image\\\/\"}}]}<\/script>\n<!-- \/ Yoast SEO plugin. -->","yoast_head_json":{"title":"Achtsamkeits-Gruppe - Praxis f\u00fcr Ergotherapie Wagner &amp; Team - Berlin Friedrichsfelde Lichtenberg Friedrichshain","description":"Lernen Sie Ihre Gedanken, Gef\u00fchle und K\u00f6rperempfindungenbewusst wahrzunehmen. Mit gezielten \u00dcbungen und Techniken st\u00e4rken Sie Ihr Selbstvertrauen, reduzieren Stress und verbessern Ihre Konzentration.","robots":{"index":"index","follow":"follow","max-snippet":"max-snippet:-1","max-image-preview":"max-image-preview:large","max-video-preview":"max-video-preview:-1"},"canonical":"https:\/\/www.wagnerundteam.de\/ergotherapie\/therapien\/psychatrie\/achtsamkeits-gruppe\/","og_locale":"de_DE","og_type":"article","og_title":"Achtsamkeits-Gruppe - Praxis f\u00fcr Ergotherapie Wagner &amp; Team - Berlin Friedrichsfelde Lichtenberg Friedrichshain","og_description":"Lernen Sie Ihre Gedanken, Gef\u00fchle und K\u00f6rperempfindungenbewusst wahrzunehmen. Mit gezielten \u00dcbungen und Techniken st\u00e4rken Sie Ihr Selbstvertrauen, reduzieren Stress und verbessern Ihre Konzentration.","og_url":"https:\/\/www.wagnerundteam.de\/ergotherapie\/therapien\/psychatrie\/achtsamkeits-gruppe\/","og_site_name":"Praxis f\u00fcr Ergotherapie Wagner &amp; Team - Berlin Friedrichsfelde Lichtenberg Friedrichshain","og_image":[{"url":"https:\/\/www.wagnerundteam.de\/ergotherapie\/wp-content\/uploads\/sites\/4\/2024\/11\/Natur-Bauernhof-Tiere-Kinder-Angebot-Veranstaltung-Foto-Flyer-Gruen-Handschrift_-987x1024.png","type":"","width":"","height":""}],"twitter_card":"summary_large_image","twitter_misc":{"Gesch\u00e4tzte Lesezeit":"1\u00a0Minute"},"schema":{"@context":"https:\/\/schema.org","@graph":[{"@type":"WebPage","@id":"https:\/\/www.wagnerundteam.de\/ergotherapie\/therapien\/psychatrie\/achtsamkeits-gruppe\/","url":"https:\/\/www.wagnerundteam.de\/ergotherapie\/therapien\/psychatrie\/achtsamkeits-gruppe\/","name":"Achtsamkeits-Gruppe - Praxis f\u00fcr Ergotherapie Wagner &amp; Team - Berlin Friedrichsfelde Lichtenberg Friedrichshain","isPartOf":{"@id":"https:\/\/www.wagnerundteam.de\/ergotherapie\/#website"},"primaryImageOfPage":{"@id":"https:\/\/www.wagnerundteam.de\/ergotherapie\/therapien\/psychatrie\/achtsamkeits-gruppe\/#primaryimage"},"image":{"@id":"https:\/\/www.wagnerundteam.de\/ergotherapie\/therapien\/psychatrie\/achtsamkeits-gruppe\/#primaryimage"},"thumbnailUrl":"https:\/\/www.wagnerundteam.de\/ergotherapie\/wp-content\/uploads\/sites\/4\/2024\/11\/Natur-Bauernhof-Tiere-Kinder-Angebot-Veranstaltung-Foto-Flyer-Gruen-Handschrift_-987x1024.png","datePublished":"2024-11-08T18:26:11+00:00","description":"Lernen Sie Ihre Gedanken, Gef\u00fchle und K\u00f6rperempfindungenbewusst wahrzunehmen. Mit gezielten \u00dcbungen und Techniken st\u00e4rken Sie Ihr Selbstvertrauen, reduzieren Stress und verbessern Ihre Konzentration.","breadcrumb":{"@id":"https:\/\/www.wagnerundteam.de\/ergotherapie\/therapien\/psychatrie\/achtsamkeits-gruppe\/#breadcrumb"},"inLanguage":"de","potentialAction":[{"@type":"ReadAction","target":["https:\/\/www.wagnerundteam.de\/ergotherapie\/therapien\/psychatrie\/achtsamkeits-gruppe\/"]}]},{"@type":"ImageObject","inLanguage":"de","@id":"https:\/\/www.wagnerundteam.de\/ergotherapie\/therapien\/psychatrie\/achtsamkeits-gruppe\/#primaryimage","url":"https:\/\/www.wagnerundteam.de\/ergotherapie\/wp-content\/uploads\/sites\/4\/2024\/11\/Natur-Bauernhof-Tiere-Kinder-Angebot-Veranstaltung-Foto-Flyer-Gruen-Handschrift_.png","contentUrl":"https:\/\/www.wagnerundteam.de\/ergotherapie\/wp-content\/uploads\/sites\/4\/2024\/11\/Natur-Bauernhof-Tiere-Kinder-Angebot-Veranstaltung-Foto-Flyer-Gruen-Handschrift_.png","width":1108,"height":1149},{"@type":"BreadcrumbList","@id":"https:\/\/www.wagnerundteam.de\/ergotherapie\/therapien\/psychatrie\/achtsamkeits-gruppe\/#breadcrumb","itemListElement":[{"@type":"ListItem","position":1,"name":"Startseite","item":"https:\/\/www.wagnerundteam.de\/ergotherapie\/"},{"@type":"ListItem","position":2,"name":"Therapien","item":"https:\/\/www.wagnerundteam.de\/ergotherapie\/therapien\/"},{"@type":"ListItem","position":3,"name":"Psychiatrie","item":"https:\/\/www.wagnerundteam.de\/ergotherapie\/therapien\/psychatrie\/"},{"@type":"ListItem","position":4,"name":"Achtsamkeits-Gruppe"}]},{"@type":"WebSite","@id":"https:\/\/www.wagnerundteam.de\/ergotherapie\/#website","url":"https:\/\/www.wagnerundteam.de\/ergotherapie\/","name":"Praxis f\u00fcr Ergotherapie Wagner &amp; Team - Berlin Friedrichsfelde Lichtenberg Friedrichshain","description":"Ihre Ergotherapeuten Praxis am Tierpark in Berlin","publisher":{"@id":"https:\/\/www.wagnerundteam.de\/ergotherapie\/#organization"},"potentialAction":[{"@type":"SearchAction","target":{"@type":"EntryPoint","urlTemplate":"https:\/\/www.wagnerundteam.de\/ergotherapie\/?s={search_term_string}"},"query-input":{"@type":"PropertyValueSpecification","valueRequired":true,"valueName":"search_term_string"}}],"inLanguage":"de"},{"@type":"Organization","@id":"https:\/\/www.wagnerundteam.de\/ergotherapie\/#organization","name":"Praxis f\u00fcr Ergotherapie Wagner &amp; Team - Berlin Friedrichsfelde Lichtenberg Friedrichshain","url":"https:\/\/www.wagnerundteam.de\/ergotherapie\/","logo":{"@type":"ImageObject","inLanguage":"de","@id":"https:\/\/www.wagnerundteam.de\/ergotherapie\/#\/schema\/logo\/image\/","url":"https:\/\/www.wagnerundteam.de\/ergotherapie\/wp-content\/uploads\/sites\/4\/2018\/08\/cropped-LOGO_hoch.png","contentUrl":"https:\/\/www.wagnerundteam.de\/ergotherapie\/wp-content\/uploads\/sites\/4\/2018\/08\/cropped-LOGO_hoch.png","width":1140,"height":250,"caption":"Praxis f\u00fcr Ergotherapie Wagner &amp; Team - Berlin Friedrichsfelde Lichtenberg Friedrichshain"},"image":{"@id":"https:\/\/www.wagnerundteam.de\/ergotherapie\/#\/schema\/logo\/image\/"}}]}},"_links":{"self":[{"href":"https:\/\/www.wagnerundteam.de\/ergotherapie\/wp-json\/wp\/v2\/pages\/830","targetHints":{"allow":["GET"]}}],"collection":[{"href":"https:\/\/www.wagnerundteam.de\/ergotherapie\/wp-json\/wp\/v2\/pages"}],"about":[{"href":"https:\/\/www.wagnerundteam.de\/ergotherapie\/wp-json\/wp\/v2\/types\/page"}],"author":[{"embeddable":true,"href":"https:\/\/www.wagnerundteam.de\/ergotherapie\/wp-json\/wp\/v2\/users\/1"}],"replies":[{"embeddable":true,"href":"https:\/\/www.wagnerundteam.de\/ergotherapie\/wp-json\/wp\/v2\/comments?post=830"}],"version-history":[{"count":0,"href":"https:\/\/www.wagnerundteam.de\/ergotherapie\/wp-json\/wp\/v2\/pages\/830\/revisions"}],"up":[{"embeddable":true,"href":"https:\/\/www.wagnerundteam.de\/ergotherapie\/wp-json\/wp\/v2\/pages\/371"}],"wp:attachment":[{"href":"https:\/\/www.wagnerundteam.de\/ergotherapie\/wp-json\/wp\/v2\/media?parent=830"}],"curies":[{"name":"wp","href":"https:\/\/api.w.org\/{rel}","templated":true}]}}