{"id":17,"date":"2025-08-08T20:25:04","date_gmt":"2025-08-08T18:25:04","guid":{"rendered":"https:\/\/www.wagnerundteam.de\/psychotherapie\/?page_id=17"},"modified":"2025-08-08T20:25:48","modified_gmt":"2025-08-08T18:25:48","slug":"ueber-mich-m-sc-psych-david-wagner","status":"publish","type":"page","link":"https:\/\/www.wagnerundteam.de\/psychotherapie\/ueber-mich-m-sc-psych-david-wagner\/","title":{"rendered":"\u00dcber mich \u2013 M.Sc. Psych. David Wagner"},"content":{"rendered":"\n<p>Ich bin Verhaltenstherapeut. D.h. f\u00fcr Sie, dass, um Ihnen dabei zu helfen, sich mit Ihrer individuellen Situation, Gedanken, Gef\u00fchlen, Verhaltensweisen und Zielen auseinanderzusetzen, bew\u00e4hrte und wissenschaftliche (evidenzbasierte, wirksame) Methoden aus verschiedenen Ans\u00e4tzen flexibel und zielgerichtet zum Einsatz kommen. Dazu z\u00e4hlen unter anderem auch Methoden aus <strong>Schematherapie <\/strong>(ein tiefgehender Ansatz, der hilft, alte, unbewusste Muster zu erkennen und zu ver\u00e4ndern), <strong>CBASP <\/strong>(eine spezielle Therapieform, die besonders bei chronischen Depressionen angewendet wird), <strong>DBT <\/strong>(ein effektiver Ansatz, um emotionale Instabilit\u00e4t und Selbstsch\u00e4digung zu \u00fcberwinden) und <strong>Emotionsfokussierter Therapie<\/strong> (eine Methode, die sich darauf konzentriert, emotionale Blockaden zu l\u00f6sen und tiefere emotionale Bed\u00fcrfnisse zu verstehen).<\/p>\n\n\n\n<p>Au\u00dfer auf <strong>Deutsch<\/strong>, biete ich meine Psychotherapiesitzungen auch auf <strong>Spanisch <\/strong>an.<\/p>\n\n\n\n<p>Sonstiges:<\/p>\n\n\n\n<p>Neben meiner ambulanten psychotherapeutischen T\u00e4tigkeit bin ich u.A. in der Lehre (Studiengang Psychotherapie), beratend in einem tollen ergotherapeutischen Team und als Fu\u00dfballtrainer einer quirligen D-Jugend t\u00e4tig.<\/p>\n\n\n\n<p><\/p>\n","protected":false},"excerpt":{"rendered":"<p>Ich bin Verhaltenstherapeut. D.h. f\u00fcr Sie, dass, um Ihnen dabei zu helfen, sich mit Ihrer individuellen Situation, Gedanken, Gef\u00fchlen, Verhaltensweisen und Zielen auseinanderzusetzen, bew\u00e4hrte und wissenschaftliche (evidenzbasierte, wirksame) Methoden aus verschiedenen Ans\u00e4tzen flexibel und zielgerichtet zum Einsatz kommen. Dazu z\u00e4hlen unter anderem auch Methoden aus Schematherapie (ein tiefgehender Ansatz, der hilft, alte, unbewusste Muster zu &hellip; <\/p>\n<p class=\"link-more\"><a href=\"https:\/\/www.wagnerundteam.de\/psychotherapie\/ueber-mich-m-sc-psych-david-wagner\/\" class=\"more-link\"><span class=\"screen-reader-text\">\u201e\u00dcber mich \u2013 M.Sc. Psych. David Wagner\u201c<\/span> weiterlesen<\/a><\/p>\n","protected":false},"author":1,"featured_media":0,"parent":0,"menu_order":0,"comment_status":"closed","ping_status":"closed","template":"","meta":{"ngg_post_thumbnail":0,"footnotes":""},"class_list":["post-17","page","type-page","status-publish","hentry"],"yoast_head":"<!-- This site is optimized with the Yoast SEO plugin v27.6 - https:\/\/yoast.com\/product\/yoast-seo-wordpress\/ -->\n<title>\u00dcber mich \u2013 M.Sc. Psych. David Wagner - Praxis f\u00fcr Psychotherapie Wagner - Berlin Friedrichsfelde Lichtenberg Friedrichshain<\/title>\n<meta name=\"robots\" content=\"index, follow, max-snippet:-1, max-image-preview:large, max-video-preview:-1\" \/>\n<link rel=\"canonical\" href=\"https:\/\/www.wagnerundteam.de\/psychotherapie\/ueber-mich-m-sc-psych-david-wagner\/\" \/>\n<meta property=\"og:locale\" content=\"de_DE\" \/>\n<meta property=\"og:type\" content=\"article\" \/>\n<meta property=\"og:title\" content=\"\u00dcber mich \u2013 M.Sc. Psych. David Wagner - Praxis f\u00fcr Psychotherapie Wagner - Berlin Friedrichsfelde Lichtenberg Friedrichshain\" \/>\n<meta property=\"og:description\" content=\"Ich bin Verhaltenstherapeut. D.h. f\u00fcr Sie, dass, um Ihnen dabei zu helfen, sich mit Ihrer individuellen Situation, Gedanken, Gef\u00fchlen, Verhaltensweisen und Zielen auseinanderzusetzen, bew\u00e4hrte und wissenschaftliche (evidenzbasierte, wirksame) Methoden aus verschiedenen Ans\u00e4tzen flexibel und zielgerichtet zum Einsatz kommen. Dazu z\u00e4hlen unter anderem auch Methoden aus Schematherapie (ein tiefgehender Ansatz, der hilft, alte, unbewusste Muster zu &hellip; \u201e\u00dcber mich \u2013 M.Sc. Psych. David Wagner\u201c weiterlesen\" \/>\n<meta property=\"og:url\" content=\"https:\/\/www.wagnerundteam.de\/psychotherapie\/ueber-mich-m-sc-psych-david-wagner\/\" \/>\n<meta property=\"og:site_name\" content=\"Praxis f\u00fcr Psychotherapie Wagner - Berlin Friedrichsfelde Lichtenberg Friedrichshain\" \/>\n<meta property=\"article:modified_time\" content=\"2025-08-08T18:25:48+00:00\" \/>\n<meta name=\"twitter:card\" content=\"summary_large_image\" \/>\n<meta name=\"twitter:label1\" content=\"Gesch\u00e4tzte Lesezeit\" \/>\n\t<meta name=\"twitter:data1\" content=\"1\u00a0Minute\" \/>\n<script type=\"application\/ld+json\" class=\"yoast-schema-graph\">{\"@context\":\"https:\\\/\\\/schema.org\",\"@graph\":[{\"@type\":\"WebPage\",\"@id\":\"https:\\\/\\\/www.wagnerundteam.de\\\/psychotherapie\\\/ueber-mich-m-sc-psych-david-wagner\\\/\",\"url\":\"https:\\\/\\\/www.wagnerundteam.de\\\/psychotherapie\\\/ueber-mich-m-sc-psych-david-wagner\\\/\",\"name\":\"\u00dcber mich \u2013 M.Sc. Psych. David Wagner - Praxis f\u00fcr Psychotherapie Wagner - Berlin Friedrichsfelde Lichtenberg Friedrichshain\",\"isPartOf\":{\"@id\":\"https:\\\/\\\/www.wagnerundteam.de\\\/psychotherapie\\\/#website\"},\"datePublished\":\"2025-08-08T18:25:04+00:00\",\"dateModified\":\"2025-08-08T18:25:48+00:00\",\"breadcrumb\":{\"@id\":\"https:\\\/\\\/www.wagnerundteam.de\\\/psychotherapie\\\/ueber-mich-m-sc-psych-david-wagner\\\/#breadcrumb\"},\"inLanguage\":\"de\",\"potentialAction\":[{\"@type\":\"ReadAction\",\"target\":[\"https:\\\/\\\/www.wagnerundteam.de\\\/psychotherapie\\\/ueber-mich-m-sc-psych-david-wagner\\\/\"]}]},{\"@type\":\"BreadcrumbList\",\"@id\":\"https:\\\/\\\/www.wagnerundteam.de\\\/psychotherapie\\\/ueber-mich-m-sc-psych-david-wagner\\\/#breadcrumb\",\"itemListElement\":[{\"@type\":\"ListItem\",\"position\":1,\"name\":\"Startseite\",\"item\":\"https:\\\/\\\/www.wagnerundteam.de\\\/psychotherapie\\\/\"},{\"@type\":\"ListItem\",\"position\":2,\"name\":\"\u00dcber mich \u2013 M.Sc. Psych. David Wagner\"}]},{\"@type\":\"WebSite\",\"@id\":\"https:\\\/\\\/www.wagnerundteam.de\\\/psychotherapie\\\/#website\",\"url\":\"https:\\\/\\\/www.wagnerundteam.de\\\/psychotherapie\\\/\",\"name\":\"Praxis f\u00fcr Psychotherapie Wagner - Berlin Friedrichsfelde Lichtenberg Friedrichshain\",\"description\":\"\",\"potentialAction\":[{\"@type\":\"SearchAction\",\"target\":{\"@type\":\"EntryPoint\",\"urlTemplate\":\"https:\\\/\\\/www.wagnerundteam.de\\\/psychotherapie\\\/?s={search_term_string}\"},\"query-input\":{\"@type\":\"PropertyValueSpecification\",\"valueRequired\":true,\"valueName\":\"search_term_string\"}}],\"inLanguage\":\"de\"}]}<\/script>\n<!-- \/ Yoast SEO plugin. -->","yoast_head_json":{"title":"\u00dcber mich \u2013 M.Sc. Psych. David Wagner - Praxis f\u00fcr Psychotherapie Wagner - Berlin Friedrichsfelde Lichtenberg Friedrichshain","robots":{"index":"index","follow":"follow","max-snippet":"max-snippet:-1","max-image-preview":"max-image-preview:large","max-video-preview":"max-video-preview:-1"},"canonical":"https:\/\/www.wagnerundteam.de\/psychotherapie\/ueber-mich-m-sc-psych-david-wagner\/","og_locale":"de_DE","og_type":"article","og_title":"\u00dcber mich \u2013 M.Sc. Psych. David Wagner - Praxis f\u00fcr Psychotherapie Wagner - Berlin Friedrichsfelde Lichtenberg Friedrichshain","og_description":"Ich bin Verhaltenstherapeut. D.h. f\u00fcr Sie, dass, um Ihnen dabei zu helfen, sich mit Ihrer individuellen Situation, Gedanken, Gef\u00fchlen, Verhaltensweisen und Zielen auseinanderzusetzen, bew\u00e4hrte und wissenschaftliche (evidenzbasierte, wirksame) Methoden aus verschiedenen Ans\u00e4tzen flexibel und zielgerichtet zum Einsatz kommen. Dazu z\u00e4hlen unter anderem auch Methoden aus Schematherapie (ein tiefgehender Ansatz, der hilft, alte, unbewusste Muster zu &hellip; \u201e\u00dcber mich \u2013 M.Sc. Psych. David Wagner\u201c weiterlesen","og_url":"https:\/\/www.wagnerundteam.de\/psychotherapie\/ueber-mich-m-sc-psych-david-wagner\/","og_site_name":"Praxis f\u00fcr Psychotherapie Wagner - Berlin Friedrichsfelde Lichtenberg Friedrichshain","article_modified_time":"2025-08-08T18:25:48+00:00","twitter_card":"summary_large_image","twitter_misc":{"Gesch\u00e4tzte Lesezeit":"1\u00a0Minute"},"schema":{"@context":"https:\/\/schema.org","@graph":[{"@type":"WebPage","@id":"https:\/\/www.wagnerundteam.de\/psychotherapie\/ueber-mich-m-sc-psych-david-wagner\/","url":"https:\/\/www.wagnerundteam.de\/psychotherapie\/ueber-mich-m-sc-psych-david-wagner\/","name":"\u00dcber mich \u2013 M.Sc. Psych. David Wagner - Praxis f\u00fcr Psychotherapie Wagner - Berlin Friedrichsfelde Lichtenberg Friedrichshain","isPartOf":{"@id":"https:\/\/www.wagnerundteam.de\/psychotherapie\/#website"},"datePublished":"2025-08-08T18:25:04+00:00","dateModified":"2025-08-08T18:25:48+00:00","breadcrumb":{"@id":"https:\/\/www.wagnerundteam.de\/psychotherapie\/ueber-mich-m-sc-psych-david-wagner\/#breadcrumb"},"inLanguage":"de","potentialAction":[{"@type":"ReadAction","target":["https:\/\/www.wagnerundteam.de\/psychotherapie\/ueber-mich-m-sc-psych-david-wagner\/"]}]},{"@type":"BreadcrumbList","@id":"https:\/\/www.wagnerundteam.de\/psychotherapie\/ueber-mich-m-sc-psych-david-wagner\/#breadcrumb","itemListElement":[{"@type":"ListItem","position":1,"name":"Startseite","item":"https:\/\/www.wagnerundteam.de\/psychotherapie\/"},{"@type":"ListItem","position":2,"name":"\u00dcber mich \u2013 M.Sc. Psych. David Wagner"}]},{"@type":"WebSite","@id":"https:\/\/www.wagnerundteam.de\/psychotherapie\/#website","url":"https:\/\/www.wagnerundteam.de\/psychotherapie\/","name":"Praxis f\u00fcr Psychotherapie Wagner - Berlin Friedrichsfelde Lichtenberg Friedrichshain","description":"","potentialAction":[{"@type":"SearchAction","target":{"@type":"EntryPoint","urlTemplate":"https:\/\/www.wagnerundteam.de\/psychotherapie\/?s={search_term_string}"},"query-input":{"@type":"PropertyValueSpecification","valueRequired":true,"valueName":"search_term_string"}}],"inLanguage":"de"}]}},"_links":{"self":[{"href":"https:\/\/www.wagnerundteam.de\/psychotherapie\/wp-json\/wp\/v2\/pages\/17","targetHints":{"allow":["GET"]}}],"collection":[{"href":"https:\/\/www.wagnerundteam.de\/psychotherapie\/wp-json\/wp\/v2\/pages"}],"about":[{"href":"https:\/\/www.wagnerundteam.de\/psychotherapie\/wp-json\/wp\/v2\/types\/page"}],"author":[{"embeddable":true,"href":"https:\/\/www.wagnerundteam.de\/psychotherapie\/wp-json\/wp\/v2\/users\/1"}],"replies":[{"embeddable":true,"href":"https:\/\/www.wagnerundteam.de\/psychotherapie\/wp-json\/wp\/v2\/comments?post=17"}],"version-history":[{"count":2,"href":"https:\/\/www.wagnerundteam.de\/psychotherapie\/wp-json\/wp\/v2\/pages\/17\/revisions"}],"predecessor-version":[{"id":19,"href":"https:\/\/www.wagnerundteam.de\/psychotherapie\/wp-json\/wp\/v2\/pages\/17\/revisions\/19"}],"wp:attachment":[{"href":"https:\/\/www.wagnerundteam.de\/psychotherapie\/wp-json\/wp\/v2\/media?parent=17"}],"curies":[{"name":"wp","href":"https:\/\/api.w.org\/{rel}","templated":true}]}}