{"id":22,"date":"2025-08-08T20:28:46","date_gmt":"2025-08-08T18:28:46","guid":{"rendered":"https:\/\/www.wagnerundteam.de\/psychotherapie\/?page_id=22"},"modified":"2025-11-13T16:48:42","modified_gmt":"2025-11-13T15:48:42","slug":"abrechnungsmoeglichkeiten","status":"publish","type":"page","link":"https:\/\/www.wagnerundteam.de\/psychotherapie\/abrechnungsmoeglichkeiten\/","title":{"rendered":"Abrechnungsm\u00f6glichkeiten"},"content":{"rendered":"\n<p>Damit Sie die bestm\u00f6gliche Therapie erhalten, unabh\u00e4ngig davon, ob Sie gesetzlich oder privat versichert sind oder sich daf\u00fcr entscheiden, die Therapie selbst zu bezahlen gibt es in meiner Praxis folgende Abrechnungsoptionen:<\/p>\n\n\n\n<ul class=\"wp-block-list\">\n<li><strong>Gesetzliche Krankenversicherung (GKV) &#8211; Kostenerstattung:<\/strong><br>Als approbierter Psychotherapeut biete ich psychotherapeutische Behandlungen an, die unter Umst\u00e4nden \u00fcber die gesetzliche Krankenversicherung abgerechnet werden k\u00f6nnen. Nach einer ersten Kl\u00e4rung der Kosten\u00fcbernahme erfolgt die Abrechnung meist direkt mit der Krankenkasse.<\/li>\n<\/ul>\n\n\n\n<ul class=\"wp-block-list\">\n<li><strong>Private Krankenversicherung (PKV):<\/strong><br>Bei Privatversicherten kl\u00e4ren wir im Vorfeld, ob die Kosten \u00fcbernommen werden. In der Regel wird die Behandlung \u00fcber die Privatversicherung abgerechnet. Bitte informieren Sie sich bestenfalls vorher bei Ihrer Versicherung \u00fcber die genauen Regelungen und Voraussetzungen.<\/li>\n<\/ul>\n\n\n\n<ul class=\"wp-block-list\">\n<li><strong>Selbstzahler:<\/strong><br>Wenn Sie die Therapie selbst bezahlen, erfolgt die Abrechnung nach Absprache.<\/li>\n<\/ul>\n","protected":false},"excerpt":{"rendered":"<p>Damit Sie die bestm\u00f6gliche Therapie erhalten, unabh\u00e4ngig davon, ob Sie gesetzlich oder privat versichert sind oder sich daf\u00fcr entscheiden, die Therapie selbst zu bezahlen gibt es in meiner Praxis folgende Abrechnungsoptionen:<\/p>\n","protected":false},"author":1,"featured_media":0,"parent":0,"menu_order":0,"comment_status":"closed","ping_status":"closed","template":"","meta":{"ngg_post_thumbnail":0,"footnotes":""},"class_list":["post-22","page","type-page","status-publish","hentry"],"yoast_head":"<!-- This site is optimized with the Yoast SEO plugin v27.5 - https:\/\/yoast.com\/product\/yoast-seo-wordpress\/ -->\n<title>Abrechnungsm\u00f6glichkeiten - Praxis f\u00fcr Psychotherapie Wagner - Berlin Friedrichsfelde Lichtenberg Friedrichshain<\/title>\n<meta name=\"robots\" content=\"index, follow, max-snippet:-1, max-image-preview:large, max-video-preview:-1\" \/>\n<link rel=\"canonical\" href=\"https:\/\/www.wagnerundteam.de\/psychotherapie\/abrechnungsmoeglichkeiten\/\" \/>\n<meta property=\"og:locale\" content=\"de_DE\" \/>\n<meta property=\"og:type\" content=\"article\" \/>\n<meta property=\"og:title\" content=\"Abrechnungsm\u00f6glichkeiten - Praxis f\u00fcr Psychotherapie Wagner - Berlin Friedrichsfelde Lichtenberg Friedrichshain\" \/>\n<meta property=\"og:description\" content=\"Damit Sie die bestm\u00f6gliche Therapie erhalten, unabh\u00e4ngig davon, ob Sie gesetzlich oder privat versichert sind oder sich daf\u00fcr entscheiden, die Therapie selbst zu bezahlen gibt es in meiner Praxis folgende Abrechnungsoptionen:\" \/>\n<meta property=\"og:url\" content=\"https:\/\/www.wagnerundteam.de\/psychotherapie\/abrechnungsmoeglichkeiten\/\" \/>\n<meta property=\"og:site_name\" content=\"Praxis f\u00fcr Psychotherapie Wagner - Berlin Friedrichsfelde Lichtenberg Friedrichshain\" \/>\n<meta property=\"article:modified_time\" content=\"2025-11-13T15:48:42+00:00\" \/>\n<meta name=\"twitter:card\" content=\"summary_large_image\" \/>\n<meta name=\"twitter:label1\" content=\"Gesch\u00e4tzte Lesezeit\" \/>\n\t<meta name=\"twitter:data1\" content=\"1\u00a0Minute\" \/>\n<script type=\"application\/ld+json\" class=\"yoast-schema-graph\">{\"@context\":\"https:\\\/\\\/schema.org\",\"@graph\":[{\"@type\":\"WebPage\",\"@id\":\"https:\\\/\\\/www.wagnerundteam.de\\\/psychotherapie\\\/abrechnungsmoeglichkeiten\\\/\",\"url\":\"https:\\\/\\\/www.wagnerundteam.de\\\/psychotherapie\\\/abrechnungsmoeglichkeiten\\\/\",\"name\":\"Abrechnungsm\u00f6glichkeiten - Praxis f\u00fcr Psychotherapie Wagner - Berlin Friedrichsfelde Lichtenberg Friedrichshain\",\"isPartOf\":{\"@id\":\"https:\\\/\\\/www.wagnerundteam.de\\\/psychotherapie\\\/#website\"},\"datePublished\":\"2025-08-08T18:28:46+00:00\",\"dateModified\":\"2025-11-13T15:48:42+00:00\",\"breadcrumb\":{\"@id\":\"https:\\\/\\\/www.wagnerundteam.de\\\/psychotherapie\\\/abrechnungsmoeglichkeiten\\\/#breadcrumb\"},\"inLanguage\":\"de\",\"potentialAction\":[{\"@type\":\"ReadAction\",\"target\":[\"https:\\\/\\\/www.wagnerundteam.de\\\/psychotherapie\\\/abrechnungsmoeglichkeiten\\\/\"]}]},{\"@type\":\"BreadcrumbList\",\"@id\":\"https:\\\/\\\/www.wagnerundteam.de\\\/psychotherapie\\\/abrechnungsmoeglichkeiten\\\/#breadcrumb\",\"itemListElement\":[{\"@type\":\"ListItem\",\"position\":1,\"name\":\"Startseite\",\"item\":\"https:\\\/\\\/www.wagnerundteam.de\\\/psychotherapie\\\/\"},{\"@type\":\"ListItem\",\"position\":2,\"name\":\"Abrechnungsm\u00f6glichkeiten\"}]},{\"@type\":\"WebSite\",\"@id\":\"https:\\\/\\\/www.wagnerundteam.de\\\/psychotherapie\\\/#website\",\"url\":\"https:\\\/\\\/www.wagnerundteam.de\\\/psychotherapie\\\/\",\"name\":\"Praxis f\u00fcr Psychotherapie Wagner - Berlin Friedrichsfelde Lichtenberg Friedrichshain\",\"description\":\"\",\"potentialAction\":[{\"@type\":\"SearchAction\",\"target\":{\"@type\":\"EntryPoint\",\"urlTemplate\":\"https:\\\/\\\/www.wagnerundteam.de\\\/psychotherapie\\\/?s={search_term_string}\"},\"query-input\":{\"@type\":\"PropertyValueSpecification\",\"valueRequired\":true,\"valueName\":\"search_term_string\"}}],\"inLanguage\":\"de\"}]}<\/script>\n<!-- \/ Yoast SEO plugin. -->","yoast_head_json":{"title":"Abrechnungsm\u00f6glichkeiten - Praxis f\u00fcr Psychotherapie Wagner - Berlin Friedrichsfelde Lichtenberg Friedrichshain","robots":{"index":"index","follow":"follow","max-snippet":"max-snippet:-1","max-image-preview":"max-image-preview:large","max-video-preview":"max-video-preview:-1"},"canonical":"https:\/\/www.wagnerundteam.de\/psychotherapie\/abrechnungsmoeglichkeiten\/","og_locale":"de_DE","og_type":"article","og_title":"Abrechnungsm\u00f6glichkeiten - Praxis f\u00fcr Psychotherapie Wagner - Berlin Friedrichsfelde Lichtenberg Friedrichshain","og_description":"Damit Sie die bestm\u00f6gliche Therapie erhalten, unabh\u00e4ngig davon, ob Sie gesetzlich oder privat versichert sind oder sich daf\u00fcr entscheiden, die Therapie selbst zu bezahlen gibt es in meiner Praxis folgende Abrechnungsoptionen:","og_url":"https:\/\/www.wagnerundteam.de\/psychotherapie\/abrechnungsmoeglichkeiten\/","og_site_name":"Praxis f\u00fcr Psychotherapie Wagner - Berlin Friedrichsfelde Lichtenberg Friedrichshain","article_modified_time":"2025-11-13T15:48:42+00:00","twitter_card":"summary_large_image","twitter_misc":{"Gesch\u00e4tzte Lesezeit":"1\u00a0Minute"},"schema":{"@context":"https:\/\/schema.org","@graph":[{"@type":"WebPage","@id":"https:\/\/www.wagnerundteam.de\/psychotherapie\/abrechnungsmoeglichkeiten\/","url":"https:\/\/www.wagnerundteam.de\/psychotherapie\/abrechnungsmoeglichkeiten\/","name":"Abrechnungsm\u00f6glichkeiten - Praxis f\u00fcr Psychotherapie Wagner - Berlin Friedrichsfelde Lichtenberg Friedrichshain","isPartOf":{"@id":"https:\/\/www.wagnerundteam.de\/psychotherapie\/#website"},"datePublished":"2025-08-08T18:28:46+00:00","dateModified":"2025-11-13T15:48:42+00:00","breadcrumb":{"@id":"https:\/\/www.wagnerundteam.de\/psychotherapie\/abrechnungsmoeglichkeiten\/#breadcrumb"},"inLanguage":"de","potentialAction":[{"@type":"ReadAction","target":["https:\/\/www.wagnerundteam.de\/psychotherapie\/abrechnungsmoeglichkeiten\/"]}]},{"@type":"BreadcrumbList","@id":"https:\/\/www.wagnerundteam.de\/psychotherapie\/abrechnungsmoeglichkeiten\/#breadcrumb","itemListElement":[{"@type":"ListItem","position":1,"name":"Startseite","item":"https:\/\/www.wagnerundteam.de\/psychotherapie\/"},{"@type":"ListItem","position":2,"name":"Abrechnungsm\u00f6glichkeiten"}]},{"@type":"WebSite","@id":"https:\/\/www.wagnerundteam.de\/psychotherapie\/#website","url":"https:\/\/www.wagnerundteam.de\/psychotherapie\/","name":"Praxis f\u00fcr Psychotherapie Wagner - Berlin Friedrichsfelde Lichtenberg Friedrichshain","description":"","potentialAction":[{"@type":"SearchAction","target":{"@type":"EntryPoint","urlTemplate":"https:\/\/www.wagnerundteam.de\/psychotherapie\/?s={search_term_string}"},"query-input":{"@type":"PropertyValueSpecification","valueRequired":true,"valueName":"search_term_string"}}],"inLanguage":"de"}]}},"_links":{"self":[{"href":"https:\/\/www.wagnerundteam.de\/psychotherapie\/wp-json\/wp\/v2\/pages\/22","targetHints":{"allow":["GET"]}}],"collection":[{"href":"https:\/\/www.wagnerundteam.de\/psychotherapie\/wp-json\/wp\/v2\/pages"}],"about":[{"href":"https:\/\/www.wagnerundteam.de\/psychotherapie\/wp-json\/wp\/v2\/types\/page"}],"author":[{"embeddable":true,"href":"https:\/\/www.wagnerundteam.de\/psychotherapie\/wp-json\/wp\/v2\/users\/1"}],"replies":[{"embeddable":true,"href":"https:\/\/www.wagnerundteam.de\/psychotherapie\/wp-json\/wp\/v2\/comments?post=22"}],"version-history":[{"count":3,"href":"https:\/\/www.wagnerundteam.de\/psychotherapie\/wp-json\/wp\/v2\/pages\/22\/revisions"}],"predecessor-version":[{"id":76,"href":"https:\/\/www.wagnerundteam.de\/psychotherapie\/wp-json\/wp\/v2\/pages\/22\/revisions\/76"}],"wp:attachment":[{"href":"https:\/\/www.wagnerundteam.de\/psychotherapie\/wp-json\/wp\/v2\/media?parent=22"}],"curies":[{"name":"wp","href":"https:\/\/api.w.org\/{rel}","templated":true}]}}