{"id":24,"date":"2025-08-08T20:29:37","date_gmt":"2025-08-08T18:29:37","guid":{"rendered":"https:\/\/www.wagnerundteam.de\/psychotherapie\/?page_id=24"},"modified":"2025-11-13T16:46:38","modified_gmt":"2025-11-13T15:46:38","slug":"die-praxis","status":"publish","type":"page","link":"https:\/\/www.wagnerundteam.de\/psychotherapie\/die-praxis\/","title":{"rendered":"Die Praxis"},"content":{"rendered":"\n<p>Meine Praxis befindet sich in der <strong>Rhinstra\u00dfe 11, 10315 Berlin<\/strong>, in einer ruhigen Umgebung, die es Ihnen erm\u00f6glicht, in einem vertrauensvollen und entspannten Rahmen an Ihren Anliegen zu arbeiten.<\/p>\n\n\n\n<p>Die Praxisr\u00e4ume teile ich mit der Praxis f\u00fcr Ergotherapie; sie sind modern und gem\u00fctlich eingerichtet, damit Sie sich in einer angenehmen Atmosph\u00e4re wohlf\u00fchlen k\u00f6nnen.<\/p>\n\n\n\n<p>Die gute Erreichbarkeit der Praxis (200 Meter bis S Friedrichsfelde Ost (S 5, 7 und 75, Tram 21, 27, 37, M17 oder Bus 194, sowie gute Parkm\u00f6glichkeiten) macht es Ihnen leicht, einen Termin zu vereinbaren und regelm\u00e4\u00dfig zu kommen.<\/p>\n\n\n\n<p>Alternativ behandele ich an 1 bis 2 Tagen der Woche auch im <strong>Spatzensteig 4<\/strong>, in beschaulicher Umgebung in <strong>10318 Berlin<\/strong>.<\/p>\n\n\n\n<p><\/p>\n","protected":false},"excerpt":{"rendered":"<p>Meine Praxis befindet sich in der Rhinstra\u00dfe 11, 10315 Berlin, in einer ruhigen Umgebung, die es Ihnen erm\u00f6glicht, in einem vertrauensvollen und entspannten Rahmen an Ihren Anliegen zu arbeiten. Die Praxisr\u00e4ume teile ich mit der Praxis f\u00fcr Ergotherapie; sie sind modern und gem\u00fctlich eingerichtet, damit Sie sich in einer angenehmen Atmosph\u00e4re wohlf\u00fchlen k\u00f6nnen. Die gute &hellip; <\/p>\n<p class=\"link-more\"><a href=\"https:\/\/www.wagnerundteam.de\/psychotherapie\/die-praxis\/\" class=\"more-link\"><span class=\"screen-reader-text\">\u201eDie Praxis\u201c<\/span> weiterlesen<\/a><\/p>\n","protected":false},"author":1,"featured_media":0,"parent":0,"menu_order":0,"comment_status":"closed","ping_status":"closed","template":"","meta":{"ngg_post_thumbnail":0,"footnotes":""},"class_list":["post-24","page","type-page","status-publish","hentry"],"yoast_head":"<!-- This site is optimized with the Yoast SEO plugin v27.5 - https:\/\/yoast.com\/product\/yoast-seo-wordpress\/ -->\n<title>Die Praxis - Praxis f\u00fcr Psychotherapie Wagner - Berlin Friedrichsfelde Lichtenberg Friedrichshain<\/title>\n<meta name=\"robots\" content=\"index, follow, max-snippet:-1, max-image-preview:large, max-video-preview:-1\" \/>\n<link rel=\"canonical\" href=\"https:\/\/www.wagnerundteam.de\/psychotherapie\/die-praxis\/\" \/>\n<meta property=\"og:locale\" content=\"de_DE\" \/>\n<meta property=\"og:type\" content=\"article\" \/>\n<meta property=\"og:title\" content=\"Die Praxis - Praxis f\u00fcr Psychotherapie Wagner - Berlin Friedrichsfelde Lichtenberg Friedrichshain\" \/>\n<meta property=\"og:description\" content=\"Meine Praxis befindet sich in der Rhinstra\u00dfe 11, 10315 Berlin, in einer ruhigen Umgebung, die es Ihnen erm\u00f6glicht, in einem vertrauensvollen und entspannten Rahmen an Ihren Anliegen zu arbeiten. Die Praxisr\u00e4ume teile ich mit der Praxis f\u00fcr Ergotherapie; sie sind modern und gem\u00fctlich eingerichtet, damit Sie sich in einer angenehmen Atmosph\u00e4re wohlf\u00fchlen k\u00f6nnen. Die gute &hellip; \u201eDie Praxis\u201c weiterlesen\" \/>\n<meta property=\"og:url\" content=\"https:\/\/www.wagnerundteam.de\/psychotherapie\/die-praxis\/\" \/>\n<meta property=\"og:site_name\" content=\"Praxis f\u00fcr Psychotherapie Wagner - Berlin Friedrichsfelde Lichtenberg Friedrichshain\" \/>\n<meta property=\"article:modified_time\" content=\"2025-11-13T15:46:38+00:00\" \/>\n<meta name=\"twitter:card\" content=\"summary_large_image\" \/>\n<meta name=\"twitter:label1\" content=\"Gesch\u00e4tzte Lesezeit\" \/>\n\t<meta name=\"twitter:data1\" content=\"1\u00a0Minute\" \/>\n<script type=\"application\/ld+json\" class=\"yoast-schema-graph\">{\"@context\":\"https:\\\/\\\/schema.org\",\"@graph\":[{\"@type\":\"WebPage\",\"@id\":\"https:\\\/\\\/www.wagnerundteam.de\\\/psychotherapie\\\/die-praxis\\\/\",\"url\":\"https:\\\/\\\/www.wagnerundteam.de\\\/psychotherapie\\\/die-praxis\\\/\",\"name\":\"Die Praxis - Praxis f\u00fcr Psychotherapie Wagner - Berlin Friedrichsfelde Lichtenberg Friedrichshain\",\"isPartOf\":{\"@id\":\"https:\\\/\\\/www.wagnerundteam.de\\\/psychotherapie\\\/#website\"},\"datePublished\":\"2025-08-08T18:29:37+00:00\",\"dateModified\":\"2025-11-13T15:46:38+00:00\",\"breadcrumb\":{\"@id\":\"https:\\\/\\\/www.wagnerundteam.de\\\/psychotherapie\\\/die-praxis\\\/#breadcrumb\"},\"inLanguage\":\"de\",\"potentialAction\":[{\"@type\":\"ReadAction\",\"target\":[\"https:\\\/\\\/www.wagnerundteam.de\\\/psychotherapie\\\/die-praxis\\\/\"]}]},{\"@type\":\"BreadcrumbList\",\"@id\":\"https:\\\/\\\/www.wagnerundteam.de\\\/psychotherapie\\\/die-praxis\\\/#breadcrumb\",\"itemListElement\":[{\"@type\":\"ListItem\",\"position\":1,\"name\":\"Startseite\",\"item\":\"https:\\\/\\\/www.wagnerundteam.de\\\/psychotherapie\\\/\"},{\"@type\":\"ListItem\",\"position\":2,\"name\":\"Die Praxis\"}]},{\"@type\":\"WebSite\",\"@id\":\"https:\\\/\\\/www.wagnerundteam.de\\\/psychotherapie\\\/#website\",\"url\":\"https:\\\/\\\/www.wagnerundteam.de\\\/psychotherapie\\\/\",\"name\":\"Praxis f\u00fcr Psychotherapie Wagner - Berlin Friedrichsfelde Lichtenberg Friedrichshain\",\"description\":\"\",\"potentialAction\":[{\"@type\":\"SearchAction\",\"target\":{\"@type\":\"EntryPoint\",\"urlTemplate\":\"https:\\\/\\\/www.wagnerundteam.de\\\/psychotherapie\\\/?s={search_term_string}\"},\"query-input\":{\"@type\":\"PropertyValueSpecification\",\"valueRequired\":true,\"valueName\":\"search_term_string\"}}],\"inLanguage\":\"de\"}]}<\/script>\n<!-- \/ Yoast SEO plugin. -->","yoast_head_json":{"title":"Die Praxis - Praxis f\u00fcr Psychotherapie Wagner - Berlin Friedrichsfelde Lichtenberg Friedrichshain","robots":{"index":"index","follow":"follow","max-snippet":"max-snippet:-1","max-image-preview":"max-image-preview:large","max-video-preview":"max-video-preview:-1"},"canonical":"https:\/\/www.wagnerundteam.de\/psychotherapie\/die-praxis\/","og_locale":"de_DE","og_type":"article","og_title":"Die Praxis - Praxis f\u00fcr Psychotherapie Wagner - Berlin Friedrichsfelde Lichtenberg Friedrichshain","og_description":"Meine Praxis befindet sich in der Rhinstra\u00dfe 11, 10315 Berlin, in einer ruhigen Umgebung, die es Ihnen erm\u00f6glicht, in einem vertrauensvollen und entspannten Rahmen an Ihren Anliegen zu arbeiten. Die Praxisr\u00e4ume teile ich mit der Praxis f\u00fcr Ergotherapie; sie sind modern und gem\u00fctlich eingerichtet, damit Sie sich in einer angenehmen Atmosph\u00e4re wohlf\u00fchlen k\u00f6nnen. Die gute &hellip; \u201eDie Praxis\u201c weiterlesen","og_url":"https:\/\/www.wagnerundteam.de\/psychotherapie\/die-praxis\/","og_site_name":"Praxis f\u00fcr Psychotherapie Wagner - Berlin Friedrichsfelde Lichtenberg Friedrichshain","article_modified_time":"2025-11-13T15:46:38+00:00","twitter_card":"summary_large_image","twitter_misc":{"Gesch\u00e4tzte Lesezeit":"1\u00a0Minute"},"schema":{"@context":"https:\/\/schema.org","@graph":[{"@type":"WebPage","@id":"https:\/\/www.wagnerundteam.de\/psychotherapie\/die-praxis\/","url":"https:\/\/www.wagnerundteam.de\/psychotherapie\/die-praxis\/","name":"Die Praxis - Praxis f\u00fcr Psychotherapie Wagner - Berlin Friedrichsfelde Lichtenberg Friedrichshain","isPartOf":{"@id":"https:\/\/www.wagnerundteam.de\/psychotherapie\/#website"},"datePublished":"2025-08-08T18:29:37+00:00","dateModified":"2025-11-13T15:46:38+00:00","breadcrumb":{"@id":"https:\/\/www.wagnerundteam.de\/psychotherapie\/die-praxis\/#breadcrumb"},"inLanguage":"de","potentialAction":[{"@type":"ReadAction","target":["https:\/\/www.wagnerundteam.de\/psychotherapie\/die-praxis\/"]}]},{"@type":"BreadcrumbList","@id":"https:\/\/www.wagnerundteam.de\/psychotherapie\/die-praxis\/#breadcrumb","itemListElement":[{"@type":"ListItem","position":1,"name":"Startseite","item":"https:\/\/www.wagnerundteam.de\/psychotherapie\/"},{"@type":"ListItem","position":2,"name":"Die Praxis"}]},{"@type":"WebSite","@id":"https:\/\/www.wagnerundteam.de\/psychotherapie\/#website","url":"https:\/\/www.wagnerundteam.de\/psychotherapie\/","name":"Praxis f\u00fcr Psychotherapie Wagner - Berlin Friedrichsfelde Lichtenberg Friedrichshain","description":"","potentialAction":[{"@type":"SearchAction","target":{"@type":"EntryPoint","urlTemplate":"https:\/\/www.wagnerundteam.de\/psychotherapie\/?s={search_term_string}"},"query-input":{"@type":"PropertyValueSpecification","valueRequired":true,"valueName":"search_term_string"}}],"inLanguage":"de"}]}},"_links":{"self":[{"href":"https:\/\/www.wagnerundteam.de\/psychotherapie\/wp-json\/wp\/v2\/pages\/24","targetHints":{"allow":["GET"]}}],"collection":[{"href":"https:\/\/www.wagnerundteam.de\/psychotherapie\/wp-json\/wp\/v2\/pages"}],"about":[{"href":"https:\/\/www.wagnerundteam.de\/psychotherapie\/wp-json\/wp\/v2\/types\/page"}],"author":[{"embeddable":true,"href":"https:\/\/www.wagnerundteam.de\/psychotherapie\/wp-json\/wp\/v2\/users\/1"}],"replies":[{"embeddable":true,"href":"https:\/\/www.wagnerundteam.de\/psychotherapie\/wp-json\/wp\/v2\/comments?post=24"}],"version-history":[{"count":2,"href":"https:\/\/www.wagnerundteam.de\/psychotherapie\/wp-json\/wp\/v2\/pages\/24\/revisions"}],"predecessor-version":[{"id":73,"href":"https:\/\/www.wagnerundteam.de\/psychotherapie\/wp-json\/wp\/v2\/pages\/24\/revisions\/73"}],"wp:attachment":[{"href":"https:\/\/www.wagnerundteam.de\/psychotherapie\/wp-json\/wp\/v2\/media?parent=24"}],"curies":[{"name":"wp","href":"https:\/\/api.w.org\/{rel}","templated":true}]}}