{"id":26,"date":"2025-08-08T20:30:22","date_gmt":"2025-08-08T18:30:22","guid":{"rendered":"https:\/\/www.wagnerundteam.de\/psychotherapie\/?page_id=26"},"modified":"2025-08-08T20:30:22","modified_gmt":"2025-08-08T18:30:22","slug":"zusaetzliche-angebote","status":"publish","type":"page","link":"https:\/\/www.wagnerundteam.de\/psychotherapie\/zusaetzliche-angebote\/","title":{"rendered":"Zus\u00e4tzliche Angebote"},"content":{"rendered":"\n<p>Falls Sie Fragen zur Therapie haben oder unsicher sind, welches Verfahren f\u00fcr Sie am besten geeignet ist, biete ich auch <strong>Einzelgespr\u00e4che zur Orientierung<\/strong> an, in denen wir Ihre Anliegen besprechen und den f\u00fcr Sie passenden Therapieansatz finden. Das gleiche gilt auch f\u00fcr pers\u00f6nliche Schwierigkeiten oder Themen, die m\u00f6glicherweise nicht die Kriterien einer psychischen Diagnose erf\u00fcllen, auch hier biete ich gerne <strong>Beratung <\/strong>an.<\/p>\n\n\n\n<p>Ich freue mich darauf, Sie in meiner Praxis begr\u00fc\u00dfen zu d\u00fcrfen.<\/p>\n\n\n\n<p><\/p>\n","protected":false},"excerpt":{"rendered":"<p>Falls Sie Fragen zur Therapie haben oder unsicher sind, welches Verfahren f\u00fcr Sie am besten geeignet ist, biete ich auch Einzelgespr\u00e4che zur Orientierung an, in denen wir Ihre Anliegen besprechen und den f\u00fcr Sie passenden Therapieansatz finden. Das gleiche gilt auch f\u00fcr pers\u00f6nliche Schwierigkeiten oder Themen, die m\u00f6glicherweise nicht die Kriterien einer psychischen Diagnose erf\u00fcllen, &hellip; <\/p>\n<p class=\"link-more\"><a href=\"https:\/\/www.wagnerundteam.de\/psychotherapie\/zusaetzliche-angebote\/\" class=\"more-link\"><span class=\"screen-reader-text\">\u201eZus\u00e4tzliche Angebote\u201c<\/span> weiterlesen<\/a><\/p>\n","protected":false},"author":1,"featured_media":0,"parent":0,"menu_order":0,"comment_status":"closed","ping_status":"closed","template":"","meta":{"ngg_post_thumbnail":0,"footnotes":""},"class_list":["post-26","page","type-page","status-publish","hentry"],"yoast_head":"<!-- This site is optimized with the Yoast SEO plugin v27.5 - https:\/\/yoast.com\/product\/yoast-seo-wordpress\/ -->\n<title>Zus\u00e4tzliche Angebote - Praxis f\u00fcr Psychotherapie Wagner - Berlin Friedrichsfelde Lichtenberg Friedrichshain<\/title>\n<meta name=\"robots\" content=\"index, follow, max-snippet:-1, max-image-preview:large, max-video-preview:-1\" \/>\n<link rel=\"canonical\" href=\"https:\/\/www.wagnerundteam.de\/psychotherapie\/zusaetzliche-angebote\/\" \/>\n<meta property=\"og:locale\" content=\"de_DE\" \/>\n<meta property=\"og:type\" content=\"article\" \/>\n<meta property=\"og:title\" content=\"Zus\u00e4tzliche Angebote - Praxis f\u00fcr Psychotherapie Wagner - Berlin Friedrichsfelde Lichtenberg Friedrichshain\" \/>\n<meta property=\"og:description\" content=\"Falls Sie Fragen zur Therapie haben oder unsicher sind, welches Verfahren f\u00fcr Sie am besten geeignet ist, biete ich auch Einzelgespr\u00e4che zur Orientierung an, in denen wir Ihre Anliegen besprechen und den f\u00fcr Sie passenden Therapieansatz finden. Das gleiche gilt auch f\u00fcr pers\u00f6nliche Schwierigkeiten oder Themen, die m\u00f6glicherweise nicht die Kriterien einer psychischen Diagnose erf\u00fcllen, &hellip; \u201eZus\u00e4tzliche Angebote\u201c weiterlesen\" \/>\n<meta property=\"og:url\" content=\"https:\/\/www.wagnerundteam.de\/psychotherapie\/zusaetzliche-angebote\/\" \/>\n<meta property=\"og:site_name\" content=\"Praxis f\u00fcr Psychotherapie Wagner - Berlin Friedrichsfelde Lichtenberg Friedrichshain\" \/>\n<meta name=\"twitter:card\" content=\"summary_large_image\" \/>\n<meta name=\"twitter:label1\" content=\"Gesch\u00e4tzte Lesezeit\" \/>\n\t<meta name=\"twitter:data1\" content=\"1\u00a0Minute\" \/>\n<script type=\"application\/ld+json\" class=\"yoast-schema-graph\">{\"@context\":\"https:\\\/\\\/schema.org\",\"@graph\":[{\"@type\":\"WebPage\",\"@id\":\"https:\\\/\\\/www.wagnerundteam.de\\\/psychotherapie\\\/zusaetzliche-angebote\\\/\",\"url\":\"https:\\\/\\\/www.wagnerundteam.de\\\/psychotherapie\\\/zusaetzliche-angebote\\\/\",\"name\":\"Zus\u00e4tzliche Angebote - Praxis f\u00fcr Psychotherapie Wagner - Berlin Friedrichsfelde Lichtenberg Friedrichshain\",\"isPartOf\":{\"@id\":\"https:\\\/\\\/www.wagnerundteam.de\\\/psychotherapie\\\/#website\"},\"datePublished\":\"2025-08-08T18:30:22+00:00\",\"breadcrumb\":{\"@id\":\"https:\\\/\\\/www.wagnerundteam.de\\\/psychotherapie\\\/zusaetzliche-angebote\\\/#breadcrumb\"},\"inLanguage\":\"de\",\"potentialAction\":[{\"@type\":\"ReadAction\",\"target\":[\"https:\\\/\\\/www.wagnerundteam.de\\\/psychotherapie\\\/zusaetzliche-angebote\\\/\"]}]},{\"@type\":\"BreadcrumbList\",\"@id\":\"https:\\\/\\\/www.wagnerundteam.de\\\/psychotherapie\\\/zusaetzliche-angebote\\\/#breadcrumb\",\"itemListElement\":[{\"@type\":\"ListItem\",\"position\":1,\"name\":\"Startseite\",\"item\":\"https:\\\/\\\/www.wagnerundteam.de\\\/psychotherapie\\\/\"},{\"@type\":\"ListItem\",\"position\":2,\"name\":\"Zus\u00e4tzliche Angebote\"}]},{\"@type\":\"WebSite\",\"@id\":\"https:\\\/\\\/www.wagnerundteam.de\\\/psychotherapie\\\/#website\",\"url\":\"https:\\\/\\\/www.wagnerundteam.de\\\/psychotherapie\\\/\",\"name\":\"Praxis f\u00fcr Psychotherapie Wagner - Berlin Friedrichsfelde Lichtenberg Friedrichshain\",\"description\":\"\",\"potentialAction\":[{\"@type\":\"SearchAction\",\"target\":{\"@type\":\"EntryPoint\",\"urlTemplate\":\"https:\\\/\\\/www.wagnerundteam.de\\\/psychotherapie\\\/?s={search_term_string}\"},\"query-input\":{\"@type\":\"PropertyValueSpecification\",\"valueRequired\":true,\"valueName\":\"search_term_string\"}}],\"inLanguage\":\"de\"}]}<\/script>\n<!-- \/ Yoast SEO plugin. -->","yoast_head_json":{"title":"Zus\u00e4tzliche Angebote - Praxis f\u00fcr Psychotherapie Wagner - Berlin Friedrichsfelde Lichtenberg Friedrichshain","robots":{"index":"index","follow":"follow","max-snippet":"max-snippet:-1","max-image-preview":"max-image-preview:large","max-video-preview":"max-video-preview:-1"},"canonical":"https:\/\/www.wagnerundteam.de\/psychotherapie\/zusaetzliche-angebote\/","og_locale":"de_DE","og_type":"article","og_title":"Zus\u00e4tzliche Angebote - Praxis f\u00fcr Psychotherapie Wagner - Berlin Friedrichsfelde Lichtenberg Friedrichshain","og_description":"Falls Sie Fragen zur Therapie haben oder unsicher sind, welches Verfahren f\u00fcr Sie am besten geeignet ist, biete ich auch Einzelgespr\u00e4che zur Orientierung an, in denen wir Ihre Anliegen besprechen und den f\u00fcr Sie passenden Therapieansatz finden. Das gleiche gilt auch f\u00fcr pers\u00f6nliche Schwierigkeiten oder Themen, die m\u00f6glicherweise nicht die Kriterien einer psychischen Diagnose erf\u00fcllen, &hellip; \u201eZus\u00e4tzliche Angebote\u201c weiterlesen","og_url":"https:\/\/www.wagnerundteam.de\/psychotherapie\/zusaetzliche-angebote\/","og_site_name":"Praxis f\u00fcr Psychotherapie Wagner - Berlin Friedrichsfelde Lichtenberg Friedrichshain","twitter_card":"summary_large_image","twitter_misc":{"Gesch\u00e4tzte Lesezeit":"1\u00a0Minute"},"schema":{"@context":"https:\/\/schema.org","@graph":[{"@type":"WebPage","@id":"https:\/\/www.wagnerundteam.de\/psychotherapie\/zusaetzliche-angebote\/","url":"https:\/\/www.wagnerundteam.de\/psychotherapie\/zusaetzliche-angebote\/","name":"Zus\u00e4tzliche Angebote - Praxis f\u00fcr Psychotherapie Wagner - Berlin Friedrichsfelde Lichtenberg Friedrichshain","isPartOf":{"@id":"https:\/\/www.wagnerundteam.de\/psychotherapie\/#website"},"datePublished":"2025-08-08T18:30:22+00:00","breadcrumb":{"@id":"https:\/\/www.wagnerundteam.de\/psychotherapie\/zusaetzliche-angebote\/#breadcrumb"},"inLanguage":"de","potentialAction":[{"@type":"ReadAction","target":["https:\/\/www.wagnerundteam.de\/psychotherapie\/zusaetzliche-angebote\/"]}]},{"@type":"BreadcrumbList","@id":"https:\/\/www.wagnerundteam.de\/psychotherapie\/zusaetzliche-angebote\/#breadcrumb","itemListElement":[{"@type":"ListItem","position":1,"name":"Startseite","item":"https:\/\/www.wagnerundteam.de\/psychotherapie\/"},{"@type":"ListItem","position":2,"name":"Zus\u00e4tzliche Angebote"}]},{"@type":"WebSite","@id":"https:\/\/www.wagnerundteam.de\/psychotherapie\/#website","url":"https:\/\/www.wagnerundteam.de\/psychotherapie\/","name":"Praxis f\u00fcr Psychotherapie Wagner - Berlin Friedrichsfelde Lichtenberg Friedrichshain","description":"","potentialAction":[{"@type":"SearchAction","target":{"@type":"EntryPoint","urlTemplate":"https:\/\/www.wagnerundteam.de\/psychotherapie\/?s={search_term_string}"},"query-input":{"@type":"PropertyValueSpecification","valueRequired":true,"valueName":"search_term_string"}}],"inLanguage":"de"}]}},"_links":{"self":[{"href":"https:\/\/www.wagnerundteam.de\/psychotherapie\/wp-json\/wp\/v2\/pages\/26","targetHints":{"allow":["GET"]}}],"collection":[{"href":"https:\/\/www.wagnerundteam.de\/psychotherapie\/wp-json\/wp\/v2\/pages"}],"about":[{"href":"https:\/\/www.wagnerundteam.de\/psychotherapie\/wp-json\/wp\/v2\/types\/page"}],"author":[{"embeddable":true,"href":"https:\/\/www.wagnerundteam.de\/psychotherapie\/wp-json\/wp\/v2\/users\/1"}],"replies":[{"embeddable":true,"href":"https:\/\/www.wagnerundteam.de\/psychotherapie\/wp-json\/wp\/v2\/comments?post=26"}],"version-history":[{"count":1,"href":"https:\/\/www.wagnerundteam.de\/psychotherapie\/wp-json\/wp\/v2\/pages\/26\/revisions"}],"predecessor-version":[{"id":27,"href":"https:\/\/www.wagnerundteam.de\/psychotherapie\/wp-json\/wp\/v2\/pages\/26\/revisions\/27"}],"wp:attachment":[{"href":"https:\/\/www.wagnerundteam.de\/psychotherapie\/wp-json\/wp\/v2\/media?parent=26"}],"curies":[{"name":"wp","href":"https:\/\/api.w.org\/{rel}","templated":true}]}}